{"id":7,"date":"2020-07-26T11:12:18","date_gmt":"2020-07-26T11:12:18","guid":{"rendered":"http:\/\/theme-stall.com\/crowdpress\/demos\/donation-failed\/"},"modified":"2020-07-26T11:12:18","modified_gmt":"2020-07-26T11:12:18","slug":"donation-failed","status":"publish","type":"page","link":"https:\/\/acfodp.ca\/fr\/donation-failed\/","title":{"rendered":"\u00c9chec du don"},"content":{"rendered":"<p>Nous sommes d\u00e9sol\u00e9s, votre don n&#039;a pas pu \u00eatre trait\u00e9. Veuillez r\u00e9essayer ou contacter l&#039;assistance du site.<\/p>","protected":false},"excerpt":{"rendered":"<p>Nous sommes d\u00e9sol\u00e9s, votre don n&#039;a pas pu \u00eatre trait\u00e9. Veuillez r\u00e9essayer<\/p>\n<div class=\"read-more-wrapper\"><a class=\"more-link read-more-link\" href=\"https:\/\/acfodp.ca\/fr\/donation-failed\/\"><i class=\"fal fa-arrow-right\"><\/i>Lire la suite<\/a><\/div>","protected":false},"author":1,"featured_media":0,"parent":0,"menu_order":0,"comment_status":"closed","ping_status":"closed","template":"","meta":{"give_campaign_id":0,"inline_featured_image":false,"footnotes":""},"class_list":["post-7","page","type-page","status-publish","hentry"],"campaignId":"","_links":{"self":[{"href":"https:\/\/acfodp.ca\/fr\/wp-json\/wp\/v2\/pages\/7","targetHints":{"allow":["GET"]}}],"collection":[{"href":"https:\/\/acfodp.ca\/fr\/wp-json\/wp\/v2\/pages"}],"about":[{"href":"https:\/\/acfodp.ca\/fr\/wp-json\/wp\/v2\/types\/page"}],"author":[{"embeddable":true,"href":"https:\/\/acfodp.ca\/fr\/wp-json\/wp\/v2\/users\/1"}],"replies":[{"embeddable":true,"href":"https:\/\/acfodp.ca\/fr\/wp-json\/wp\/v2\/comments?post=7"}],"version-history":[{"count":0,"href":"https:\/\/acfodp.ca\/fr\/wp-json\/wp\/v2\/pages\/7\/revisions"}],"wp:attachment":[{"href":"https:\/\/acfodp.ca\/fr\/wp-json\/wp\/v2\/media?parent=7"}],"curies":[{"name":"wp","href":"https:\/\/api.w.org\/{rel}","templated":true}]}}