{"id":2319,"date":"2024-08-23T08:32:18","date_gmt":"2024-08-23T12:32:18","guid":{"rendered":"https:\/\/acfodp.ca\/?page_id=2319"},"modified":"2024-08-23T08:33:21","modified_gmt":"2024-08-23T12:33:21","slug":"become-a-member","status":"publish","type":"page","link":"https:\/\/acfodp.ca\/fr\/become-a-member\/","title":{"rendered":"Devenir Membre"},"content":{"rendered":"\t\t<div data-elementor-type=\"wp-page\" data-elementor-id=\"2319\" class=\"elementor elementor-2319\" data-elementor-post-type=\"page\">\n\t\t\t\t\t\t<section class=\"elementor-section elementor-top-section elementor-element elementor-element-0ae6526 elementor-section-boxed elementor-section-height-default elementor-section-height-default\" data-id=\"0ae6526\" data-element_type=\"section\" data-e-type=\"section\">\n\t\t\t\t\t\t<div class=\"elementor-container elementor-column-gap-default\">\n\t\t\t\t\t<div class=\"elementor-column elementor-col-100 elementor-top-column elementor-element elementor-element-f552337\" data-id=\"f552337\" data-element_type=\"column\" data-e-type=\"column\" data-settings=\"{&quot;background_background&quot;:&quot;classic&quot;}\">\n\t\t\t<div class=\"elementor-widget-wrap elementor-element-populated\">\n\t\t\t\t\t\t<div class=\"elementor-element elementor-element-6b5cd83 elementor-widget elementor-widget-formidable\" data-id=\"6b5cd83\" data-element_type=\"widget\" data-e-type=\"widget\" data-widget_type=\"formidable.default\">\n\t\t\t\t<div class=\"elementor-widget-container\">\n\t\t\t\t\t<div class=\"frm_forms  with_frm_style frm_style_style-formidable\" id=\"frm_form_2_container\" data-token=\"ad60250106de5e9abfc810ef70309a33\">\n<form enctype=\"multipart\/form-data\" method=\"post\" class=\"frm-show-form \" id=\"form_demandedadhisontitredemembredelacfo-dp\" data-token=\"ad60250106de5e9abfc810ef70309a33\">\n<div class=\"frm_form_fields \">\n<fieldset>\n<legend class=\"frm_screen_reader\">DEMANDE D'ADH\u00c9SION \u00c0 TITRE DE MEMBRE DE L'ACFO-DP<\/legend>\r\n<h3 class=\"frm_form_title\">DEMANDE D'ADH\u00c9SION \u00c0 TITRE DE MEMBRE DE L'ACFO-DP<\/h3>\r\n<div class=\"frm_description\"><p>Vous parlez fran\u00e7ais et habitez dans la r\u00e9gion de Durham-Peterborough?<br \/>\nVous \u00eates un organisme francophone dans la r\u00e9gion de Durham-Peterborough?<br \/>\nRemplissez le formulaire ci-dessous pour devenir membre de votre ACFO r\u00e9gionale et restez toujours inform\u00e9(e) avec l'ACFO-Durham Peterborough!<\/p>\n<\/div><div class=\"frm_fields_container\">\n<input type=\"hidden\" name=\"frm_action\" value=\"create\" \/>\n<input type=\"hidden\" name=\"form_id\" value=\"2\" \/>\n<input type=\"hidden\" name=\"frm_hide_fields_2\" id=\"frm_hide_fields_2\" value=\"\" \/>\n<input type=\"hidden\" name=\"form_key\" value=\"demandedadhisontitredemembredelacfo-dp\" \/>\n<input type=\"hidden\" name=\"item_meta[0]\" value=\"\" \/>\n<input type=\"hidden\" id=\"frm_submit_entry_2\" name=\"frm_submit_entry_2\" value=\"699f4f4630\" \/><input type=\"hidden\" name=\"_wp_http_referer\" value=\"\/fr\/wp-json\/wp\/v2\/pages\/2319\" \/><div id=\"frm_field_7_container\" class=\"frm_form_field form-field  frm_required_field frm_top_container\">\r\n    <div  id=\"field_8xkyc_label\" class=\"frm_primary_label\">Noms\r\n        <span class=\"frm_required\" aria-hidden=\"true\">*<\/span>\r\n    <\/div>\r\n    <fieldset aria-labelledby=\"field_8xkyc_label\">\n\t<legend class=\"frm_screen_reader frm_hidden\">\n\t\tNoms\t<\/legend>\n\n\t<div  class=\"frm_combo_inputs_container\" id=\"frm_combo_inputs_container_7\" data-name-layout=\"first_last\">\n\t\t\t\t\t<div\n\t\t\t\tid=\"frm_field_7-first_container\"\n\t\t\t\tclass=\"frm_form_field form-field frm_form_subfield-first  frm6\"\n\t\t\t\tdata-sub-field-name=\"first\"\n\t\t\t>\n\t\t\t\t<label for=\"field_8xkyc_first\" class=\"frm_screen_reader frm_hidden\">\n\t\t\t\t\tPr\u00e9nom(s)\t\t\t\t<\/label>\n\n\t\t\t\t<input  type=\"text\" id=\"field_8xkyc_first\" value=\"\" name=\"item_meta[7][first]\" autocomplete=\"given-name\" data-reqmsg=\"Noms cannot be blank.\" aria-required=\"true\" data-invmsg=\"Noms is invalid\" aria-invalid=\"false\"  \/><div class=\"frm_description\" id=\"frm_field_7_first_desc\">Pr\u00e9nom(s)<\/div>\t\t\t<\/div>\n\t\t\t\t\t\t<div\n\t\t\t\tid=\"frm_field_7-last_container\"\n\t\t\t\tclass=\"frm_form_field form-field frm_form_subfield-last  frm6\"\n\t\t\t\tdata-sub-field-name=\"last\"\n\t\t\t>\n\t\t\t\t<label for=\"field_8xkyc_last\" class=\"frm_screen_reader frm_hidden\">\n\t\t\t\t\tNom(s)\t\t\t\t<\/label>\n\n\t\t\t\t<input  type=\"text\" id=\"field_8xkyc_last\" value=\"\" name=\"item_meta[7][last]\" autocomplete=\"family-name\" data-reqmsg=\"Noms cannot be blank.\" aria-required=\"true\" data-invmsg=\"Noms is invalid\" aria-invalid=\"false\"  \/><div class=\"frm_description\" id=\"frm_field_7_last_desc\">Nom(s)<\/div>\t\t\t<\/div>\n\t\t\t\t<\/div>\n<\/fieldset>\n\r\n    \r\n    \r\n<\/div>\n<div id=\"frm_field_8_container\" class=\"frm_form_field  frm_html_container form-field\">\n<h4>ADRESSE<\/h4>\n<hr>\n<\/div>\n<div id=\"frm_field_9_container\" class=\"frm_form_field form-field  frm_required_field frm_top_container frm6 frm_first\">\r\n    <label for=\"field_a4bvh\" id=\"field_a4bvh_label\" class=\"frm_primary_label\">Num\u00e9ro et nom de rue\r\n        <span class=\"frm_required\" aria-hidden=\"true\">*<\/span>\r\n    <\/label>\r\n    <input type=\"text\" id=\"field_a4bvh\" name=\"item_meta[9]\" value=\"\"  data-reqmsg=\"Num\u00e9ro et nom de rue cannot be blank.\" aria-required=\"true\" data-invmsg=\"texte est non valide\" aria-invalid=\"false\"  \/>\r\n    \r\n    \r\n<\/div>\n<div id=\"frm_field_10_container\" class=\"frm_form_field form-field  frm_top_container frm6\">\r\n    <label for=\"field_hoffy\" id=\"field_hoffy_label\" class=\"frm_primary_label\">Ville\r\n        <span class=\"frm_required\" aria-hidden=\"true\"><\/span>\r\n    <\/label>\r\n    <input type=\"text\" id=\"field_hoffy\" name=\"item_meta[10]\" value=\"\"  data-invmsg=\"texte est non valide\" aria-invalid=\"false\"  \/>\r\n    \r\n    \r\n<\/div>\n<div id=\"frm_field_13_container\" class=\"frm_form_field form-field  frm_required_field frm_top_container frm_two_thirds\">\r\n    <label for=\"field_evm5i\" id=\"field_evm5i_label\" class=\"frm_primary_label\">Province\r\n        <span class=\"frm_required\" aria-hidden=\"true\">*<\/span>\r\n    <\/label>\r\n    \t\t<select name=\"item_meta[13]\" id=\"field_evm5i\"  data-reqmsg=\"Province cannot be blank.\" aria-required=\"true\" data-invmsg=\"Province is invalid\" aria-invalid=\"false\"  >\n\t\t<option  value=\"Alberta\">Alberta<\/option><option  value=\"British Columbia\">British Columbia<\/option><option  value=\"Manitoba\">Manitoba<\/option><option  value=\"New Brunswick\">New Brunswick<\/option><option  value=\"Newfoundland and Labrador\">Newfoundland and Labrador<\/option><option  value=\"Northwest Territories\">Northwest Territories<\/option><option  value=\"Nova Scotia\">Nova Scotia<\/option><option  value=\"Nunavut\">Nunavut<\/option><option  value=\"Ontario\">Ontario<\/option><option  value=\"Prince Edward Island\">Prince Edward Island<\/option><option  value=\"Quebec\">Quebec<\/option><option  value=\"Saskatchewan\">Saskatchewan<\/option><option  value=\"Yukon\">Yukon<\/option>\t<\/select>\n\t\r\n    \r\n    \r\n<\/div>\n<div id=\"frm_field_11_container\" class=\"frm_form_field form-field  frm_required_field frm_top_container frm6 frm_third\">\r\n    <label for=\"field_ecrrh\" id=\"field_ecrrh_label\" class=\"frm_primary_label\">Code Postal\r\n        <span class=\"frm_required\" aria-hidden=\"true\">*<\/span>\r\n    <\/label>\r\n    <input type=\"text\" id=\"field_ecrrh\" name=\"item_meta[11]\" value=\"\"  maxlength=\"6\" data-reqmsg=\"Code Postal cannot be blank.\" aria-required=\"true\" data-invmsg=\"texte est non valide\" aria-invalid=\"false\" pattern=\"[a-zA-Z]\\d[a-zA-Z]\\d[a-zA-Z]\\d$\"  \/>\r\n    \r\n    \r\n<\/div>\n<div id=\"frm_field_14_container\" class=\"frm_form_field  frm_html_container form-field\">\n<h4>VOTRE CONTACT<\/h4>\n<hr \/>\n<\/div>\n<div id=\"frm_field_16_container\" class=\"frm_form_field form-field  frm_required_field frm_top_container frm6 frm_first\">\r\n    <label for=\"field_f4l82\" id=\"field_f4l82_label\" class=\"frm_primary_label\">Email\r\n        <span class=\"frm_required\" aria-hidden=\"true\">*<\/span>\r\n    <\/label>\r\n    <input type=\"email\" id=\"field_f4l82\" name=\"item_meta[16]\" value=\"\"  data-reqmsg=\"Email cannot be blank.\" aria-required=\"true\" data-invmsg=\"Email est non valide\" aria-invalid=\"false\"  \/>\r\n    \r\n    \r\n<\/div>\n<div id=\"frm_field_15_container\" class=\"frm_form_field form-field  frm_required_field frm_top_container frm6\">\r\n    <label for=\"field_d2q4d\" id=\"field_d2q4d_label\" class=\"frm_primary_label\">T\u00e9l\u00e9phone\r\n        <span class=\"frm_required\" aria-hidden=\"true\">*<\/span>\r\n    <\/label>\r\n    <input type=\"tel\" id=\"field_d2q4d\" name=\"item_meta[15]\" value=\"\"  data-reqmsg=\"T\u00e9l\u00e9phone cannot be blank.\" aria-required=\"true\" data-invmsg=\"T\u00e9l\u00e9phone est non valide\" aria-invalid=\"false\" pattern=\"((\\+\\d{1,3}(-|.| )?\\(?\\d\\)?(-| |.)?\\d{1,5})|(\\(?\\d{2,6}\\)?))(-|.| )?(\\d{3,4})(-|.| )?(\\d{4})(( x| ext)\\d{1,5}){0,1}$\"  \/>\r\n    \r\n    \r\n<\/div>\n<div id=\"frm_field_17_container\" class=\"frm_form_field form-field  frm_top_container vertical_radio\">\r\n    <div  id=\"field_7psxu_label\" class=\"frm_primary_label\">Je souhaite recevoir des nouvelles de l'ACFO-DP par courriel\r\n        <span class=\"frm_required\" aria-hidden=\"true\"><\/span>\r\n    <\/div>\r\n    <div class=\"frm_opt_container\" aria-labelledby=\"field_7psxu_label\" role=\"radiogroup\">\t\t<div class=\"frm_radio\" id=\"frm_radio_17-0\">\t\t\t<label  for=\"field_7psxu-0\">\n\t\t\t\t\t<input type=\"radio\" name=\"item_meta[17]\" id=\"field_7psxu-0\" value=\"Oui\"\n\t\t data-invmsg=\"Je souhaite recevoir des nouvelles de l&#039;ACFO-DP par courriel is invalid\"   \/> Oui<\/label><\/div>\n\t\t<div class=\"frm_radio\" id=\"frm_radio_17-1\">\t\t\t<label  for=\"field_7psxu-1\">\n\t\t\t\t\t<input type=\"radio\" name=\"item_meta[17]\" id=\"field_7psxu-1\" value=\"Non\"\n\t\t data-invmsg=\"Je souhaite recevoir des nouvelles de l&#039;ACFO-DP par courriel is invalid\"   \/> Non<\/label><\/div>\n<\/div>\r\n    \r\n    \r\n<\/div>\n<div id=\"frm_field_18_container\" class=\"frm_form_field  frm_html_container form-field\">\n<h4>TYPE DE MEMBRI\u00c9T\u00c9<\/h4>\n<hr \/>\n<\/div>\n<div id=\"frm_field_19_container\" class=\"frm_form_field  frm6 frm_first frm_html_container form-field\">\n<h5>Membre Individuel:<\/h5>\n<div class=\"Qr7Oae\" role=\"listitem\">\n<div class=\"OxAavc JPPuWb\" data-item-id=\"109706122\">\n<div class=\"spb5Rd OIC90c\">\nTout individu int\u00e9ress\u00e9 \u00e0 l\u2019ACFO-DP qui :<br \/>\na. Est francophone ou francophile;<br \/>\nb. Adh\u00e8re \u00e0 la mission de l\u2019ACFO-DP,<br \/>\nc. Est citoyen Canadien ou r\u00e9sident permanent au Canada, et,<br \/>\nd. R\u00e9side dans la r\u00e9gion de Durham\/Peterborough.<br \/>\nLa cotisation pour un membre individuel est gratuite.<br \/>\nLors d\u2019une Assembl\u00e9e G\u00e9n\u00e9rale, un membre individuel a droit de parole et de vote. Dans le<br \/>\ncadre d\u2019\u00e9lections, le membre individuel a droit \u00e0 un (1) vote.\n<\/div>\n<\/div>\n<\/div>\n<hr \/>\n<\/div>\n<div id=\"frm_field_20_container\" class=\"frm_form_field  frm6 frm_html_container form-field\">\n<div class=\"Qr7Oae\" role=\"listitem\">\n<div class=\"OxAavc JPPuWb\" data-item-id=\"109706122\">\n<h5 class=\"meSK8 M7eMe\" role=\"heading\" aria-level=\"2\">Membre Organisationnel:<\/h5>\n<div class=\"spb5Rd OIC90c\">\nTout organisme ou association \u00e0 but non lucratif qui \u0153uvre en fran\u00e7ais dans la r\u00e9gion de<br \/>\nDurham\/Peterborough, qui contribue au d\u00e9veloppement et \u00e0 l\u2019\u00e9panouissement de la<br \/>\nfrancophonie et qui adh\u00e8re \u00e0 la mission de l\u2019ACFO-DP est admissible \u00e0 d\u00e9poser une demande<br \/>\nd\u2019adh\u00e9sion aupr\u00e8s du Conseil d\u2019administration selon le formulaire prescrit.<br \/>\nLa cotisation pour un membre organisationnel est gratuite.<br \/>\nLors d\u2019une Assembl\u00e9e g\u00e9n\u00e9rale, le d\u00e9l\u00e9gu\u00e9-mandataire du membre organisationnel a droit<br \/>\nde parole et de vote. Dans le cadre d\u2019\u00e9lections, le membre individuel a droit \u00e0 un (1) vote.\n<\/div>\n<\/div>\n<\/div>\n<hr \/>\n<\/div>\n<div id=\"frm_field_21_container\" class=\"frm_form_field form-field  frm_required_field frm_top_container vertical_radio\">\r\n    <div  id=\"field_fqdpl_label\" class=\"frm_primary_label\">Choisissez votre type de membri\u00e9t\u00e9\r\n        <span class=\"frm_required\" aria-hidden=\"true\">*<\/span>\r\n    <\/div>\r\n    <div class=\"frm_opt_container\" aria-labelledby=\"field_fqdpl_label\" role=\"group\">\t\t<div class=\"frm_checkbox\" id=\"frm_checkbox_21-0\">\t\t\t<label  for=\"field_fqdpl-0\">\n\t\t\t<input type=\"checkbox\" name=\"item_meta[21][]\" id=\"field_fqdpl-0\" value=\"Membre Individuel\"  data-reqmsg=\"Choisissez votre type de membri\u00e9t\u00e9 cannot be blank.\" data-invmsg=\"Choisissez votre type de membri\u00e9t\u00e9 is invalid\"   aria-required=\"true\"  \/> Membre Individuel<\/label><\/div>\n\t\t<div class=\"frm_checkbox\" id=\"frm_checkbox_21-1\">\t\t\t<label  for=\"field_fqdpl-1\">\n\t\t\t<input type=\"checkbox\" name=\"item_meta[21][]\" id=\"field_fqdpl-1\" value=\"Membre Organisationnel\"  data-reqmsg=\"Choisissez votre type de membri\u00e9t\u00e9 cannot be blank.\" data-invmsg=\"Choisissez votre type de membri\u00e9t\u00e9 is invalid\"   \/> Membre Organisationnel<\/label><\/div>\n<\/div>\r\n    \r\n    \r\n<\/div>\n\t<input type=\"hidden\" name=\"item_key\" value=\"\" \/>\n\t\t\t<div id=\"frm_field_27_container\">\n\t\t\t<label for=\"field_haf4y\" >\n\t\t\t\tIf you are human, leave this field blank.\t\t\t<\/label>\n\t\t\t<input  id=\"field_haf4y\" type=\"text\" class=\"frm_form_field form-field frm_verify\" name=\"item_meta[27]\" value=\"\"  \/>\n\t\t<\/div>\n\t\t<input name=\"frm_state\" type=\"hidden\" value=\"FgyHxhGz7B5MKL+cyELFitywpLSdDs5bELGbEMWi1Fs=\" \/><div class=\"frm_submit\">\r\n\r\n<button class=\"frm_button_submit\" type=\"submit\"  >Soumettre<\/button>\r\n\r\n\r\n<\/div><\/div>\n<\/fieldset>\n<\/div>\n\n<\/form>\n<\/div>\n\t\t\t\t<\/div>\n\t\t\t\t<\/div>\n\t\t\t\t\t<\/div>\n\t\t<\/div>\n\t\t\t\t\t<\/div>\n\t\t<\/section>\n\t\t\t\t<\/div>\n\t\t","protected":false},"excerpt":{"rendered":"<p>DEMANDE D&#8217;ADH\u00c9SION \u00c0 TITRE DE MEMBRE DE L&#8217;ACFO-DP DEMANDE D&#8217;ADH\u00c9SION<\/p>\n<div class=\"read-more-wrapper\"><a class=\"more-link read-more-link\" href=\"https:\/\/acfodp.ca\/fr\/become-a-member\/\"><i class=\"fal fa-arrow-right\"><\/i>Lire la suite<\/a><\/div>","protected":false},"author":1,"featured_media":0,"parent":0,"menu_order":0,"comment_status":"closed","ping_status":"closed","template":"elementor_header_footer","meta":{"give_campaign_id":0,"inline_featured_image":false,"footnotes":""},"class_list":["post-2319","page","type-page","status-publish","hentry"],"campaignId":"","_links":{"self":[{"href":"https:\/\/acfodp.ca\/fr\/wp-json\/wp\/v2\/pages\/2319","targetHints":{"allow":["GET"]}}],"collection":[{"href":"https:\/\/acfodp.ca\/fr\/wp-json\/wp\/v2\/pages"}],"about":[{"href":"https:\/\/acfodp.ca\/fr\/wp-json\/wp\/v2\/types\/page"}],"author":[{"embeddable":true,"href":"https:\/\/acfodp.ca\/fr\/wp-json\/wp\/v2\/users\/1"}],"replies":[{"embeddable":true,"href":"https:\/\/acfodp.ca\/fr\/wp-json\/wp\/v2\/comments?post=2319"}],"version-history":[{"count":4,"href":"https:\/\/acfodp.ca\/fr\/wp-json\/wp\/v2\/pages\/2319\/revisions"}],"predecessor-version":[{"id":2323,"href":"https:\/\/acfodp.ca\/fr\/wp-json\/wp\/v2\/pages\/2319\/revisions\/2323"}],"wp:attachment":[{"href":"https:\/\/acfodp.ca\/fr\/wp-json\/wp\/v2\/media?parent=2319"}],"curies":[{"name":"wp","href":"https:\/\/api.w.org\/{rel}","templated":true}]}}