{"id":1716,"date":"2021-11-23T21:19:12","date_gmt":"2021-11-24T02:19:12","guid":{"rendered":"http:\/\/5xk.ad3.mywebsitetransfer.com\/?page_id=1716"},"modified":"2021-11-23T21:30:43","modified_gmt":"2021-11-24T02:30:43","slug":"video-gallery","status":"publish","type":"page","link":"https:\/\/acfodp.ca\/fr\/video-gallery\/","title":{"rendered":"galerie vid\u00e9o"},"content":{"rendered":"<div data-elementor-type=\"wp-page\" data-elementor-id=\"1716\" class=\"elementor elementor-1716\" data-elementor-post-type=\"page\">\n\t\t\t\t\t\t<section class=\"elementor-section elementor-top-section elementor-element elementor-element-5b7961c elementor-section-boxed elementor-section-height-default elementor-section-height-default\" data-id=\"5b7961c\" data-element_type=\"section\" data-e-type=\"section\" data-settings=\"{&quot;background_background&quot;:&quot;gradient&quot;}\">\n\t\t\t\t\t\t<div class=\"elementor-container elementor-column-gap-default\">\n\t\t\t\t\t<div class=\"elementor-column elementor-col-100 elementor-top-column elementor-element elementor-element-0ff1668\" data-id=\"0ff1668\" data-element_type=\"column\" data-e-type=\"column\">\n\t\t\t<div class=\"elementor-widget-wrap elementor-element-populated\">\n\t\t\t\t\t\t<div class=\"elementor-element elementor-element-7578882 elementor-widget elementor-widget-shortcode\" data-id=\"7578882\" data-element_type=\"widget\" data-e-type=\"widget\" data-widget_type=\"shortcode.default\">\n\t\t\t\t<div class=\"elementor-widget-container\">\n\t\t\t\t\t\t\t<div class=\"elementor-shortcode\"><div class=\"epyt-gallery\" data-currpage=\"1\" id=\"epyt_gallery_67763\"><div class=\"epyt-video-wrapper\"><iframe  id=\"_ytid_12463\"  width=\"900\" height=\"506\"  data-origwidth=\"900\" data-origheight=\"506\"  data-relstop=\"1\" src=\"https:\/\/www.youtube.com\/embed\/jq2tgH2eETM?enablejsapi=1&autoplay=0&cc_load_policy=0&cc_lang_pref=&iv_load_policy=1&loop=0&rel=0&fs=1&playsinline=0&autohide=2&theme=dark&color=red&controls=1&disablekb=0&\" class=\"__youtube_prefs__  no-lazyload\" title=\"Lecteur YouTube\"  data-epytgalleryid=\"epyt_gallery_67763\"  allow=\"fullscreen; accelerometer; autoplay; clipboard-write; encrypted-media; gyroscope; picture-in-picture; web-share\" referrerpolicy=\"strict-origin-when-cross-origin\" allowfullscreen data-no-lazy=\"1\" data-skipgform_ajax_framebjll=\"\"><\/iframe><\/div><div class=\"epyt-gallery-list\"><div class=\"epyt-pagination\"><div tabindex=\"0\" role=\"button\" class=\"epyt-pagebutton epyt-prev  hide\" data-playlistid=\"UUInla_S72UXEfcAQPlq-wfQ\" data-pagesize=\"3\" data-pagetoken=\"\" data-epcolumns=\"3\" data-showtitle=\"1\" data-showpaging=\"1\" data-autonext=\"0\" data-thumbplay=\"1\"><div class=\"epyt-arrow\">\u00ab<\/div> <div>Pr\u00e9c\u00e9dent<\/div><\/div><div class=\"epyt-pagenumbers\"><div class=\"epyt-current\">1<\/div><div class=\"epyt-pageseparator\"> \/ <\/div><div class=\"epyt-totalpages\">4<\/div><\/div><div tabindex=\"0\" role=\"button\" class=\"epyt-pagebutton epyt-next\" data-playlistid=\"UUInla_S72UXEfcAQPlq-wfQ\" data-pagesize=\"3\" data-pagetoken=\"EAAaHlBUOkNBTWlFRFV5TVRVeVFqUTVORFpETWtZM00wWQ\" data-epcolumns=\"3\" data-showtitle=\"1\" data-showpaging=\"1\" data-autonext=\"0\" data-thumbplay=\"1\"><div>Suivant<\/div> <div class=\"epyt-arrow\">\u00bb<\/div><\/div><div class=\"epyt-loader\"><img decoding=\"async\" alt=\"loading\" width=\"16\" height=\"11\" src=\"https:\/\/acfodp.ca\/wp-content\/plugins\/youtube-embed-plus\/images\/gallery-page-loader.gif\"><\/div><\/div><div class=\"epyt-gallery-allthumbs  epyt-cols-3\"><div tabindex=\"0\" role=\"button\" data-videoid=\"jq2tgH2eETM\" class=\"epyt-gallery-thumb\"><div class=\"epyt-gallery-img-box\"><div class=\"epyt-gallery-img\" style=\"background-image: url(https:\/\/i.ytimg.com\/vi\/jq2tgH2eETM\/hqdefault.jpg)\"><div class=\"epyt-gallery-playhover\"><img decoding=\"async\" alt=\"play\" class=\"epyt-play-img\" width=\"30\" height=\"23\" src=\"https:\/\/acfodp.ca\/wp-content\/plugins\/youtube-embed-plus\/images\/playhover.png\" data-no-lazy=\"1\" data-skipgform_ajax_framebjll=\"\" \/><div class=\"epyt-gallery-playcrutch\"><\/div><\/div><\/div><\/div><div class=\"epyt-gallery-title\">Balado 3: Itin\u00e9raire d&#039;une communaut\u00e9 francophone plus diversifi\u00e9e<\/div><\/div><div tabindex=\"0\" role=\"button\" data-videoid=\"n6SRhAnpY2g\" class=\"epyt-gallery-thumb\"><div class=\"epyt-gallery-img-box\"><div class=\"epyt-gallery-img\" style=\"background-image: url(https:\/\/i.ytimg.com\/vi\/n6SRhAnpY2g\/hqdefault.jpg)\"><div class=\"epyt-gallery-playhover\"><img decoding=\"async\" alt=\"play\" class=\"epyt-play-img\" width=\"30\" height=\"23\" src=\"https:\/\/acfodp.ca\/wp-content\/plugins\/youtube-embed-plus\/images\/playhover.png\" data-no-lazy=\"1\" data-skipgform_ajax_framebjll=\"\" \/><div class=\"epyt-gallery-playcrutch\"><\/div><\/div><\/div><\/div><div class=\"epyt-gallery-title\">balado2:&quot;&quot;C\u00e9l\u00e9brer la diversit\u00e9 et l\u2019inclusion : Un engagement Communautaire&quot;<\/div><\/div><div tabindex=\"0\" role=\"button\" data-videoid=\"uKFXr0cSBEk\" class=\"epyt-gallery-thumb\"><div class=\"epyt-gallery-img-box\"><div class=\"epyt-gallery-img\" style=\"background-image: url(https:\/\/i.ytimg.com\/vi\/uKFXr0cSBEk\/hqdefault.jpg)\"><div class=\"epyt-gallery-playhover\"><img decoding=\"async\" alt=\"play\" class=\"epyt-play-img\" width=\"30\" height=\"23\" src=\"https:\/\/acfodp.ca\/wp-content\/plugins\/youtube-embed-plus\/images\/playhover.png\" data-no-lazy=\"1\" data-skipgform_ajax_framebjll=\"\" \/><div class=\"epyt-gallery-playcrutch\"><\/div><\/div><\/div><\/div><div class=\"epyt-gallery-title\">Durham-Peterborough Jeunesse connect\u00e9e :un voyage \u00e0 travers la diversit\u00e9 locale<\/div><\/div><div class=\"epyt-gallery-rowbreak\"><\/div><div class=\"epyt-gallery-clear\"><\/div><\/div><div class=\"epyt-pagination\"><div tabindex=\"0\" role=\"button\" class=\"epyt-pagebutton epyt-prev  hide\" data-playlistid=\"UUInla_S72UXEfcAQPlq-wfQ\" data-pagesize=\"3\" data-pagetoken=\"\" data-epcolumns=\"3\" data-showtitle=\"1\" data-showpaging=\"1\" data-autonext=\"0\" data-thumbplay=\"1\"><div class=\"epyt-arrow\">\u00ab<\/div> <div>Pr\u00e9c\u00e9dent<\/div><\/div><div class=\"epyt-pagenumbers\"><div class=\"epyt-current\">1<\/div><div class=\"epyt-pageseparator\"> \/ <\/div><div class=\"epyt-totalpages\">4<\/div><\/div><div tabindex=\"0\" role=\"button\" class=\"epyt-pagebutton epyt-next\" data-playlistid=\"UUInla_S72UXEfcAQPlq-wfQ\" data-pagesize=\"3\" data-pagetoken=\"EAAaHlBUOkNBTWlFRFV5TVRVeVFqUTVORFpETWtZM00wWQ\" data-epcolumns=\"3\" data-showtitle=\"1\" data-showpaging=\"1\" data-autonext=\"0\" data-thumbplay=\"1\"><div>Suivant<\/div> <div class=\"epyt-arrow\">\u00bb<\/div><\/div><div class=\"epyt-loader\"><img decoding=\"async\" alt=\"loading\" width=\"16\" height=\"11\" src=\"https:\/\/acfodp.ca\/wp-content\/plugins\/youtube-embed-plus\/images\/gallery-page-loader.gif\"><\/div><\/div><\/div><\/div><\/div>\n\t\t\t\t\t\t<\/div>\n\t\t\t\t<\/div>\n\t\t\t\t\t<\/div>\n\t\t<\/div>\n\t\t\t\t\t<\/div>\n\t\t<\/section>\n\t\t\t\t<\/div>","protected":false},"excerpt":{"rendered":"","protected":false},"author":1,"featured_media":0,"parent":0,"menu_order":0,"comment_status":"closed","ping_status":"closed","template":"elementor_header_footer","meta":{"give_campaign_id":0,"inline_featured_image":false,"footnotes":""},"class_list":["post-1716","page","type-page","status-publish","hentry"],"campaignId":"","_links":{"self":[{"href":"https:\/\/acfodp.ca\/fr\/wp-json\/wp\/v2\/pages\/1716","targetHints":{"allow":["GET"]}}],"collection":[{"href":"https:\/\/acfodp.ca\/fr\/wp-json\/wp\/v2\/pages"}],"about":[{"href":"https:\/\/acfodp.ca\/fr\/wp-json\/wp\/v2\/types\/page"}],"author":[{"embeddable":true,"href":"https:\/\/acfodp.ca\/fr\/wp-json\/wp\/v2\/users\/1"}],"replies":[{"embeddable":true,"href":"https:\/\/acfodp.ca\/fr\/wp-json\/wp\/v2\/comments?post=1716"}],"version-history":[{"count":4,"href":"https:\/\/acfodp.ca\/fr\/wp-json\/wp\/v2\/pages\/1716\/revisions"}],"predecessor-version":[{"id":1721,"href":"https:\/\/acfodp.ca\/fr\/wp-json\/wp\/v2\/pages\/1716\/revisions\/1721"}],"wp:attachment":[{"href":"https:\/\/acfodp.ca\/fr\/wp-json\/wp\/v2\/media?parent=1716"}],"curies":[{"name":"wp","href":"https:\/\/api.w.org\/{rel}","templated":true}]}}