{"id":1554,"date":"2021-11-14T11:55:27","date_gmt":"2021-11-14T16:55:27","guid":{"rendered":"http:\/\/5xk.ad3.mywebsitetransfer.com\/?page_id=1554"},"modified":"2023-09-06T10:32:34","modified_gmt":"2023-09-06T14:32:34","slug":"our-team","status":"publish","type":"page","link":"https:\/\/acfodp.ca\/fr\/our-team\/","title":{"rendered":"Notre \u00e9quipe"},"content":{"rendered":"<div data-elementor-type=\"wp-page\" data-elementor-id=\"1554\" class=\"elementor elementor-1554\" data-elementor-post-type=\"page\">\n\t\t\t\t\t\t<section class=\"elementor-section elementor-top-section elementor-element elementor-element-9485a73 elementor-section-stretched elementor-section-boxed elementor-section-height-default elementor-section-height-default\" data-id=\"9485a73\" data-element_type=\"section\" data-e-type=\"section\" data-settings=\"{&quot;stretch_section&quot;:&quot;section-stretched&quot;,&quot;background_background&quot;:&quot;classic&quot;}\">\n\t\t\t\t\t\t<div class=\"elementor-container elementor-column-gap-default\">\n\t\t\t\t\t<div class=\"elementor-column elementor-col-100 elementor-top-column elementor-element elementor-element-124d51a\" data-id=\"124d51a\" data-element_type=\"column\" data-e-type=\"column\" data-settings=\"{&quot;background_background&quot;:&quot;classic&quot;}\">\n\t\t\t<div class=\"elementor-widget-wrap elementor-element-populated\">\n\t\t\t\t\t\t<div class=\"elementor-element elementor-element-2c42366 elementor-widget elementor-widget-heading\" data-id=\"2c42366\" data-element_type=\"widget\" data-e-type=\"widget\" data-widget_type=\"heading.default\">\n\t\t\t\t<div class=\"elementor-widget-container\">\n\t\t\t\t\t<h2 class=\"elementor-heading-title elementor-size-default\">Conseil Ex\u00e9cutif<\/h2>\t\t\t\t<\/div>\n\t\t\t\t<\/div>\n\t\t\t\t\t<\/div>\n\t\t<\/div>\n\t\t\t\t\t<\/div>\n\t\t<\/section>\n\t\t\t\t<section class=\"elementor-section elementor-top-section elementor-element elementor-element-87f2fee elementor-section-stretched elementor-section-full_width elementor-section-height-default elementor-section-height-default\" data-id=\"87f2fee\" data-element_type=\"section\" data-e-type=\"section\" data-settings=\"{&quot;stretch_section&quot;:&quot;section-stretched&quot;,&quot;background_background&quot;:&quot;classic&quot;}\">\n\t\t\t\t\t\t<div class=\"elementor-container elementor-column-gap-default\">\n\t\t\t\t\t<div class=\"elementor-column elementor-col-25 elementor-top-column elementor-element elementor-element-b3272c5\" data-id=\"b3272c5\" data-element_type=\"column\" data-e-type=\"column\">\n\t\t\t<div class=\"elementor-widget-wrap elementor-element-populated\">\n\t\t\t\t\t\t<div class=\"elementor-element elementor-element-8260b8c elementor-widget elementor-widget-crowdpress-team\" data-id=\"8260b8c\" data-element_type=\"widget\" data-e-type=\"widget\" data-widget_type=\"crowdpress-team.default\">\n\t\t\t\t<div class=\"elementor-widget-container\">\n\t\t\t\t\t        <div class=\"team-content\">\r\n        \t            <img decoding=\"async\" src=\"http:\/\/acfodp.ca\/wp-content\/uploads\/2021\/11\/IMG_0074_edited.webp\" alt=\"Achille Fossi\" \/>\r\n                    \t<div class=\"team-name\">\r\n            \t                <span><i aria-hidden=\"true\" class=\"fas fa-star\"><\/i><\/span>\r\n                <ul class=\"team-social-icons\">           \r\n                                                    \r\n                                <\/ul>\r\n                                        \t\r\n            \t                <p>Pr\u00e9sident<\/p>\r\n                                \r\n                                <h5>Achille Fossi<\/h5>\r\n                                \r\n            <\/div> \r\n        <\/div>\r\n\t\t\t\t\t\t<\/div>\n\t\t\t\t<\/div>\n\t\t\t\t\t<\/div>\n\t\t<\/div>\n\t\t\t\t<div class=\"elementor-column elementor-col-25 elementor-top-column elementor-element elementor-element-4c297c3\" data-id=\"4c297c3\" data-element_type=\"column\" data-e-type=\"column\">\n\t\t\t<div class=\"elementor-widget-wrap elementor-element-populated\">\n\t\t\t\t\t\t<div class=\"elementor-element elementor-element-56e1a0f elementor-widget elementor-widget-crowdpress-team\" data-id=\"56e1a0f\" data-element_type=\"widget\" data-e-type=\"widget\" data-widget_type=\"crowdpress-team.default\">\n\t\t\t\t<div class=\"elementor-widget-container\">\n\t\t\t\t\t        <div class=\"team-content\">\r\n        \t            <img decoding=\"async\" src=\"https:\/\/acfodp.ca\/wp-content\/uploads\/2022\/06\/Rachel-Brunet3.jpg\" alt=\"Rachel Brunet\" \/>\r\n                    \t<div class=\"team-name\">\r\n            \t                <span><i aria-hidden=\"true\" class=\"fas fa-star\"><\/i><\/span>\r\n                <ul class=\"team-social-icons\">           \r\n                                                    \r\n                                <\/ul>\r\n                                        \t\r\n            \t                <p>Vice pr\u00e9sidente<\/p>\r\n                                \r\n                                <h5>Rachel Brunet<\/h5>\r\n                                \r\n            <\/div> \r\n        <\/div>\r\n\t\t\t\t\t\t<\/div>\n\t\t\t\t<\/div>\n\t\t\t\t\t<\/div>\n\t\t<\/div>\n\t\t\t\t<div class=\"elementor-column elementor-col-25 elementor-top-column elementor-element elementor-element-68805d3\" data-id=\"68805d3\" data-element_type=\"column\" data-e-type=\"column\">\n\t\t\t<div class=\"elementor-widget-wrap elementor-element-populated\">\n\t\t\t\t\t\t<div class=\"elementor-element elementor-element-73c6ed7 elementor-widget elementor-widget-crowdpress-team\" data-id=\"73c6ed7\" data-element_type=\"widget\" data-e-type=\"widget\" data-widget_type=\"crowdpress-team.default\">\n\t\t\t\t<div class=\"elementor-widget-container\">\n\t\t\t\t\t        <div class=\"team-content\">\r\n        \t            <img decoding=\"async\" src=\"http:\/\/acfodp.ca\/wp-content\/uploads\/2021\/11\/fredreric_edited.webp\" alt=\"Fr\u00e9d\u00e9ric Ngan Simb\" \/>\r\n                    \t<div class=\"team-name\">\r\n            \t                <span><i aria-hidden=\"true\" class=\"fas fa-star\"><\/i><\/span>\r\n                <ul class=\"team-social-icons\">           \r\n                                                    \r\n                                <\/ul>\r\n                                        \t\r\n            \t                <p>Tr\u00e9sorier<\/p>\r\n                                \r\n                                <h5>Frederic Ngan Simb<\/h5>\r\n                                \r\n            <\/div> \r\n        <\/div>\r\n\t\t\t\t\t\t<\/div>\n\t\t\t\t<\/div>\n\t\t\t\t\t<\/div>\n\t\t<\/div>\n\t\t\t\t<div class=\"elementor-column elementor-col-25 elementor-top-column elementor-element elementor-element-a4574b3\" data-id=\"a4574b3\" data-element_type=\"column\" data-e-type=\"column\">\n\t\t\t<div class=\"elementor-widget-wrap elementor-element-populated\">\n\t\t\t\t\t\t<div class=\"elementor-element elementor-element-339052a elementor-widget elementor-widget-crowdpress-team\" data-id=\"339052a\" data-element_type=\"widget\" data-e-type=\"widget\" data-widget_type=\"crowdpress-team.default\">\n\t\t\t\t<div class=\"elementor-widget-container\">\n\t\t\t\t\t        <div class=\"team-content\">\r\n        \t            <img decoding=\"async\" src=\"https:\/\/acfodp.ca\/wp-content\/uploads\/2023\/09\/Janice-Mbaingo2.png\" alt=\"Janice Mbaingo\" \/>\r\n                    \t<div class=\"team-name\">\r\n            \t                <span><i aria-hidden=\"true\" class=\"fas fa-star\"><\/i><\/span>\r\n                <ul class=\"team-social-icons\">           \r\n                                                    \r\n                                <\/ul>\r\n                                        \t\r\n            \t                <p>Secr\u00e9taire<\/p>\r\n                                \r\n                                <h5>Janice Mbaingo<\/h5>\r\n                                \r\n            <\/div> \r\n        <\/div>\r\n\t\t\t\t\t\t<\/div>\n\t\t\t\t<\/div>\n\t\t\t\t\t<\/div>\n\t\t<\/div>\n\t\t\t\t\t<\/div>\n\t\t<\/section>\n\t\t\t\t<section class=\"elementor-section elementor-top-section elementor-element elementor-element-2f3ac45 elementor-section-stretched elementor-section-full_width elementor-section-height-default elementor-section-height-default\" data-id=\"2f3ac45\" data-element_type=\"section\" data-e-type=\"section\" data-settings=\"{&quot;stretch_section&quot;:&quot;section-stretched&quot;,&quot;background_background&quot;:&quot;classic&quot;}\">\n\t\t\t\t\t\t<div class=\"elementor-container elementor-column-gap-default\">\n\t\t\t\t\t<div class=\"elementor-column elementor-col-100 elementor-top-column elementor-element elementor-element-e410dc5\" data-id=\"e410dc5\" data-element_type=\"column\" data-e-type=\"column\">\n\t\t\t<div class=\"elementor-widget-wrap elementor-element-populated\">\n\t\t\t\t\t\t<div class=\"elementor-element elementor-element-41536fd elementor-widget elementor-widget-heading\" data-id=\"41536fd\" data-element_type=\"widget\" data-e-type=\"widget\" data-widget_type=\"heading.default\">\n\t\t\t\t<div class=\"elementor-widget-container\">\n\t\t\t\t\t<h2 class=\"elementor-heading-title elementor-size-default\">Postes de Direction<\/h2>\t\t\t\t<\/div>\n\t\t\t\t<\/div>\n\t\t\t\t\t<\/div>\n\t\t<\/div>\n\t\t\t\t\t<\/div>\n\t\t<\/section>\n\t\t\t\t<section class=\"elementor-section elementor-top-section elementor-element elementor-element-25bdd5d elementor-section-stretched elementor-section-boxed elementor-section-height-default elementor-section-height-default\" data-id=\"25bdd5d\" data-element_type=\"section\" data-e-type=\"section\" data-settings=\"{&quot;stretch_section&quot;:&quot;section-stretched&quot;,&quot;background_background&quot;:&quot;classic&quot;}\">\n\t\t\t\t\t\t<div class=\"elementor-container elementor-column-gap-default\">\n\t\t\t\t\t<div class=\"elementor-column elementor-col-33 elementor-top-column elementor-element elementor-element-4b5851c\" data-id=\"4b5851c\" data-element_type=\"column\" data-e-type=\"column\">\n\t\t\t<div class=\"elementor-widget-wrap elementor-element-populated\">\n\t\t\t\t\t\t<div class=\"elementor-element elementor-element-8bc3d1c elementor-widget elementor-widget-crowdpress-team\" data-id=\"8bc3d1c\" data-element_type=\"widget\" data-e-type=\"widget\" data-widget_type=\"crowdpress-team.default\">\n\t\t\t\t<div class=\"elementor-widget-container\">\n\t\t\t\t\t        <div class=\"team-content\">\r\n        \t            <img decoding=\"async\" src=\"https:\/\/acfodp.ca\/wp-content\/uploads\/2023\/09\/FRANCOIS-KITENGE-KOLOMONI.png\" alt=\"Francois Kitengue Kolomoni\" \/>\r\n                    \t<div class=\"team-name\">\r\n            \t                <span><i aria-hidden=\"true\" class=\"fas fa-star\"><\/i><\/span>\r\n                <ul class=\"team-social-icons\">           \r\n                                                    \r\n                                <\/ul>\r\n                                        \t\r\n            \t                <p>Directeur<\/p>\r\n                                \r\n                                <h5>Francois Kitengue Kolomoni<\/h5>\r\n                                \r\n            <\/div> \r\n        <\/div>\r\n\t\t\t\t\t\t<\/div>\n\t\t\t\t<\/div>\n\t\t\t\t\t<\/div>\n\t\t<\/div>\n\t\t\t\t<div class=\"elementor-column elementor-col-33 elementor-top-column elementor-element elementor-element-0d075f9\" data-id=\"0d075f9\" data-element_type=\"column\" data-e-type=\"column\">\n\t\t\t<div class=\"elementor-widget-wrap elementor-element-populated\">\n\t\t\t\t\t\t<div class=\"elementor-element elementor-element-4e06379 elementor-widget elementor-widget-crowdpress-team\" data-id=\"4e06379\" data-element_type=\"widget\" data-e-type=\"widget\" data-widget_type=\"crowdpress-team.default\">\n\t\t\t\t<div class=\"elementor-widget-container\">\n\t\t\t\t\t        <div class=\"team-content\">\r\n        \t            <img decoding=\"async\" src=\"https:\/\/acfodp.ca\/wp-content\/uploads\/2023\/09\/Nikta-Nouraei.png\" alt=\"Nikta Nouraei\" \/>\r\n                    \t<div class=\"team-name\">\r\n            \t                <span><i aria-hidden=\"true\" class=\"fas fa-star\"><\/i><\/span>\r\n                <ul class=\"team-social-icons\">           \r\n                                                    \r\n                                <\/ul>\r\n                                        \t\r\n            \t                <p>Directrice<\/p>\r\n                                \r\n                                <h5>Nikta Nouraei<\/h5>\r\n                                \r\n            <\/div> \r\n        <\/div>\r\n\t\t\t\t\t\t<\/div>\n\t\t\t\t<\/div>\n\t\t\t\t\t<\/div>\n\t\t<\/div>\n\t\t\t\t<div class=\"elementor-column elementor-col-33 elementor-top-column elementor-element elementor-element-6f1aac5\" data-id=\"6f1aac5\" data-element_type=\"column\" data-e-type=\"column\">\n\t\t\t<div class=\"elementor-widget-wrap elementor-element-populated\">\n\t\t\t\t\t\t<div class=\"elementor-element elementor-element-7c9c96b elementor-widget elementor-widget-crowdpress-team\" data-id=\"7c9c96b\" data-element_type=\"widget\" data-e-type=\"widget\" data-widget_type=\"crowdpress-team.default\">\n\t\t\t\t<div class=\"elementor-widget-container\">\n\t\t\t\t\t        <div class=\"team-content\">\r\n        \t            <img decoding=\"async\" src=\"http:\/\/acfodp.ca\/wp-content\/uploads\/2021\/11\/IMG_0147.webp\" alt=\"Sylvie Landry\" \/>\r\n                    \t<div class=\"team-name\">\r\n            \t                <span><i aria-hidden=\"true\" class=\"fas fa-star\"><\/i><\/span>\r\n                <ul class=\"team-social-icons\">           \r\n                                                    \r\n                                <\/ul>\r\n                                        \t\r\n            \t                <p>Pr\u00e9sidente Sortante, CPA, CGA<\/p>\r\n                                \r\n                                <h5>Sylvie Landry<\/h5>\r\n                                \r\n            <\/div> \r\n        <\/div>\r\n\t\t\t\t\t\t<\/div>\n\t\t\t\t<\/div>\n\t\t\t\t\t<\/div>\n\t\t<\/div>\n\t\t\t\t\t<\/div>\n\t\t<\/section>\n\t\t\t\t<section class=\"elementor-section elementor-top-section elementor-element elementor-element-656e1bc elementor-section-stretched elementor-section-full_width elementor-section-height-default elementor-section-height-default\" data-id=\"656e1bc\" data-element_type=\"section\" data-e-type=\"section\" data-settings=\"{&quot;stretch_section&quot;:&quot;section-stretched&quot;,&quot;background_background&quot;:&quot;classic&quot;}\">\n\t\t\t\t\t\t<div class=\"elementor-container elementor-column-gap-default\">\n\t\t\t\t\t<div class=\"elementor-column elementor-col-100 elementor-top-column elementor-element elementor-element-cb5abf8\" data-id=\"cb5abf8\" data-element_type=\"column\" data-e-type=\"column\">\n\t\t\t<div class=\"elementor-widget-wrap elementor-element-populated\">\n\t\t\t\t\t\t<div class=\"elementor-element elementor-element-3c28352 elementor-widget elementor-widget-heading\" data-id=\"3c28352\" data-element_type=\"widget\" data-e-type=\"widget\" data-widget_type=\"heading.default\">\n\t\t\t\t<div class=\"elementor-widget-container\">\n\t\t\t\t\t<h2 class=\"elementor-heading-title elementor-size-default\">Coordination\n<\/h2>\t\t\t\t<\/div>\n\t\t\t\t<\/div>\n\t\t\t\t\t<\/div>\n\t\t<\/div>\n\t\t\t\t\t<\/div>\n\t\t<\/section>\n\t\t\t\t<section class=\"elementor-section elementor-top-section elementor-element elementor-element-c3018f7 elementor-section-stretched elementor-section-boxed elementor-section-height-default elementor-section-height-default\" data-id=\"c3018f7\" data-element_type=\"section\" data-e-type=\"section\" data-settings=\"{&quot;stretch_section&quot;:&quot;section-stretched&quot;,&quot;background_background&quot;:&quot;classic&quot;}\">\n\t\t\t\t\t\t<div class=\"elementor-container elementor-column-gap-default\">\n\t\t\t\t\t<div class=\"elementor-column elementor-col-33 elementor-top-column elementor-element elementor-element-2be2b5e\" data-id=\"2be2b5e\" data-element_type=\"column\" data-e-type=\"column\">\n\t\t\t<div class=\"elementor-widget-wrap\">\n\t\t\t\t\t\t\t<\/div>\n\t\t<\/div>\n\t\t\t\t<div class=\"elementor-column elementor-col-33 elementor-top-column elementor-element elementor-element-099a447\" data-id=\"099a447\" data-element_type=\"column\" data-e-type=\"column\">\n\t\t\t<div class=\"elementor-widget-wrap elementor-element-populated\">\n\t\t\t\t\t\t<div class=\"elementor-element elementor-element-d225923 elementor-widget elementor-widget-crowdpress-team\" data-id=\"d225923\" data-element_type=\"widget\" data-e-type=\"widget\" data-widget_type=\"crowdpress-team.default\">\n\t\t\t\t<div class=\"elementor-widget-container\">\n\t\t\t\t\t        <div class=\"team-content\">\r\n        \t            <img decoding=\"async\" src=\"http:\/\/acfodp.ca\/wp-content\/uploads\/2021\/11\/IMG_0148.webp\" alt=\"Azza Youssef\" \/>\r\n                    \t<div class=\"team-name\">\r\n            \t                <span><i aria-hidden=\"true\" class=\"fas fa-star\"><\/i><\/span>\r\n                <ul class=\"team-social-icons\">           \r\n                                                    \r\n                                <\/ul>\r\n                                        \t\r\n            \t                <p>Coordinatrice des programmes<\/p>\r\n                                \r\n                                <h5>Azza Youssef<\/h5>\r\n                                \r\n            <\/div> \r\n        <\/div>\r\n\t\t\t\t\t\t<\/div>\n\t\t\t\t<\/div>\n\t\t\t\t<div class=\"elementor-element elementor-element-36d4fc7 elementor-widget elementor-widget-text-editor\" data-id=\"36d4fc7\" data-element_type=\"widget\" data-e-type=\"widget\" data-widget_type=\"text-editor.default\">\n\t\t\t\t<div class=\"elementor-widget-container\">\n\t\t\t\t\t\t\t\t\t<p class=\"font_8\" style=\"text-align: center;\"><span style=\"color: #000000;\"><a style=\"color: #000000;\" href=\"mailto:coordination@acfodp.ca\" target=\"_self\">coordination@acfodp.ca<\/a><\/span><\/p><p class=\"font_8\" style=\"text-align: center;\">T\u00e9l. : 905-571-0826<\/p>\t\t\t\t\t\t\t\t<\/div>\n\t\t\t\t<\/div>\n\t\t\t\t\t<\/div>\n\t\t<\/div>\n\t\t\t\t<div class=\"elementor-column elementor-col-33 elementor-top-column elementor-element elementor-element-5ca7ac8\" data-id=\"5ca7ac8\" data-element_type=\"column\" data-e-type=\"column\">\n\t\t\t<div class=\"elementor-widget-wrap\">\n\t\t\t\t\t\t\t<\/div>\n\t\t<\/div>\n\t\t\t\t\t<\/div>\n\t\t<\/section>\n\t\t\t\t<section class=\"elementor-section elementor-top-section elementor-element elementor-element-370bf011 elementor-section-stretched elementor-section-boxed elementor-section-height-default elementor-section-height-default\" data-id=\"370bf011\" data-element_type=\"section\" data-e-type=\"section\" data-settings=\"{&quot;stretch_section&quot;:&quot;section-stretched&quot;,&quot;background_background&quot;:&quot;classic&quot;}\">\n\t\t\t\t\t\t<div class=\"elementor-container elementor-column-gap-default\">\n\t\t\t\t\t<div class=\"elementor-column elementor-col-50 elementor-top-column elementor-element elementor-element-3ae3aa08\" data-id=\"3ae3aa08\" data-element_type=\"column\" data-e-type=\"column\">\n\t\t\t<div class=\"elementor-widget-wrap elementor-element-populated\">\n\t\t\t\t\t\t<div class=\"elementor-element elementor-element-036dab1 elementor-widget elementor-widget-crowdpress-title\" data-id=\"036dab1\" data-element_type=\"widget\" data-e-type=\"widget\" data-widget_type=\"crowdpress-title.default\">\n\t\t\t\t<div class=\"elementor-widget-container\">\n\t\t\t\t\t        \r\n\t\t<div class=\"heading-content left border-showyes\">\r\n\t\t\t                                <span class=\"sub-title\">PR\u00c9SIDENT<\/span>\r\n                                                                <h2>Dr ACHILLE FOSSI<\/h2>\r\n                                   \r\n\t\t<\/div>\r\n    \t\t\t\t\t<\/div>\n\t\t\t\t<\/div>\n\t\t\t\t<div class=\"elementor-element elementor-element-3c397a3 elementor-widget elementor-widget-text-editor\" data-id=\"3c397a3\" data-element_type=\"widget\" data-e-type=\"widget\" data-widget_type=\"text-editor.default\">\n\t\t\t\t<div class=\"elementor-widget-container\">\n\t\t\t\t\t\t\t\t\t<p>Monsieur Achille Fossi est docteur en linguistique et enseignant de formation et de carri\u00e8re. Enseignant-chercheur, il est connu des milieux scolaires et universitaires tant au Canada qu&#039;\u00e0 l&#039;\u00e9tranger o\u00f9 il travaille depuis plus de 20 ans.<\/p><p>Son engagement pour la promotion sociale et communautaire en Ontario au cours des 10 derni\u00e8res ann\u00e9es l&#039;a amen\u00e9 \u00e0 servir \u00e0 titre de b\u00e9n\u00e9vole dans les conseils scolaires (co-pr\u00e9sidence des conseils d&#039;\u00e9coles) et sur de nombreux conseils d&#039;administration d&#039; organismes sans but lucratif.<\/p><p>Comme Pr\u00e9sident de l&#039;ACFO-DP, mon action s&#039;inscrit dans la continuit\u00e9 de celle de mes pr\u00e9d\u00e9cesseurs. Je compte travailler au rassemblement et \u00e0 l&#039;\u00e9panouissement \u00e9conomique, social et culturel de TOUS les francophones et francophiles de notre r\u00e9gion. Notre \u00e9quipe\/famille s&#039;emploiera \u00e0 stimuler des actions qui visent le renforcement de la vitalit\u00e9 de la langue et des cultures francophones dans Durham-Peterborough. \u00bb<\/p>\t\t\t\t\t\t\t\t<\/div>\n\t\t\t\t<\/div>\n\t\t\t\t\t<\/div>\n\t\t<\/div>\n\t\t\t\t<div class=\"elementor-column elementor-col-50 elementor-top-column elementor-element elementor-element-2f570cc6\" data-id=\"2f570cc6\" data-element_type=\"column\" data-e-type=\"column\" data-settings=\"{&quot;background_background&quot;:&quot;classic&quot;}\">\n\t\t\t<div class=\"elementor-widget-wrap elementor-element-populated\">\n\t\t\t\t\t\t<div class=\"elementor-element elementor-element-6513630 elementor-widget elementor-widget-image\" data-id=\"6513630\" data-element_type=\"widget\" data-e-type=\"widget\" data-widget_type=\"image.default\">\n\t\t\t\t<div class=\"elementor-widget-container\">\n\t\t\t\t\t\t\t\t\t\t\t\t\t\t\t<img fetchpriority=\"high\" decoding=\"async\" width=\"209\" height=\"281\" src=\"https:\/\/acfodp.ca\/wp-content\/uploads\/2021\/11\/achille_edited_edited.webp\" class=\"attachment-full size-full wp-image-1557\" alt=\"\" \/>\t\t\t\t\t\t\t\t\t\t\t\t\t\t\t<\/div>\n\t\t\t\t<\/div>\n\t\t\t\t\t<\/div>\n\t\t<\/div>\n\t\t\t\t\t<\/div>\n\t\t<\/section>\n\t\t\t\t<\/div>","protected":false},"excerpt":{"rendered":"<p>Conseil Ex\u00e9cutif Pr\u00e9sident Achille Fossi Vice-pr\u00e9sidente Rachel Brunet Tr\u00e9sorier Fr\u00e9d\u00e9ric<\/p>\n<div class=\"read-more-wrapper\"><a class=\"more-link read-more-link\" href=\"https:\/\/acfodp.ca\/fr\/our-team\/\"><i class=\"fal fa-arrow-right\"><\/i>Lire la suite<\/a><\/div>","protected":false},"author":1,"featured_media":0,"parent":0,"menu_order":0,"comment_status":"closed","ping_status":"closed","template":"","meta":{"give_campaign_id":0,"inline_featured_image":false,"footnotes":""},"class_list":["post-1554","page","type-page","status-publish","hentry"],"campaignId":"","_links":{"self":[{"href":"https:\/\/acfodp.ca\/fr\/wp-json\/wp\/v2\/pages\/1554","targetHints":{"allow":["GET"]}}],"collection":[{"href":"https:\/\/acfodp.ca\/fr\/wp-json\/wp\/v2\/pages"}],"about":[{"href":"https:\/\/acfodp.ca\/fr\/wp-json\/wp\/v2\/types\/page"}],"author":[{"embeddable":true,"href":"https:\/\/acfodp.ca\/fr\/wp-json\/wp\/v2\/users\/1"}],"replies":[{"embeddable":true,"href":"https:\/\/acfodp.ca\/fr\/wp-json\/wp\/v2\/comments?post=1554"}],"version-history":[{"count":50,"href":"https:\/\/acfodp.ca\/fr\/wp-json\/wp\/v2\/pages\/1554\/revisions"}],"predecessor-version":[{"id":2210,"href":"https:\/\/acfodp.ca\/fr\/wp-json\/wp\/v2\/pages\/1554\/revisions\/2210"}],"wp:attachment":[{"href":"https:\/\/acfodp.ca\/fr\/wp-json\/wp\/v2\/media?parent=1554"}],"curies":[{"name":"wp","href":"https:\/\/api.w.org\/{rel}","templated":true}]}}