{"id":1537,"date":"2021-11-14T11:14:12","date_gmt":"2021-11-14T16:14:12","guid":{"rendered":"http:\/\/5xk.ad3.mywebsitetransfer.com\/?page_id=1537"},"modified":"2021-11-27T11:39:14","modified_gmt":"2021-11-27T16:39:14","slug":"francophone-vitality-2","status":"publish","type":"page","link":"https:\/\/acfodp.ca\/fr\/activities-and-projects\/francophone-vitality-2\/","title":{"rendered":"Sant\u00e9"},"content":{"rendered":"<div data-elementor-type=\"wp-page\" data-elementor-id=\"1537\" class=\"elementor elementor-1537\" data-elementor-post-type=\"page\">\n\t\t\t\t\t\t<section class=\"elementor-section elementor-top-section elementor-element elementor-element-7512e3b9 elementor-section-full_width elementor-section-stretched elementor-section-height-default elementor-section-height-default\" data-id=\"7512e3b9\" data-element_type=\"section\" data-e-type=\"section\" data-settings=\"{&quot;stretch_section&quot;:&quot;section-stretched&quot;}\">\n\t\t\t\t\t\t<div class=\"elementor-container elementor-column-gap-default\">\n\t\t\t\t\t<div class=\"elementor-column elementor-col-50 elementor-top-column elementor-element elementor-element-66b260\" data-id=\"66b260\" data-element_type=\"column\" data-e-type=\"column\">\n\t\t\t<div class=\"elementor-widget-wrap elementor-element-populated\">\n\t\t\t\t\t\t<div class=\"elementor-element elementor-element-cd6f368 elementor-widget elementor-widget-image\" data-id=\"cd6f368\" data-element_type=\"widget\" data-e-type=\"widget\" data-widget_type=\"image.default\">\n\t\t\t\t<div class=\"elementor-widget-container\">\n\t\t\t\t\t\t\t\t\t\t\t\t\t\t\t<img fetchpriority=\"high\" decoding=\"async\" width=\"900\" height=\"536\" src=\"https:\/\/acfodp.ca\/wp-content\/uploads\/2021\/11\/5459d9_9f55b1a555ac451bb0429744af0280f1_mv2-1024x610.png\" class=\"attachment-large size-large wp-image-1793\" alt=\"\" srcset=\"https:\/\/acfodp.ca\/wp-content\/uploads\/2021\/11\/5459d9_9f55b1a555ac451bb0429744af0280f1_mv2-1024x610.png 1024w, https:\/\/acfodp.ca\/wp-content\/uploads\/2021\/11\/5459d9_9f55b1a555ac451bb0429744af0280f1_mv2-300x179.png 300w, https:\/\/acfodp.ca\/wp-content\/uploads\/2021\/11\/5459d9_9f55b1a555ac451bb0429744af0280f1_mv2-768x458.png 768w, https:\/\/acfodp.ca\/wp-content\/uploads\/2021\/11\/5459d9_9f55b1a555ac451bb0429744af0280f1_mv2-1536x916.png 1536w, https:\/\/acfodp.ca\/wp-content\/uploads\/2021\/11\/5459d9_9f55b1a555ac451bb0429744af0280f1_mv2-600x358.png 600w, https:\/\/acfodp.ca\/wp-content\/uploads\/2021\/11\/5459d9_9f55b1a555ac451bb0429744af0280f1_mv2.png 1728w\" sizes=\"(max-width: 900px) 100vw, 900px\" \/>\t\t\t\t\t\t\t\t\t\t\t\t\t\t\t<\/div>\n\t\t\t\t<\/div>\n\t\t\t\t\t<\/div>\n\t\t<\/div>\n\t\t\t\t<div class=\"elementor-column elementor-col-50 elementor-top-column elementor-element elementor-element-647b5165\" data-id=\"647b5165\" data-element_type=\"column\" data-e-type=\"column\">\n\t\t\t<div class=\"elementor-widget-wrap elementor-element-populated\">\n\t\t\t\t\t\t<div class=\"elementor-element elementor-element-2446d321 elementor-widget elementor-widget-crowdpress-title\" data-id=\"2446d321\" data-element_type=\"widget\" data-e-type=\"widget\" data-widget_type=\"crowdpress-title.default\">\n\t\t\t\t<div class=\"elementor-widget-container\">\n\t\t\t\t\t        \r\n\t\t<div class=\"heading-content left border-showyes\">\r\n\t\t\t                                <span class=\"sub-title\"> La vitalit\u00e9 francophone<\/span>\r\n                                                                <h2>Sant\u00e9<\/h2>\r\n                                   \r\n\t\t<\/div>\r\n    \t\t\t\t\t<\/div>\n\t\t\t\t<\/div>\n\t\t\t\t<div class=\"elementor-element elementor-element-5796adb6 elementor-widget elementor-widget-text-editor\" data-id=\"5796adb6\" data-element_type=\"widget\" data-e-type=\"widget\" data-widget_type=\"text-editor.default\">\n\t\t\t\t<div class=\"elementor-widget-container\">\n\t\t\t\t\t\t\t\t\t<p>Le comit\u00e9 sant\u00e9 de l&#039;ACFO-DP a pour objectif d&#039;apporter une vision \u00e0 long terme du dossier de la sant\u00e9 afin de r\u00e9pondre aux attentes et aux besoins de la communaut\u00e9 francophone et francophile de la r\u00e9gion de Durham-Peterborough.<br \/>L&#039;acc\u00e8s \u00e0 des services de sant\u00e9 de qualit\u00e9 en fran\u00e7ais a un impact direct sur la sant\u00e9 des francophones. Ainsi, ACFO-DP, consid\u00e9rons le dossier de la sant\u00e9 comme l&#039;axe vertical qui traverse nos autres axes strat\u00e9giques : jeunesse et \u00e9ducation, a\u00een\u00e9s et vitalit\u00e9 francophone.<\/p>\t\t\t\t\t\t\t\t<\/div>\n\t\t\t\t<\/div>\n\t\t\t\t\t<\/div>\n\t\t<\/div>\n\t\t\t\t\t<\/div>\n\t\t<\/section>\n\t\t\t\t<section class=\"elementor-section elementor-top-section elementor-element elementor-element-56950459 elementor-section-boxed elementor-section-height-default elementor-section-height-default\" data-id=\"56950459\" data-element_type=\"section\" data-e-type=\"section\" data-settings=\"{&quot;background_background&quot;:&quot;classic&quot;}\">\n\t\t\t\t\t\t<div class=\"elementor-container elementor-column-gap-default\">\n\t\t\t\t\t<div class=\"elementor-column elementor-col-50 elementor-top-column elementor-element elementor-element-456b0fee\" data-id=\"456b0fee\" data-element_type=\"column\" data-e-type=\"column\" data-settings=\"{&quot;background_background&quot;:&quot;classic&quot;}\">\n\t\t\t<div class=\"elementor-widget-wrap\">\n\t\t\t\t\t\t\t<\/div>\n\t\t<\/div>\n\t\t\t\t<div class=\"elementor-column elementor-col-50 elementor-top-column elementor-element elementor-element-1233cd0c\" data-id=\"1233cd0c\" data-element_type=\"column\" data-e-type=\"column\">\n\t\t\t<div class=\"elementor-widget-wrap elementor-element-populated\">\n\t\t\t\t\t\t<div class=\"elementor-element elementor-element-15edc87d elementor-widget elementor-widget-crowdpress-title\" data-id=\"15edc87d\" data-element_type=\"widget\" data-e-type=\"widget\" data-widget_type=\"crowdpress-title.default\">\n\t\t\t\t<div class=\"elementor-widget-container\">\n\t\t\t\t\t        \r\n\t\t<div class=\"heading-content left border-showyes\">\r\n\t\t\t                                                                <h2>Responsabilit\u00e9s<\/h2>\r\n                                   \r\n\t\t<\/div>\r\n    \t\t\t\t\t<\/div>\n\t\t\t\t<\/div>\n\t\t\t\t<div class=\"elementor-element elementor-element-b4121b7 elementor-icon-list--layout-traditional elementor-list-item-link-full_width elementor-widget elementor-widget-icon-list\" data-id=\"b4121b7\" data-element_type=\"widget\" data-e-type=\"widget\" data-widget_type=\"icon-list.default\">\n\t\t\t\t<div class=\"elementor-widget-container\">\n\t\t\t\t\t\t\t<ul class=\"elementor-icon-list-items\">\n\t\t\t\t\t\t\t<li class=\"elementor-icon-list-item\">\n\t\t\t\t\t\t\t\t\t\t\t<span class=\"elementor-icon-list-icon\">\n\t\t\t\t\t\t\t<i aria-hidden=\"true\" class=\"fas fa-check\"><\/i>\t\t\t\t\t\t<\/span>\n\t\t\t\t\t\t\t\t\t\t<span class=\"elementor-icon-list-text\">Mobiliser les francophones de Durham pour identifier les besoins, les priorit\u00e9s et les solutions en mati\u00e8re de sant\u00e9 en lien avec les grands axes d&#039;intervention actuels et futurs.<\/span>\n\t\t\t\t\t\t\t\t\t<\/li>\n\t\t\t\t\t\t\t\t<li class=\"elementor-icon-list-item\">\n\t\t\t\t\t\t\t\t\t\t\t<span class=\"elementor-icon-list-icon\">\n\t\t\t\t\t\t\t<i aria-hidden=\"true\" class=\"fas fa-check\"><\/i>\t\t\t\t\t\t<\/span>\n\t\t\t\t\t\t\t\t\t\t<span class=\"elementor-icon-list-text\">Fournir \u00e0 l&#039;Entit\u00e9 4 des donn\u00e9es communautaires pour prioriser les services de sant\u00e9 en fran\u00e7ais.<\/span>\n\t\t\t\t\t\t\t\t\t<\/li>\n\t\t\t\t\t\t\t\t<li class=\"elementor-icon-list-item\">\n\t\t\t\t\t\t\t\t\t\t\t<span class=\"elementor-icon-list-icon\">\n\t\t\t\t\t\t\t<i aria-hidden=\"true\" class=\"fas fa-check\"><\/i>\t\t\t\t\t\t<\/span>\n\t\t\t\t\t\t\t\t\t\t<span class=\"elementor-icon-list-text\">Soutenir l&#039;ACFO-DP en partenariat avec l&#039;Entit\u00e9 4 et le RLISS du Centre-Est dans l&#039;engagement des communaut\u00e9s francophones pour l&#039;am\u00e9lioration des services en fran\u00e7ais \u00e0 Durham et \u00e9valuer toutes les strat\u00e9gies li\u00e9es \u00e0 la sant\u00e9 et au bien-\u00eatre des francophones \u00e0 Durham<\/span>\n\t\t\t\t\t\t\t\t\t<\/li>\n\t\t\t\t\t\t<\/ul>\n\t\t\t\t\t\t<\/div>\n\t\t\t\t<\/div>\n\t\t\t\t<div class=\"elementor-element elementor-element-8e1648d elementor-widget elementor-widget-text-editor\" data-id=\"8e1648d\" data-element_type=\"widget\" data-e-type=\"widget\" data-widget_type=\"text-editor.default\">\n\t\t\t\t<div class=\"elementor-widget-container\">\n\t\t\t\t\t\t\t\t\t<p>La Table francophone de concertation en sant\u00e9 de Durham est donc le fruit d&#039;une collaboration entre l&#039;ACFO-DP, le RLISS du Centre-Est, l&#039;Entit\u00e9 4, plusieurs fournisseurs de services de sant\u00e9 et des organismes communautaires. La Table francophone de concertation en sant\u00e9 de Durham est donc une initiative importante pour la communaut\u00e9 francophone de cette r\u00e9gion. C&#039;est gr\u00e2ce \u00e0 la contribution de chacun des membres de la Table que l&#039;Entit\u00e9 4 pourra recueillir des donn\u00e9es, des informations et des suggestions sur les meilleurs moyens d&#039;am\u00e9liorer l&#039;acc\u00e8s aux services de sant\u00e9 en fran\u00e7ais. pour les francophones de la r\u00e9gion de Durham. De plus, le comit\u00e9 d\u00e9finit les priorit\u00e9s du dossier sant\u00e9 de l&#039;ACFO-DP et \u00e9tablit un plan d&#039;action pour atteindre ses objectifs, apr\u00e8s l&#039;approbation du conseil d&#039;administration.<\/p>\t\t\t\t\t\t\t\t<\/div>\n\t\t\t\t<\/div>\n\t\t\t\t\t<\/div>\n\t\t<\/div>\n\t\t\t\t\t<\/div>\n\t\t<\/section>\n\t\t\t\t<\/div>","protected":false},"excerpt":{"rendered":"<p>La vitalit\u00e9 francophone La sant\u00e9 La raison d&#039;\u00eatre de l&#039;ACFO-DP sant\u00e9<\/p>\n<div class=\"read-more-wrapper\"><a class=\"more-link read-more-link\" href=\"https:\/\/acfodp.ca\/fr\/activities-and-projects\/francophone-vitality-2\/\"><i class=\"fal fa-arrow-right\"><\/i>Lire la suite<\/a><\/div>","protected":false},"author":1,"featured_media":0,"parent":1198,"menu_order":0,"comment_status":"closed","ping_status":"closed","template":"elementor_header_footer","meta":{"give_campaign_id":0,"inline_featured_image":false,"footnotes":""},"class_list":["post-1537","page","type-page","status-publish","hentry"],"campaignId":"","_links":{"self":[{"href":"https:\/\/acfodp.ca\/fr\/wp-json\/wp\/v2\/pages\/1537","targetHints":{"allow":["GET"]}}],"collection":[{"href":"https:\/\/acfodp.ca\/fr\/wp-json\/wp\/v2\/pages"}],"about":[{"href":"https:\/\/acfodp.ca\/fr\/wp-json\/wp\/v2\/types\/page"}],"author":[{"embeddable":true,"href":"https:\/\/acfodp.ca\/fr\/wp-json\/wp\/v2\/users\/1"}],"replies":[{"embeddable":true,"href":"https:\/\/acfodp.ca\/fr\/wp-json\/wp\/v2\/comments?post=1537"}],"version-history":[{"count":29,"href":"https:\/\/acfodp.ca\/fr\/wp-json\/wp\/v2\/pages\/1537\/revisions"}],"predecessor-version":[{"id":1811,"href":"https:\/\/acfodp.ca\/fr\/wp-json\/wp\/v2\/pages\/1537\/revisions\/1811"}],"up":[{"embeddable":true,"href":"https:\/\/acfodp.ca\/fr\/wp-json\/wp\/v2\/pages\/1198"}],"wp:attachment":[{"href":"https:\/\/acfodp.ca\/fr\/wp-json\/wp\/v2\/media?parent=1537"}],"curies":[{"name":"wp","href":"https:\/\/api.w.org\/{rel}","templated":true}]}}