{"id":1526,"date":"2021-11-14T11:01:03","date_gmt":"2021-11-14T16:01:03","guid":{"rendered":"http:\/\/5xk.ad3.mywebsitetransfer.com\/?page_id=1526"},"modified":"2021-11-27T10:41:26","modified_gmt":"2021-11-27T15:41:26","slug":"our-seniors","status":"publish","type":"page","link":"https:\/\/acfodp.ca\/fr\/activities-and-projects\/our-seniors\/","title":{"rendered":"Nos a\u00een\u00e9s"},"content":{"rendered":"<div data-elementor-type=\"wp-page\" data-elementor-id=\"1526\" class=\"elementor elementor-1526\" data-elementor-post-type=\"page\">\n\t\t\t\t\t\t<section class=\"elementor-section elementor-top-section elementor-element elementor-element-343f27eb elementor-section-boxed elementor-section-height-default elementor-section-height-default\" data-id=\"343f27eb\" data-element_type=\"section\" data-e-type=\"section\">\n\t\t\t\t\t\t<div class=\"elementor-container elementor-column-gap-default\">\n\t\t\t\t\t<div class=\"elementor-column elementor-col-50 elementor-top-column elementor-element elementor-element-5d668cc0\" data-id=\"5d668cc0\" data-element_type=\"column\" data-e-type=\"column\" data-settings=\"{&quot;background_background&quot;:&quot;classic&quot;}\">\n\t\t\t<div class=\"elementor-widget-wrap\">\n\t\t\t\t\t\t\t<\/div>\n\t\t<\/div>\n\t\t\t\t<div class=\"elementor-column elementor-col-50 elementor-top-column elementor-element elementor-element-4a72c164\" data-id=\"4a72c164\" data-element_type=\"column\" data-e-type=\"column\">\n\t\t\t<div class=\"elementor-widget-wrap elementor-element-populated\">\n\t\t\t\t\t\t<div class=\"elementor-element elementor-element-2303f1ee elementor-widget elementor-widget-crowdpress-title\" data-id=\"2303f1ee\" data-element_type=\"widget\" data-e-type=\"widget\" data-widget_type=\"crowdpress-title.default\">\n\t\t\t\t<div class=\"elementor-widget-container\">\n\t\t\t\t\t        \r\n\t\t<div class=\"heading-content left border-showyes\">\r\n\t\t\t                                <span class=\"sub-title\"> La vitalit\u00e9 francophone<\/span>\r\n                                                                <h2>Nos a\u00een\u00e9s<\/h2>\r\n                                   \r\n\t\t<\/div>\r\n    \t\t\t\t\t<\/div>\n\t\t\t\t<\/div>\n\t\t\t\t<div class=\"elementor-element elementor-element-558fdc82 elementor-widget elementor-widget-text-editor\" data-id=\"558fdc82\" data-element_type=\"widget\" data-e-type=\"widget\" data-widget_type=\"text-editor.default\">\n\t\t\t\t<div class=\"elementor-widget-container\">\n\t\t\t\t\t\t\t\t\t<div id=\"comp-k6if0vvr\" class=\"_1Q9if\" data-testid=\"richTextElement\">Le monde des seniors fait face \u00e0 de nombreux d\u00e9fis notamment avec l&#039;augmentation significative de leur nombre dans la r\u00e9gion.<\/div><div id=\"comp-k6if19w3\" class=\"_1Q9if\" data-testid=\"richTextElement\"><p>L&#039;\u00e9panouissement et l&#039;implication des a\u00een\u00e9s francophones et francophiles dans la communaut\u00e9 est un axe strat\u00e9gique majeur de l&#039;ACFO-DP.\u200b<br \/>Cela implique d&#039;initier des actions et des projets qui peuvent briser leur isolement, favoriser leur bien-\u00eatre et accro\u00eetre leur collaboration pour les garder actifs et en bonne sant\u00e9.\u00a0<\/p><p>L&#039;ACFO-DP travaille en collaboration avec nos partenaires pour promouvoir les comp\u00e9tences et l&#039;expertise des a\u00een\u00e9s francophones et francophiles de notre r\u00e9gion, pour promouvoir leurs besoins afin qu&#039;ils puissent pleinement s&#039;\u00e9panouir dans leur langue et leur culture, ce qui aura un grand impact sur la vitalit\u00e9 communautaire.<\/p><\/div>\t\t\t\t\t\t\t\t<\/div>\n\t\t\t\t<\/div>\n\t\t\t\t<section class=\"elementor-section elementor-inner-section elementor-element elementor-element-2bfda9b elementor-section-boxed elementor-section-height-default elementor-section-height-default\" data-id=\"2bfda9b\" data-element_type=\"section\" data-e-type=\"section\">\n\t\t\t\t\t\t<div class=\"elementor-container elementor-column-gap-default\">\n\t\t\t\t\t<div class=\"elementor-column elementor-col-100 elementor-inner-column elementor-element elementor-element-2fb432c\" data-id=\"2fb432c\" data-element_type=\"column\" data-e-type=\"column\">\n\t\t\t<div class=\"elementor-widget-wrap elementor-element-populated\">\n\t\t\t\t\t\t<div class=\"elementor-element elementor-element-7eb0d3b6 elementor-align-center elementor-button-info elementor-widget elementor-widget-button\" data-id=\"7eb0d3b6\" data-element_type=\"widget\" data-e-type=\"widget\" data-widget_type=\"button.default\">\n\t\t\t\t<div class=\"elementor-widget-container\">\n\t\t\t\t\t\t\t\t\t<div class=\"elementor-button-wrapper\">\n\t\t\t\t\t<a class=\"elementor-button elementor-button-link elementor-size-md\" href=\"#\">\n\t\t\t\t\t\t<span class=\"elementor-button-content-wrapper\">\n\t\t\t\t\t\t<span class=\"elementor-button-icon\">\n\t\t\t\t<i aria-hidden=\"true\" class=\"fas fa-file-pdf\"><\/i>\t\t\t<\/span>\n\t\t\t\t\t\t\t\t\t<span class=\"elementor-button-text\">COVID-19 : NOUVEAU - Trousse d&#039;activit\u00e9s pour a\u00een\u00e9s<\/span>\n\t\t\t\t\t<\/span>\n\t\t\t\t\t<\/a>\n\t\t\t\t<\/div>\n\t\t\t\t\t\t\t\t<\/div>\n\t\t\t\t<\/div>\n\t\t\t\t<div class=\"elementor-element elementor-element-e854a63 elementor-align-center elementor-button-info elementor-widget elementor-widget-button\" data-id=\"e854a63\" data-element_type=\"widget\" data-e-type=\"widget\" data-widget_type=\"button.default\">\n\t\t\t\t<div class=\"elementor-widget-container\">\n\t\t\t\t\t\t\t\t\t<div class=\"elementor-button-wrapper\">\n\t\t\t\t\t<a class=\"elementor-button elementor-button-link elementor-size-md\" href=\"#\">\n\t\t\t\t\t\t<span class=\"elementor-button-content-wrapper\">\n\t\t\t\t\t\t<span class=\"elementor-button-icon\">\n\t\t\t\t<i aria-hidden=\"true\" class=\"fas fa-file-pdf\"><\/i>\t\t\t<\/span>\n\t\t\t\t\t\t\t\t\t<span class=\"elementor-button-text\">COVID-19 : NOUVEAU - GUIDE D&#039;ASSISTANCE TECHNOLOGIQUE POUR LES A\u00ceN\u00c9S<\/span>\n\t\t\t\t\t<\/span>\n\t\t\t\t\t<\/a>\n\t\t\t\t<\/div>\n\t\t\t\t\t\t\t\t<\/div>\n\t\t\t\t<\/div>\n\t\t\t\t\t<\/div>\n\t\t<\/div>\n\t\t\t\t\t<\/div>\n\t\t<\/section>\n\t\t\t\t\t<\/div>\n\t\t<\/div>\n\t\t\t\t\t<\/div>\n\t\t<\/section>\n\t\t\t\t<\/div>","protected":false},"excerpt":{"rendered":"<p>La vitalit\u00e9 francophone Nos a\u00een\u00e9s Le monde des a\u00een\u00e9s est<\/p>\n<div class=\"read-more-wrapper\"><a class=\"more-link read-more-link\" href=\"https:\/\/acfodp.ca\/fr\/activities-and-projects\/our-seniors\/\"><i class=\"fal fa-arrow-right\"><\/i>Lire la suite<\/a><\/div>","protected":false},"author":1,"featured_media":0,"parent":1198,"menu_order":0,"comment_status":"closed","ping_status":"closed","template":"elementor_header_footer","meta":{"give_campaign_id":0,"inline_featured_image":false,"footnotes":""},"class_list":["post-1526","page","type-page","status-publish","hentry"],"campaignId":"","_links":{"self":[{"href":"https:\/\/acfodp.ca\/fr\/wp-json\/wp\/v2\/pages\/1526","targetHints":{"allow":["GET"]}}],"collection":[{"href":"https:\/\/acfodp.ca\/fr\/wp-json\/wp\/v2\/pages"}],"about":[{"href":"https:\/\/acfodp.ca\/fr\/wp-json\/wp\/v2\/types\/page"}],"author":[{"embeddable":true,"href":"https:\/\/acfodp.ca\/fr\/wp-json\/wp\/v2\/users\/1"}],"replies":[{"embeddable":true,"href":"https:\/\/acfodp.ca\/fr\/wp-json\/wp\/v2\/comments?post=1526"}],"version-history":[{"count":11,"href":"https:\/\/acfodp.ca\/fr\/wp-json\/wp\/v2\/pages\/1526\/revisions"}],"predecessor-version":[{"id":1761,"href":"https:\/\/acfodp.ca\/fr\/wp-json\/wp\/v2\/pages\/1526\/revisions\/1761"}],"up":[{"embeddable":true,"href":"https:\/\/acfodp.ca\/fr\/wp-json\/wp\/v2\/pages\/1198"}],"wp:attachment":[{"href":"https:\/\/acfodp.ca\/fr\/wp-json\/wp\/v2\/media?parent=1526"}],"curies":[{"name":"wp","href":"https:\/\/api.w.org\/{rel}","templated":true}]}}