{"id":1520,"date":"2021-11-14T10:49:48","date_gmt":"2021-11-14T15:49:48","guid":{"rendered":"http:\/\/5xk.ad3.mywebsitetransfer.com\/?page_id=1520"},"modified":"2021-11-27T11:01:54","modified_gmt":"2021-11-27T16:01:54","slug":"education-youth","status":"publish","type":"page","link":"https:\/\/acfodp.ca\/fr\/activities-and-projects\/education-youth\/","title":{"rendered":"\u00c9ducation &amp; Jeunesse"},"content":{"rendered":"<div data-elementor-type=\"wp-page\" data-elementor-id=\"1520\" class=\"elementor elementor-1520\" data-elementor-post-type=\"page\">\n\t\t\t\t\t\t<section class=\"elementor-section elementor-top-section elementor-element elementor-element-7e126662 elementor-section-boxed elementor-section-height-default elementor-section-height-default\" data-id=\"7e126662\" data-element_type=\"section\" data-e-type=\"section\" data-settings=\"{&quot;background_background&quot;:&quot;classic&quot;}\">\n\t\t\t\t\t\t<div class=\"elementor-container elementor-column-gap-default\">\n\t\t\t\t\t<div class=\"elementor-column elementor-col-50 elementor-top-column elementor-element elementor-element-7f716217\" data-id=\"7f716217\" data-element_type=\"column\" data-e-type=\"column\">\n\t\t\t<div class=\"elementor-widget-wrap elementor-element-populated\">\n\t\t\t\t\t\t<div class=\"elementor-element elementor-element-4338699e elementor-widget elementor-widget-crowdpress-title\" data-id=\"4338699e\" data-element_type=\"widget\" data-e-type=\"widget\" data-widget_type=\"crowdpress-title.default\">\n\t\t\t\t<div class=\"elementor-widget-container\">\n\t\t\t\t\t        \r\n\t\t<div class=\"heading-content left border-showyes\">\r\n\t\t\t                                <span class=\"sub-title\"> La vitalit\u00e9 francophone<\/span>\r\n                                                                <h2>\u00c9ducation &amp; Jeunesse<\/h2>\r\n                                   \r\n\t\t<\/div>\r\n    \t\t\t\t\t<\/div>\n\t\t\t\t<\/div>\n\t\t\t\t<div class=\"elementor-element elementor-element-9a618a5 elementor-widget elementor-widget-text-editor\" data-id=\"9a618a5\" data-element_type=\"widget\" data-e-type=\"widget\" data-widget_type=\"text-editor.default\">\n\t\t\t\t<div class=\"elementor-widget-container\">\n\t\t\t\t\t\t\t\t\t<p class=\"font_8\">Le secret de la vitalit\u00e9 et du dynamisme de notre r\u00e9gion r\u00e9side dans la diversit\u00e9 et la jeunesse de ses habitants et avec l&#039;appui d&#039;autres organismes partenaires, nous devons nous assurer de prendre en compte leurs besoins.<\/p><p class=\"font_8\">L&#039;\u00e9ducation tient une place tr\u00e8s importante au sein de l&#039;ACFO-DP. Gr\u00e2ce \u00e0 ses partenariats avec la commission scolaire Viamonde et la commission scolaire catholique MonAvenir, L&#039;ACFO-DP travaille en \u00e9troite collaboration avec les \u00e9coles de notre r\u00e9gion en s&#039;impliquant simplement dans les diverses activit\u00e9s qui se d\u00e9roulent dans les \u00e9coles telles que la promotion de jeunes artistes, des pi\u00e8ces de th\u00e9\u00e2tre, des concours de soutien et foires scientifiques dans les \u00e9coles.\u00a0<\/p><p class=\"font_8\">De plus, nous sommes fiers d&#039;accueillir des stagiaires d&#039;\u00e9t\u00e9 et d&#039;hiver. Nous avons accueilli des \u00e9tudiants du programme de langue fran\u00e7aise de l&#039;Universit\u00e9 de Toronto et nous participons activement \u00e0 leur formation.\u00a0<\/p><p class=\"font_8\">Notre objectif est de faire en sorte que tous les francophones de la province puissent \u00e9tudier le fran\u00e7ais de la petite enfance au postsecondaire dans des \u00e9tablissements g\u00e9r\u00e9s \u00ab par et pour \u00bb la communaut\u00e9.\u00a0<\/p><p class=\"font_8\"><span class=\"wixGuard\">\u200b<\/span>Avez-vous des suggestions de projets dans vos r\u00e9seaux ou dans notre r\u00e9gion qui pourraient favoriser positivement le d\u00e9veloppement de la francophonie et de la jeunesse et de la culture francophones?<\/p>\t\t\t\t\t\t\t\t<\/div>\n\t\t\t\t<\/div>\n\t\t\t\t\t<\/div>\n\t\t<\/div>\n\t\t\t\t<div class=\"elementor-column elementor-col-50 elementor-top-column elementor-element elementor-element-3c10d03a\" data-id=\"3c10d03a\" data-element_type=\"column\" data-e-type=\"column\">\n\t\t\t<div class=\"elementor-widget-wrap elementor-element-populated\">\n\t\t\t\t\t\t<div class=\"elementor-element elementor-element-4f174f7 elementor-widget elementor-widget-image\" data-id=\"4f174f7\" data-element_type=\"widget\" data-e-type=\"widget\" data-widget_type=\"image.default\">\n\t\t\t\t<div class=\"elementor-widget-container\">\n\t\t\t\t\t\t\t\t\t\t\t\t\t\t\t<img fetchpriority=\"high\" decoding=\"async\" width=\"900\" height=\"600\" src=\"https:\/\/acfodp.ca\/wp-content\/uploads\/2021\/11\/andrew-ebrahim-zRwXf6PizEo-unsplash-1024x683.jpg\" class=\"attachment-large size-large wp-image-1764\" alt=\"\" srcset=\"https:\/\/acfodp.ca\/wp-content\/uploads\/2021\/11\/andrew-ebrahim-zRwXf6PizEo-unsplash-1024x683.jpg 1024w, https:\/\/acfodp.ca\/wp-content\/uploads\/2021\/11\/andrew-ebrahim-zRwXf6PizEo-unsplash-300x200.jpg 300w, https:\/\/acfodp.ca\/wp-content\/uploads\/2021\/11\/andrew-ebrahim-zRwXf6PizEo-unsplash-768x512.jpg 768w, https:\/\/acfodp.ca\/wp-content\/uploads\/2021\/11\/andrew-ebrahim-zRwXf6PizEo-unsplash-1536x1024.jpg 1536w, https:\/\/acfodp.ca\/wp-content\/uploads\/2021\/11\/andrew-ebrahim-zRwXf6PizEo-unsplash-2048x1365.jpg 2048w, https:\/\/acfodp.ca\/wp-content\/uploads\/2021\/11\/andrew-ebrahim-zRwXf6PizEo-unsplash-600x400.jpg 600w\" sizes=\"(max-width: 900px) 100vw, 900px\" \/>\t\t\t\t\t\t\t\t\t\t\t\t\t\t\t<\/div>\n\t\t\t\t<\/div>\n\t\t\t\t<div class=\"elementor-element elementor-element-f073064 elementor-widget elementor-widget-image\" data-id=\"f073064\" data-element_type=\"widget\" data-e-type=\"widget\" data-widget_type=\"image.default\">\n\t\t\t\t<div class=\"elementor-widget-container\">\n\t\t\t\t\t\t\t\t\t\t\t\t\t\t\t<img decoding=\"async\" width=\"1167\" height=\"1536\" src=\"https:\/\/acfodp.ca\/wp-content\/uploads\/2021\/11\/compare-fibre-e5sTz361Jzg-unsplash-scaled-e1638028668129-1167x1536.jpg\" class=\"attachment-1536x1536 size-1536x1536 wp-image-1765\" alt=\"\" srcset=\"https:\/\/acfodp.ca\/wp-content\/uploads\/2021\/11\/compare-fibre-e5sTz361Jzg-unsplash-scaled-e1638028668129-1167x1536.jpg 1167w, https:\/\/acfodp.ca\/wp-content\/uploads\/2021\/11\/compare-fibre-e5sTz361Jzg-unsplash-scaled-e1638028668129-228x300.jpg 228w, https:\/\/acfodp.ca\/wp-content\/uploads\/2021\/11\/compare-fibre-e5sTz361Jzg-unsplash-scaled-e1638028668129-778x1024.jpg 778w, https:\/\/acfodp.ca\/wp-content\/uploads\/2021\/11\/compare-fibre-e5sTz361Jzg-unsplash-scaled-e1638028668129-768x1011.jpg 768w, https:\/\/acfodp.ca\/wp-content\/uploads\/2021\/11\/compare-fibre-e5sTz361Jzg-unsplash-scaled-e1638028668129-600x790.jpg 600w, https:\/\/acfodp.ca\/wp-content\/uploads\/2021\/11\/compare-fibre-e5sTz361Jzg-unsplash-scaled-e1638028668129.jpg 1206w\" sizes=\"(max-width: 1167px) 100vw, 1167px\" \/>\t\t\t\t\t\t\t\t\t\t\t\t\t\t\t<\/div>\n\t\t\t\t<\/div>\n\t\t\t\t\t<\/div>\n\t\t<\/div>\n\t\t\t\t\t<\/div>\n\t\t<\/section>\n\t\t\t\t<\/div>","protected":false},"excerpt":{"rendered":"<p>La vitalit\u00e9 francophone \u00c9ducation &amp; Jeunesse Le secret de la<\/p>\n<div class=\"read-more-wrapper\"><a class=\"more-link read-more-link\" href=\"https:\/\/acfodp.ca\/fr\/activities-and-projects\/education-youth\/\"><i class=\"fal fa-arrow-right\"><\/i>Lire la suite<\/a><\/div>","protected":false},"author":1,"featured_media":0,"parent":1198,"menu_order":0,"comment_status":"closed","ping_status":"closed","template":"elementor_header_footer","meta":{"give_campaign_id":0,"inline_featured_image":false,"footnotes":""},"class_list":["post-1520","page","type-page","status-publish","hentry"],"campaignId":"","_links":{"self":[{"href":"https:\/\/acfodp.ca\/fr\/wp-json\/wp\/v2\/pages\/1520","targetHints":{"allow":["GET"]}}],"collection":[{"href":"https:\/\/acfodp.ca\/fr\/wp-json\/wp\/v2\/pages"}],"about":[{"href":"https:\/\/acfodp.ca\/fr\/wp-json\/wp\/v2\/types\/page"}],"author":[{"embeddable":true,"href":"https:\/\/acfodp.ca\/fr\/wp-json\/wp\/v2\/users\/1"}],"replies":[{"embeddable":true,"href":"https:\/\/acfodp.ca\/fr\/wp-json\/wp\/v2\/comments?post=1520"}],"version-history":[{"count":26,"href":"https:\/\/acfodp.ca\/fr\/wp-json\/wp\/v2\/pages\/1520\/revisions"}],"predecessor-version":[{"id":1786,"href":"https:\/\/acfodp.ca\/fr\/wp-json\/wp\/v2\/pages\/1520\/revisions\/1786"}],"up":[{"embeddable":true,"href":"https:\/\/acfodp.ca\/fr\/wp-json\/wp\/v2\/pages\/1198"}],"wp:attachment":[{"href":"https:\/\/acfodp.ca\/fr\/wp-json\/wp\/v2\/media?parent=1520"}],"curies":[{"name":"wp","href":"https:\/\/api.w.org\/{rel}","templated":true}]}}