{"id":1228,"date":"2021-11-10T15:47:27","date_gmt":"2021-11-10T20:47:27","guid":{"rendered":"http:\/\/5xk.ad3.mywebsitetransfer.com\/?page_id=1228"},"modified":"2024-06-17T12:37:48","modified_gmt":"2024-06-17T16:37:48","slug":"news-info","status":"publish","type":"page","link":"https:\/\/acfodp.ca\/fr\/news-info\/","title":{"rendered":"Actualit\u00e9s"},"content":{"rendered":"<div data-elementor-type=\"wp-page\" data-elementor-id=\"1228\" class=\"elementor elementor-1228\" data-elementor-post-type=\"page\">\n\t\t\t\t\t\t<section class=\"elementor-section elementor-top-section elementor-element elementor-element-de65a35 elementor-section-boxed elementor-section-height-default elementor-section-height-default\" data-id=\"de65a35\" data-element_type=\"section\" data-e-type=\"section\">\n\t\t\t\t\t\t<div class=\"elementor-container elementor-column-gap-default\">\n\t\t\t\t\t<div class=\"elementor-column elementor-col-100 elementor-top-column elementor-element elementor-element-3800d83\" data-id=\"3800d83\" data-element_type=\"column\" data-e-type=\"column\">\n\t\t\t<div class=\"elementor-widget-wrap elementor-element-populated\">\n\t\t\t\t\t\t<div class=\"elementor-element elementor-element-1c56c35 elementor-grid-3 elementor-grid-tablet-2 elementor-grid-mobile-1 elementor-posts--thumbnail-top elementor-posts--show-avatar elementor-card-shadow-yes elementor-posts__hover-gradient elementor-widget elementor-widget-posts\" data-id=\"1c56c35\" data-element_type=\"widget\" data-e-type=\"widget\" data-settings=\"{&quot;pagination_type&quot;:&quot;numbers&quot;,&quot;cards_columns&quot;:&quot;3&quot;,&quot;cards_columns_tablet&quot;:&quot;2&quot;,&quot;cards_columns_mobile&quot;:&quot;1&quot;,&quot;cards_row_gap&quot;:{&quot;unit&quot;:&quot;px&quot;,&quot;size&quot;:35,&quot;sizes&quot;:[]},&quot;cards_row_gap_tablet&quot;:{&quot;unit&quot;:&quot;px&quot;,&quot;size&quot;:&quot;&quot;,&quot;sizes&quot;:[]},&quot;cards_row_gap_mobile&quot;:{&quot;unit&quot;:&quot;px&quot;,&quot;size&quot;:&quot;&quot;,&quot;sizes&quot;:[]}}\" data-widget_type=\"posts.cards\">\n\t\t\t\t<div class=\"elementor-widget-container\">\n\t\t\t\t\t\t\t<div class=\"elementor-posts-container elementor-posts elementor-posts--skin-cards elementor-grid\">\n\t\t\t\t<article class=\"elementor-post elementor-grid-item post-2343 post type-post status-publish format-standard has-post-thumbnail hentry category-communiques category-news\">\n\t\t\t<div class=\"elementor-post__card\">\n\t\t\t\t<a class=\"elementor-post__thumbnail__link\" href=\"https:\/\/acfodp.ca\/fr\/convocation-a-la-41e-assemblee-generale-annuelle-de-lacfo-durham-peterborough-aga-en-mode-hybride\/\" tabindex=\"-1\" ><div class=\"elementor-post__thumbnail\"><img fetchpriority=\"high\" decoding=\"async\" width=\"300\" height=\"200\" src=\"https:\/\/acfodp.ca\/wp-content\/uploads\/2021\/11\/acfo-Durham-Peterborough-300x200.jpg\" class=\"attachment-medium size-medium wp-image-1490\" alt=\"\" srcset=\"https:\/\/acfodp.ca\/wp-content\/uploads\/2021\/11\/acfo-Durham-Peterborough-300x200.jpg 300w, https:\/\/acfodp.ca\/wp-content\/uploads\/2021\/11\/acfo-Durham-Peterborough-1024x683.jpg 1024w, https:\/\/acfodp.ca\/wp-content\/uploads\/2021\/11\/acfo-Durham-Peterborough-768x512.jpg 768w, https:\/\/acfodp.ca\/wp-content\/uploads\/2021\/11\/acfo-Durham-Peterborough-600x400.jpg 600w, https:\/\/acfodp.ca\/wp-content\/uploads\/2021\/11\/acfo-Durham-Peterborough.jpg 1200w\" sizes=\"(max-width: 300px) 100vw, 300px\" \/><\/div><\/a>\n\t\t\t\t<div class=\"elementor-post__badge\">Communiqu\u00e9s<\/div>\n\t\t\t\t<div class=\"elementor-post__avatar\">\n\t\t\t<img alt='admin@happisoft.ca' src='https:\/\/secure.gravatar.com\/avatar\/675551914d93e65b3541808e880b460905e57632e06c74344b8cce4ff203d4d2?s=128&#038;d=mm&#038;r=g' srcset='https:\/\/secure.gravatar.com\/avatar\/675551914d93e65b3541808e880b460905e57632e06c74344b8cce4ff203d4d2?s=256&#038;d=mm&#038;r=g 2x' class='avatar avatar-128 photo' height='128' width='128' \/>\t\t<\/div>\n\t\t\t\t<div class=\"elementor-post__text\">\n\t\t\t\t<h3 class=\"elementor-post__title\">\n\t\t\t<a href=\"https:\/\/acfodp.ca\/fr\/convocation-a-la-41e-assemblee-generale-annuelle-de-lacfo-durham-peterborough-aga-en-mode-hybride\/\" >\n\t\t\t\tCONVOCATION \u00c0 LA 41e ASSEMBL\u00c9E G\u00c9N\u00c9RALE ANNUELLE DE L&#8217;ACFO DURHAM- PETERBOROUGH (AGA en mode hybride)\t\t\t<\/a>\n\t\t<\/h3>\n\t\t\t\t<div class=\"elementor-post__excerpt\">\n\t\t\t<p>CONVOCATION \u00c0 LA 41e ASSEMBL\u00c9E G\u00c9N\u00c9RALE ANNUELLE DE L&#8217;ACFO DURHAM-<\/p>\n\t\t<\/div>\n\t\t\n\t\t<a class=\"elementor-post__read-more\" href=\"https:\/\/acfodp.ca\/fr\/convocation-a-la-41e-assemblee-generale-annuelle-de-lacfo-durham-peterborough-aga-en-mode-hybride\/\" aria-label=\"Read more about CONVOCATION \u00c0 LA 41e ASSEMBL\u00c9E G\u00c9N\u00c9RALE ANNUELLE DE L&#8217;ACFO DURHAM- PETERBOROUGH (AGA en mode hybride)\" tabindex=\"-1\" >\n\t\t\tLire la suite &quot;\t\t<\/a>\n\n\t\t\t\t<\/div>\n\t\t\t\t<div class=\"elementor-post__meta-data\">\n\t\t\t\t\t<span class=\"elementor-post-date\">\n\t\t\t11 ao\u00fbt 2025\t\t<\/span>\n\t\t\t\t<span class=\"elementor-post-avatar\">\n\t\t\tPas de commentaire\t\t<\/span>\n\t\t\t\t<\/div>\n\t\t\t\t\t<\/div>\n\t\t<\/article>\n\t\t\t\t<article class=\"elementor-post elementor-grid-item post-2291 post type-post status-publish format-standard has-post-thumbnail hentry category-communiques category-news\">\n\t\t\t<div class=\"elementor-post__card\">\n\t\t\t\t<a class=\"elementor-post__thumbnail__link\" href=\"https:\/\/acfodp.ca\/fr\/convocation-a-la-40e-assemblee-generale-annuelle-de-lacfo-durham-peterborough-aga-virtuelle\/\" tabindex=\"-1\" ><div class=\"elementor-post__thumbnail\"><img fetchpriority=\"high\" decoding=\"async\" width=\"300\" height=\"200\" src=\"https:\/\/acfodp.ca\/wp-content\/uploads\/2021\/11\/acfo-Durham-Peterborough-300x200.jpg\" class=\"attachment-medium size-medium wp-image-1490\" alt=\"\" srcset=\"https:\/\/acfodp.ca\/wp-content\/uploads\/2021\/11\/acfo-Durham-Peterborough-300x200.jpg 300w, https:\/\/acfodp.ca\/wp-content\/uploads\/2021\/11\/acfo-Durham-Peterborough-1024x683.jpg 1024w, https:\/\/acfodp.ca\/wp-content\/uploads\/2021\/11\/acfo-Durham-Peterborough-768x512.jpg 768w, https:\/\/acfodp.ca\/wp-content\/uploads\/2021\/11\/acfo-Durham-Peterborough-600x400.jpg 600w, https:\/\/acfodp.ca\/wp-content\/uploads\/2021\/11\/acfo-Durham-Peterborough.jpg 1200w\" sizes=\"(max-width: 300px) 100vw, 300px\" \/><\/div><\/a>\n\t\t\t\t<div class=\"elementor-post__badge\">Communiqu\u00e9s<\/div>\n\t\t\t\t<div class=\"elementor-post__avatar\">\n\t\t\t<img alt='admin@happisoft.ca' src='https:\/\/secure.gravatar.com\/avatar\/675551914d93e65b3541808e880b460905e57632e06c74344b8cce4ff203d4d2?s=128&#038;d=mm&#038;r=g' srcset='https:\/\/secure.gravatar.com\/avatar\/675551914d93e65b3541808e880b460905e57632e06c74344b8cce4ff203d4d2?s=256&#038;d=mm&#038;r=g 2x' class='avatar avatar-128 photo' height='128' width='128' \/>\t\t<\/div>\n\t\t\t\t<div class=\"elementor-post__text\">\n\t\t\t\t<h3 class=\"elementor-post__title\">\n\t\t\t<a href=\"https:\/\/acfodp.ca\/fr\/convocation-a-la-40e-assemblee-generale-annuelle-de-lacfo-durham-peterborough-aga-virtuelle\/\" >\n\t\t\t\tCONVOCATION \u00c0 LA 40e ASSEMBL\u00c9E G\u00c9N\u00c9RALE ANNUELLE DE L&#8217;ACFO DURHAM- PETERBOROUGH (AGA VIRTUELLE)\t\t\t<\/a>\n\t\t<\/h3>\n\t\t\t\t<div class=\"elementor-post__excerpt\">\n\t\t\t<p>Vous \u00eates invit\u00e9(e)s \u00e0 nous joindre en ligne pour vous<\/p>\n\t\t<\/div>\n\t\t\n\t\t<a class=\"elementor-post__read-more\" href=\"https:\/\/acfodp.ca\/fr\/convocation-a-la-40e-assemblee-generale-annuelle-de-lacfo-durham-peterborough-aga-virtuelle\/\" aria-label=\"Read more about CONVOCATION \u00c0 LA 40e ASSEMBL\u00c9E G\u00c9N\u00c9RALE ANNUELLE DE L&#8217;ACFO DURHAM- PETERBOROUGH (AGA VIRTUELLE)\" tabindex=\"-1\" >\n\t\t\tLire la suite &quot;\t\t<\/a>\n\n\t\t\t\t<\/div>\n\t\t\t\t<div class=\"elementor-post__meta-data\">\n\t\t\t\t\t<span class=\"elementor-post-date\">\n\t\t\t25 juillet 2024\t\t<\/span>\n\t\t\t\t<span class=\"elementor-post-avatar\">\n\t\t\tPas de commentaire\t\t<\/span>\n\t\t\t\t<\/div>\n\t\t\t\t\t<\/div>\n\t\t<\/article>\n\t\t\t\t<article class=\"elementor-post elementor-grid-item post-2282 post type-post status-publish format-standard has-post-thumbnail hentry category-communiques category-news\">\n\t\t\t<div class=\"elementor-post__card\">\n\t\t\t\t<a class=\"elementor-post__thumbnail__link\" href=\"https:\/\/acfodp.ca\/fr\/emplois-dete-acfo-dp\/\" tabindex=\"-1\" ><div class=\"elementor-post__thumbnail\"><img decoding=\"async\" width=\"300\" height=\"231\" src=\"https:\/\/acfodp.ca\/wp-content\/uploads\/2022\/07\/Members-300x231.jpg\" class=\"attachment-medium size-medium wp-image-2075\" alt=\"\" srcset=\"https:\/\/acfodp.ca\/wp-content\/uploads\/2022\/07\/Members-300x231.jpg 300w, https:\/\/acfodp.ca\/wp-content\/uploads\/2022\/07\/Members-1024x789.jpg 1024w, https:\/\/acfodp.ca\/wp-content\/uploads\/2022\/07\/Members-768x591.jpg 768w, https:\/\/acfodp.ca\/wp-content\/uploads\/2022\/07\/Members-16x12.jpg 16w, https:\/\/acfodp.ca\/wp-content\/uploads\/2022\/07\/Members-600x462.jpg 600w, https:\/\/acfodp.ca\/wp-content\/uploads\/2022\/07\/Members.jpg 1148w\" sizes=\"(max-width: 300px) 100vw, 300px\" \/><\/div><\/a>\n\t\t\t\t<div class=\"elementor-post__badge\">Communiqu\u00e9s<\/div>\n\t\t\t\t<div class=\"elementor-post__avatar\">\n\t\t\t<img alt='admin@happisoft.ca' src='https:\/\/secure.gravatar.com\/avatar\/675551914d93e65b3541808e880b460905e57632e06c74344b8cce4ff203d4d2?s=128&#038;d=mm&#038;r=g' srcset='https:\/\/secure.gravatar.com\/avatar\/675551914d93e65b3541808e880b460905e57632e06c74344b8cce4ff203d4d2?s=256&#038;d=mm&#038;r=g 2x' class='avatar avatar-128 photo' height='128' width='128' \/>\t\t<\/div>\n\t\t\t\t<div class=\"elementor-post__text\">\n\t\t\t\t<h3 class=\"elementor-post__title\">\n\t\t\t<a href=\"https:\/\/acfodp.ca\/fr\/emplois-dete-acfo-dp\/\" >\n\t\t\t\tEmplois d&#8217;\u00e9t\u00e9 2024 ACFO-DP\t\t\t<\/a>\n\t\t<\/h3>\n\t\t\t\t<div class=\"elementor-post__excerpt\">\n\t\t\t<p>OBJECTIF DU POSTE : Les postes visent \u00e0 soutenir les<\/p>\n\t\t<\/div>\n\t\t\n\t\t<a class=\"elementor-post__read-more\" href=\"https:\/\/acfodp.ca\/fr\/emplois-dete-acfo-dp\/\" aria-label=\"Read more about Emplois d&#8217;\u00e9t\u00e9 2024 ACFO-DP\" tabindex=\"-1\" >\n\t\t\tLire la suite &quot;\t\t<\/a>\n\n\t\t\t\t<\/div>\n\t\t\t\t<div class=\"elementor-post__meta-data\">\n\t\t\t\t\t<span class=\"elementor-post-date\">\n\t\t\t15 juin 2024\t\t<\/span>\n\t\t\t\t<span class=\"elementor-post-avatar\">\n\t\t\tPas de commentaire\t\t<\/span>\n\t\t\t\t<\/div>\n\t\t\t\t\t<\/div>\n\t\t<\/article>\n\t\t\t\t<article class=\"elementor-post elementor-grid-item post-2267 post type-post status-publish format-video has-post-thumbnail hentry category-news category-videos post_format-post-format-video\">\n\t\t\t<div class=\"elementor-post__card\">\n\t\t\t\t<a class=\"elementor-post__thumbnail__link\" href=\"https:\/\/acfodp.ca\/fr\/balado2\/\" tabindex=\"-1\" ><div class=\"elementor-post__thumbnail\"><img decoding=\"async\" width=\"300\" height=\"163\" src=\"https:\/\/acfodp.ca\/wp-content\/uploads\/2024\/02\/Screenshot-2024-02-02-at-8.16.06\u202fAM-300x163.png\" class=\"attachment-medium size-medium wp-image-2269\" alt=\"\" srcset=\"https:\/\/acfodp.ca\/wp-content\/uploads\/2024\/02\/Screenshot-2024-02-02-at-8.16.06\u202fAM-300x163.png 300w, https:\/\/acfodp.ca\/wp-content\/uploads\/2024\/02\/Screenshot-2024-02-02-at-8.16.06\u202fAM-1024x557.png 1024w, https:\/\/acfodp.ca\/wp-content\/uploads\/2024\/02\/Screenshot-2024-02-02-at-8.16.06\u202fAM-768x418.png 768w, https:\/\/acfodp.ca\/wp-content\/uploads\/2024\/02\/Screenshot-2024-02-02-at-8.16.06\u202fAM-1536x835.png 1536w, https:\/\/acfodp.ca\/wp-content\/uploads\/2024\/02\/Screenshot-2024-02-02-at-8.16.06\u202fAM-2048x1114.png 2048w, https:\/\/acfodp.ca\/wp-content\/uploads\/2024\/02\/Screenshot-2024-02-02-at-8.16.06\u202fAM-18x10.png 18w\" sizes=\"(max-width: 300px) 100vw, 300px\" \/><\/div><\/a>\n\t\t\t\t<div class=\"elementor-post__badge\">Des nouvelles<\/div>\n\t\t\t\t<div class=\"elementor-post__avatar\">\n\t\t\t<img alt='admin@happisoft.ca' src='https:\/\/secure.gravatar.com\/avatar\/675551914d93e65b3541808e880b460905e57632e06c74344b8cce4ff203d4d2?s=128&#038;d=mm&#038;r=g' srcset='https:\/\/secure.gravatar.com\/avatar\/675551914d93e65b3541808e880b460905e57632e06c74344b8cce4ff203d4d2?s=256&#038;d=mm&#038;r=g 2x' class='avatar avatar-128 photo' height='128' width='128' \/>\t\t<\/div>\n\t\t\t\t<div class=\"elementor-post__text\">\n\t\t\t\t<h3 class=\"elementor-post__title\">\n\t\t\t<a href=\"https:\/\/acfodp.ca\/fr\/balado2\/\" >\n\t\t\t\tL&#8217;ACFO-Durham-Peterborough vous pr\u00e9sente son Balado2 intitul\u00e9 &#8220;C\u00e9l\u00e9brer la diversit\u00e9 et l\u2019inclusion : Un engagement Communautaire&#8221;\t\t\t<\/a>\n\t\t<\/h3>\n\t\t\t\t<div class=\"elementor-post__excerpt\">\n\t\t\t<p>C\u00e9l\u00e9brer la diversit\u00e9 et l\u2019inclusion : Un engagement Communautaire.&#8221; Tel<\/p>\n\t\t<\/div>\n\t\t\n\t\t<a class=\"elementor-post__read-more\" href=\"https:\/\/acfodp.ca\/fr\/balado2\/\" aria-label=\"Read more about L&#8217;ACFO-Durham-Peterborough vous pr\u00e9sente son Balado2 intitul\u00e9 &#8220;C\u00e9l\u00e9brer la diversit\u00e9 et l\u2019inclusion : Un engagement Communautaire&#8221;\" tabindex=\"-1\" >\n\t\t\tLire la suite &quot;\t\t<\/a>\n\n\t\t\t\t<\/div>\n\t\t\t\t<div class=\"elementor-post__meta-data\">\n\t\t\t\t\t<span class=\"elementor-post-date\">\n\t\t\t2 f\u00e9vrier 2024\t\t<\/span>\n\t\t\t\t<span class=\"elementor-post-avatar\">\n\t\t\tPas de commentaire\t\t<\/span>\n\t\t\t\t<\/div>\n\t\t\t\t\t<\/div>\n\t\t<\/article>\n\t\t\t\t<article class=\"elementor-post elementor-grid-item post-2222 post type-post status-publish format-standard has-post-thumbnail hentry category-news\">\n\t\t\t<div class=\"elementor-post__card\">\n\t\t\t\t<a class=\"elementor-post__thumbnail__link\" href=\"https:\/\/acfodp.ca\/fr\/lacfo-durham-peterborough-mise-sur-la-jeunesse-francophone\/\" tabindex=\"-1\" ><div class=\"elementor-post__thumbnail\"><img loading=\"lazy\" decoding=\"async\" width=\"300\" height=\"225\" src=\"https:\/\/acfodp.ca\/wp-content\/uploads\/2023\/09\/02-1-300x225.jpg\" class=\"attachment-medium size-medium wp-image-2223\" alt=\"\" srcset=\"https:\/\/acfodp.ca\/wp-content\/uploads\/2023\/09\/02-1-300x225.jpg 300w, https:\/\/acfodp.ca\/wp-content\/uploads\/2023\/09\/02-1-1024x768.jpg 1024w, https:\/\/acfodp.ca\/wp-content\/uploads\/2023\/09\/02-1-768x576.jpg 768w, https:\/\/acfodp.ca\/wp-content\/uploads\/2023\/09\/02-1-16x12.jpg 16w, https:\/\/acfodp.ca\/wp-content\/uploads\/2023\/09\/02-1.jpg 1440w\" sizes=\"(max-width: 300px) 100vw, 300px\" \/><\/div><\/a>\n\t\t\t\t<div class=\"elementor-post__badge\">Des nouvelles<\/div>\n\t\t\t\t<div class=\"elementor-post__avatar\">\n\t\t\t<img alt='admin@happisoft.ca' src='https:\/\/secure.gravatar.com\/avatar\/675551914d93e65b3541808e880b460905e57632e06c74344b8cce4ff203d4d2?s=128&#038;d=mm&#038;r=g' srcset='https:\/\/secure.gravatar.com\/avatar\/675551914d93e65b3541808e880b460905e57632e06c74344b8cce4ff203d4d2?s=256&#038;d=mm&#038;r=g 2x' class='avatar avatar-128 photo' height='128' width='128' \/>\t\t<\/div>\n\t\t\t\t<div class=\"elementor-post__text\">\n\t\t\t\t<h3 class=\"elementor-post__title\">\n\t\t\t<a href=\"https:\/\/acfodp.ca\/fr\/lacfo-durham-peterborough-mise-sur-la-jeunesse-francophone\/\" >\n\t\t\t\tL\u2019ACFO Durham-Peterborough mise sur la jeunesse francophone\t\t\t<\/a>\n\t\t<\/h3>\n\t\t\t\t<div class=\"elementor-post__excerpt\">\n\t\t\t<p>Richard Caumartin L\u2019Assembl\u00e9e des communaut\u00e9s francophones de l\u2019Ontario Durham-Peterborough (ACFO-DP)<\/p>\n\t\t<\/div>\n\t\t\n\t\t<a class=\"elementor-post__read-more\" href=\"https:\/\/acfodp.ca\/fr\/lacfo-durham-peterborough-mise-sur-la-jeunesse-francophone\/\" aria-label=\"Read more about L\u2019ACFO Durham-Peterborough mise sur la jeunesse francophone\" tabindex=\"-1\" >\n\t\t\tLire la suite &quot;\t\t<\/a>\n\n\t\t\t\t<\/div>\n\t\t\t\t<div class=\"elementor-post__meta-data\">\n\t\t\t\t\t<span class=\"elementor-post-date\">\n\t\t\t20 septembre 2023\t\t<\/span>\n\t\t\t\t<span class=\"elementor-post-avatar\">\n\t\t\tPas de commentaire\t\t<\/span>\n\t\t\t\t<\/div>\n\t\t\t\t\t<\/div>\n\t\t<\/article>\n\t\t\t\t<article class=\"elementor-post elementor-grid-item post-2237 post type-post status-publish format-video has-post-thumbnail hentry category-news post_format-post-format-video\">\n\t\t\t<div class=\"elementor-post__card\">\n\t\t\t\t<a class=\"elementor-post__thumbnail__link\" href=\"https:\/\/acfodp.ca\/fr\/lacfo-durham-peterborough-vous-presente-son-balado-intitule-durham-peterborough-pluriculturel-des-histoires-inspirantes-a-partager\/\" tabindex=\"-1\" ><div class=\"elementor-post__thumbnail\"><img loading=\"lazy\" decoding=\"async\" width=\"300\" height=\"164\" src=\"https:\/\/acfodp.ca\/wp-content\/uploads\/2023\/09\/Screenshot-2023-09-22-at-11.56.11-AM-300x164.png\" class=\"attachment-medium size-medium wp-image-2251\" alt=\"\" srcset=\"https:\/\/acfodp.ca\/wp-content\/uploads\/2023\/09\/Screenshot-2023-09-22-at-11.56.11-AM-300x164.png 300w, https:\/\/acfodp.ca\/wp-content\/uploads\/2023\/09\/Screenshot-2023-09-22-at-11.56.11-AM-1024x561.png 1024w, https:\/\/acfodp.ca\/wp-content\/uploads\/2023\/09\/Screenshot-2023-09-22-at-11.56.11-AM-768x421.png 768w, https:\/\/acfodp.ca\/wp-content\/uploads\/2023\/09\/Screenshot-2023-09-22-at-11.56.11-AM-1536x841.png 1536w, https:\/\/acfodp.ca\/wp-content\/uploads\/2023\/09\/Screenshot-2023-09-22-at-11.56.11-AM-2048x1121.png 2048w, https:\/\/acfodp.ca\/wp-content\/uploads\/2023\/09\/Screenshot-2023-09-22-at-11.56.11-AM-18x10.png 18w\" sizes=\"(max-width: 300px) 100vw, 300px\" \/><\/div><\/a>\n\t\t\t\t<div class=\"elementor-post__badge\">Des nouvelles<\/div>\n\t\t\t\t<div class=\"elementor-post__avatar\">\n\t\t\t<img alt='admin@happisoft.ca' src='https:\/\/secure.gravatar.com\/avatar\/675551914d93e65b3541808e880b460905e57632e06c74344b8cce4ff203d4d2?s=128&#038;d=mm&#038;r=g' srcset='https:\/\/secure.gravatar.com\/avatar\/675551914d93e65b3541808e880b460905e57632e06c74344b8cce4ff203d4d2?s=256&#038;d=mm&#038;r=g 2x' class='avatar avatar-128 photo' height='128' width='128' \/>\t\t<\/div>\n\t\t\t\t<div class=\"elementor-post__text\">\n\t\t\t\t<h3 class=\"elementor-post__title\">\n\t\t\t<a href=\"https:\/\/acfodp.ca\/fr\/lacfo-durham-peterborough-vous-presente-son-balado-intitule-durham-peterborough-pluriculturel-des-histoires-inspirantes-a-partager\/\" >\n\t\t\t\tL&#8217;ACFO-Durham-Peterborough vous pr\u00e9sente son Balado intitule \u00ab Durham-Peterborough pluriculturel : Des histoires inspirantes \u00e0 partager.\t\t\t<\/a>\n\t\t<\/h3>\n\t\t\t\t<div class=\"elementor-post__excerpt\">\n\t\t\t<p>Nous sommes ravis de vous pr\u00e9senter notre projet de Balado<\/p>\n\t\t<\/div>\n\t\t\n\t\t<a class=\"elementor-post__read-more\" href=\"https:\/\/acfodp.ca\/fr\/lacfo-durham-peterborough-vous-presente-son-balado-intitule-durham-peterborough-pluriculturel-des-histoires-inspirantes-a-partager\/\" aria-label=\"Read more about L&#8217;ACFO-Durham-Peterborough vous pr\u00e9sente son Balado intitule \u00ab Durham-Peterborough pluriculturel : Des histoires inspirantes \u00e0 partager.\" tabindex=\"-1\" >\n\t\t\tLire la suite &quot;\t\t<\/a>\n\n\t\t\t\t<\/div>\n\t\t\t\t<div class=\"elementor-post__meta-data\">\n\t\t\t\t\t<span class=\"elementor-post-date\">\n\t\t\t19 septembre 2023\t\t<\/span>\n\t\t\t\t<span class=\"elementor-post-avatar\">\n\t\t\tPas de commentaire\t\t<\/span>\n\t\t\t\t<\/div>\n\t\t\t\t\t<\/div>\n\t\t<\/article>\n\t\t\t\t<\/div>\n\t\t\n\t\t\t\t<div class=\"e-load-more-anchor\" data-page=\"1\" data-max-page=\"2\" data-next-page=\"https:\/\/acfodp.ca\/fr\/wp-json\/wp\/v2\/pages\/1228\/page\/2\/\"><\/div>\n\t\t\t\t<nav class=\"elementor-pagination\" aria-label=\"Pagination\">\n\t\t\t<span aria-current=\"page\" class=\"page-numbers current\"><span class=\"elementor-screen-only\">Page<\/span>1<\/span>\n<a class=\"page-numbers\" href=\"https:\/\/acfodp.ca\/fr\/wp-json\/wp\/v2\/pages\/1228\/page\/2\/\"><span class=\"elementor-screen-only\">Page<\/span>2<\/a>\t\t<\/nav>\n\t\t\t\t\t\t<\/div>\n\t\t\t\t<\/div>\n\t\t\t\t\t<\/div>\n\t\t<\/div>\n\t\t\t\t\t<\/div>\n\t\t<\/section>\n\t\t\t\t<\/div>","protected":false},"excerpt":{"rendered":"","protected":false},"author":1,"featured_media":0,"parent":0,"menu_order":0,"comment_status":"closed","ping_status":"closed","template":"","meta":{"give_campaign_id":0,"inline_featured_image":false,"footnotes":""},"class_list":["post-1228","page","type-page","status-publish","hentry"],"campaignId":"","_links":{"self":[{"href":"https:\/\/acfodp.ca\/fr\/wp-json\/wp\/v2\/pages\/1228","targetHints":{"allow":["GET"]}}],"collection":[{"href":"https:\/\/acfodp.ca\/fr\/wp-json\/wp\/v2\/pages"}],"about":[{"href":"https:\/\/acfodp.ca\/fr\/wp-json\/wp\/v2\/types\/page"}],"author":[{"embeddable":true,"href":"https:\/\/acfodp.ca\/fr\/wp-json\/wp\/v2\/users\/1"}],"replies":[{"embeddable":true,"href":"https:\/\/acfodp.ca\/fr\/wp-json\/wp\/v2\/comments?post=1228"}],"version-history":[{"count":29,"href":"https:\/\/acfodp.ca\/fr\/wp-json\/wp\/v2\/pages\/1228\/revisions"}],"predecessor-version":[{"id":2287,"href":"https:\/\/acfodp.ca\/fr\/wp-json\/wp\/v2\/pages\/1228\/revisions\/2287"}],"wp:attachment":[{"href":"https:\/\/acfodp.ca\/fr\/wp-json\/wp\/v2\/media?parent=1228"}],"curies":[{"name":"wp","href":"https:\/\/api.w.org\/{rel}","templated":true}]}}