{"id":1217,"date":"2021-11-10T15:45:05","date_gmt":"2021-11-10T20:45:05","guid":{"rendered":"http:\/\/5xk.ad3.mywebsitetransfer.com\/?page_id=1217"},"modified":"2021-11-15T04:47:10","modified_gmt":"2021-11-15T09:47:10","slug":"designation","status":"publish","type":"page","link":"https:\/\/acfodp.ca\/fr\/activities-and-projects\/designation\/","title":{"rendered":"La d\u00e9signation"},"content":{"rendered":"<div data-elementor-type=\"wp-page\" data-elementor-id=\"1217\" class=\"elementor elementor-1217\" data-elementor-post-type=\"page\">\n\t\t\t\t\t\t<section class=\"elementor-section elementor-top-section elementor-element elementor-element-0ae6526 elementor-section-boxed elementor-section-height-default elementor-section-height-default\" data-id=\"0ae6526\" data-element_type=\"section\" data-e-type=\"section\">\n\t\t\t\t\t\t<div class=\"elementor-container elementor-column-gap-default\">\n\t\t\t\t\t<div class=\"elementor-column elementor-col-50 elementor-top-column elementor-element elementor-element-91bdbea\" data-id=\"91bdbea\" data-element_type=\"column\" data-e-type=\"column\">\n\t\t\t<div class=\"elementor-widget-wrap elementor-element-populated\">\n\t\t\t\t\t\t<div class=\"elementor-element elementor-element-ff22de1 elementor-widget elementor-widget-crowdpress-title\" data-id=\"ff22de1\" data-element_type=\"widget\" data-e-type=\"widget\" data-widget_type=\"crowdpress-title.default\">\n\t\t\t\t<div class=\"elementor-widget-container\">\n\t\t\t\t\t        \r\n\t\t<div class=\"heading-content left border-showyes\">\r\n\t\t\t                                                                <h2>La d\u00e9signation<\/h2>\r\n                                   \r\n\t\t<\/div>\r\n    \t\t\t\t\t<\/div>\n\t\t\t\t<\/div>\n\t\t\t\t<div class=\"elementor-element elementor-element-faa1df9 elementor-widget elementor-widget-text-editor\" data-id=\"faa1df9\" data-element_type=\"widget\" data-e-type=\"widget\" data-widget_type=\"text-editor.default\">\n\t\t\t\t<div class=\"elementor-widget-container\">\n\t\t\t\t\t\t\t\t\t<p>L&#039;ACFO-DP, telle qu&#039;elle existe aujourd&#039;hui, poursuit toujours sa mission de d\u00e9fense des int\u00e9r\u00eats et de revendication de services en fran\u00e7ais pour la population locale. Pour preuve, c&#039;est notre Association qui, depuis de nombreuses ann\u00e9es, nous r\u00eavons pourtant de la d\u00e9signation compl\u00e8te de la province, et nous travaillons \u00e0 continuer \u00e0 faire de la r\u00e9gion de Durham et de Peterborough des r\u00e9gions d\u00e9sign\u00e9es en vertu de la Loi. Services fran\u00e7ais de l&#039;Ontario. Au fil des ans, des analyses continues de statistiques sur la population d&#039;expression fran\u00e7aise ont \u00e9t\u00e9 faites, des strat\u00e9gies ont \u00e9t\u00e9 \u00e9labor\u00e9es, des rencontres avec des personnalit\u00e9s politiques et minist\u00e9rielles locales ont \u00e9t\u00e9 men\u00e9es et continuent de se faire afin que la communaut\u00e9 francophone de la r\u00e9gion d&#039;Oshawa puisse enfin avoir les m\u00eames droits que le reste des francophones de l&#039;Ontario qui vivent dans une r\u00e9gion d\u00e9sign\u00e9e.<\/p>\t\t\t\t\t\t\t\t<\/div>\n\t\t\t\t<\/div>\n\t\t\t\t\t<\/div>\n\t\t<\/div>\n\t\t\t\t<div class=\"elementor-column elementor-col-50 elementor-top-column elementor-element elementor-element-f552337\" data-id=\"f552337\" data-element_type=\"column\" data-e-type=\"column\" data-settings=\"{&quot;background_background&quot;:&quot;classic&quot;}\">\n\t\t\t<div class=\"elementor-widget-wrap\">\n\t\t\t\t\t\t\t<\/div>\n\t\t<\/div>\n\t\t\t\t\t<\/div>\n\t\t<\/section>\n\t\t\t\t<section class=\"elementor-section elementor-top-section elementor-element elementor-element-2075e47 elementor-section-boxed elementor-section-height-default elementor-section-height-default\" data-id=\"2075e47\" data-element_type=\"section\" data-e-type=\"section\" data-settings=\"{&quot;background_background&quot;:&quot;classic&quot;}\">\n\t\t\t\t\t\t<div class=\"elementor-container elementor-column-gap-default\">\n\t\t\t\t\t<div class=\"elementor-column elementor-col-100 elementor-top-column elementor-element elementor-element-fb4610d\" data-id=\"fb4610d\" data-element_type=\"column\" data-e-type=\"column\">\n\t\t\t<div class=\"elementor-widget-wrap elementor-element-populated\">\n\t\t\t\t\t\t<div class=\"elementor-element elementor-element-15181de elementor-widget elementor-widget-heading\" data-id=\"15181de\" data-element_type=\"widget\" data-e-type=\"widget\" data-widget_type=\"heading.default\">\n\t\t\t\t<div class=\"elementor-widget-container\">\n\t\t\t\t\t<h2 class=\"elementor-heading-title elementor-size-default\">R\u00e9sistance : l&#039;Universit\u00e9 de l&#039;Ontario fran\u00e7ais!<\/h2>\t\t\t\t<\/div>\n\t\t\t\t<\/div>\n\t\t\t\t<div class=\"elementor-element elementor-element-8cc7ffb elementor-widget elementor-widget-crowdpress-gallery\" data-id=\"8cc7ffb\" data-element_type=\"widget\" data-e-type=\"widget\" data-widget_type=\"crowdpress-gallery.default\">\n\t\t\t\t<div class=\"elementor-widget-container\">\n\t\t\t\t\t        <div class=\"gallery-content\">\r\n        \t            <div class=\"row gutter\">\r\n                                <div class=\"col-md-3\">\r\n                        <div class=\"single-img-gal\">\r\n                        <img decoding=\"async\" src=\"http:\/\/acfodp.ca\/wp-content\/uploads\/2021\/11\/IMG_6719-scaled-370x260_c.jpg\" alt=\"gallery image\">\r\n                        <a href=\"http:\/\/acfodp.ca\/wp-content\/uploads\/2021\/11\/IMG_6719-scaled.jpg\" class=\"image-link\"><i class=\"fal fa-expand\"><\/i><\/a>\r\n                        <\/div>\r\n                    <\/div>\r\n                                        <div class=\"col-md-3\">\r\n                        <div class=\"single-img-gal\">\r\n                        <img decoding=\"async\" src=\"http:\/\/acfodp.ca\/wp-content\/uploads\/2021\/11\/Franco-Toronto-scaled-370x260_c.jpg\" alt=\"gallery image\">\r\n                        <a href=\"http:\/\/acfodp.ca\/wp-content\/uploads\/2021\/11\/Franco-Toronto-scaled.jpg\" class=\"image-link\"><i class=\"fal fa-expand\"><\/i><\/a>\r\n                        <\/div>\r\n                    <\/div>\r\n                                        <div class=\"col-md-3\">\r\n                        <div class=\"single-img-gal\">\r\n                        <img decoding=\"async\" src=\"http:\/\/acfodp.ca\/wp-content\/uploads\/2021\/11\/fiesta4-370x260_c.jpg\" alt=\"gallery image\">\r\n                        <a href=\"http:\/\/acfodp.ca\/wp-content\/uploads\/2021\/11\/fiesta4.jpg\" class=\"image-link\"><i class=\"fal fa-expand\"><\/i><\/a>\r\n                        <\/div>\r\n                    <\/div>\r\n                                        <div class=\"col-md-3\">\r\n                        <div class=\"single-img-gal\">\r\n                        <img decoding=\"async\" src=\"http:\/\/acfodp.ca\/wp-content\/uploads\/2021\/11\/DSCF4236-scaled-370x260_c.jpg\" alt=\"gallery image\">\r\n                        <a href=\"http:\/\/acfodp.ca\/wp-content\/uploads\/2021\/11\/DSCF4236-scaled.jpg\" class=\"image-link\"><i class=\"fal fa-expand\"><\/i><\/a>\r\n                        <\/div>\r\n                    <\/div>\r\n                                        <div class=\"col-md-3\">\r\n                        <div class=\"single-img-gal\">\r\n                        <img decoding=\"async\" src=\"http:\/\/acfodp.ca\/wp-content\/uploads\/2021\/11\/DSCF4190-scaled-370x260_c.jpg\" alt=\"gallery image\">\r\n                        <a href=\"http:\/\/acfodp.ca\/wp-content\/uploads\/2021\/11\/DSCF4190-scaled.jpg\" class=\"image-link\"><i class=\"fal fa-expand\"><\/i><\/a>\r\n                        <\/div>\r\n                    <\/div>\r\n                                        <div class=\"col-md-3\">\r\n                        <div class=\"single-img-gal\">\r\n                        <img decoding=\"async\" src=\"http:\/\/acfodp.ca\/wp-content\/uploads\/2021\/11\/14492463_185063868596606_6551479750512629138_n-370x260_c.jpg\" alt=\"gallery image\">\r\n                        <a href=\"http:\/\/acfodp.ca\/wp-content\/uploads\/2021\/11\/14492463_185063868596606_6551479750512629138_n.jpg\" class=\"image-link\"><i class=\"fal fa-expand\"><\/i><\/a>\r\n                        <\/div>\r\n                    <\/div>\r\n                                        <div class=\"col-md-3\">\r\n                        <div class=\"single-img-gal\">\r\n                        <img decoding=\"async\" src=\"http:\/\/acfodp.ca\/wp-content\/uploads\/2021\/11\/DSCF4193-scaled-370x260_c.jpg\" alt=\"gallery image\">\r\n                        <a href=\"http:\/\/acfodp.ca\/wp-content\/uploads\/2021\/11\/DSCF4193-scaled.jpg\" class=\"image-link\"><i class=\"fal fa-expand\"><\/i><\/a>\r\n                        <\/div>\r\n                    <\/div>\r\n                                        <div class=\"col-md-3\">\r\n                        <div class=\"single-img-gal\">\r\n                        <img decoding=\"async\" src=\"http:\/\/acfodp.ca\/wp-content\/uploads\/2021\/11\/DSCF4197-scaled-370x260_c.jpg\" alt=\"gallery image\">\r\n                        <a href=\"http:\/\/acfodp.ca\/wp-content\/uploads\/2021\/11\/DSCF4197-scaled.jpg\" class=\"image-link\"><i class=\"fal fa-expand\"><\/i><\/a>\r\n                        <\/div>\r\n                    <\/div>\r\n                                        <div class=\"col-md-3\">\r\n                        <div class=\"single-img-gal\">\r\n                        <img decoding=\"async\" src=\"http:\/\/acfodp.ca\/wp-content\/uploads\/2021\/11\/DSCF4225-scaled-370x260_c.jpg\" alt=\"gallery image\">\r\n                        <a href=\"http:\/\/acfodp.ca\/wp-content\/uploads\/2021\/11\/DSCF4225-scaled.jpg\" class=\"image-link\"><i class=\"fal fa-expand\"><\/i><\/a>\r\n                        <\/div>\r\n                    <\/div>\r\n                                        <div class=\"col-md-3\">\r\n                        <div class=\"single-img-gal\">\r\n                        <img decoding=\"async\" src=\"http:\/\/acfodp.ca\/wp-content\/uploads\/2021\/11\/Franco-Toronto-1-scaled-370x260_c.jpg\" alt=\"gallery image\">\r\n                        <a href=\"http:\/\/acfodp.ca\/wp-content\/uploads\/2021\/11\/Franco-Toronto-1-scaled.jpg\" class=\"image-link\"><i class=\"fal fa-expand\"><\/i><\/a>\r\n                        <\/div>\r\n                    <\/div>\r\n                                        <div class=\"col-md-3\">\r\n                        <div class=\"single-img-gal\">\r\n                        <img decoding=\"async\" src=\"http:\/\/acfodp.ca\/wp-content\/uploads\/2021\/11\/IMG_3961-scaled-370x260_c.jpg\" alt=\"gallery image\">\r\n                        <a href=\"http:\/\/acfodp.ca\/wp-content\/uploads\/2021\/11\/IMG_3961-scaled.jpg\" class=\"image-link\"><i class=\"fal fa-expand\"><\/i><\/a>\r\n                        <\/div>\r\n                    <\/div>\r\n                                        <div class=\"col-md-3\">\r\n                        <div class=\"single-img-gal\">\r\n                        <img decoding=\"async\" src=\"http:\/\/acfodp.ca\/wp-content\/uploads\/2021\/11\/IMG_3971-scaled-370x260_c.jpg\" alt=\"gallery image\">\r\n                        <a href=\"http:\/\/acfodp.ca\/wp-content\/uploads\/2021\/11\/IMG_3971-scaled.jpg\" class=\"image-link\"><i class=\"fal fa-expand\"><\/i><\/a>\r\n                        <\/div>\r\n                    <\/div>\r\n                                <\/div>\r\n                 \r\n        <\/div>\r\n\r\n        \t\t\t\t<\/div>\n\t\t\t\t<\/div>\n\t\t\t\t\t<\/div>\n\t\t<\/div>\n\t\t\t\t\t<\/div>\n\t\t<\/section>\n\t\t\t\t<\/div>","protected":false},"excerpt":{"rendered":"<p>D\u00e9signation L&#039;ACFO-DP, telle qu&#039;elle existe aujourd&#039;hui, porte toujours<\/p>\n<div class=\"read-more-wrapper\"><a class=\"more-link read-more-link\" href=\"https:\/\/acfodp.ca\/fr\/activities-and-projects\/designation\/\"><i class=\"fal fa-arrow-right\"><\/i>Lire la suite<\/a><\/div>","protected":false},"author":1,"featured_media":0,"parent":1198,"menu_order":0,"comment_status":"closed","ping_status":"closed","template":"elementor_header_footer","meta":{"give_campaign_id":0,"inline_featured_image":false,"footnotes":""},"class_list":["post-1217","page","type-page","status-publish","hentry"],"campaignId":"","_links":{"self":[{"href":"https:\/\/acfodp.ca\/fr\/wp-json\/wp\/v2\/pages\/1217","targetHints":{"allow":["GET"]}}],"collection":[{"href":"https:\/\/acfodp.ca\/fr\/wp-json\/wp\/v2\/pages"}],"about":[{"href":"https:\/\/acfodp.ca\/fr\/wp-json\/wp\/v2\/types\/page"}],"author":[{"embeddable":true,"href":"https:\/\/acfodp.ca\/fr\/wp-json\/wp\/v2\/users\/1"}],"replies":[{"embeddable":true,"href":"https:\/\/acfodp.ca\/fr\/wp-json\/wp\/v2\/comments?post=1217"}],"version-history":[{"count":11,"href":"https:\/\/acfodp.ca\/fr\/wp-json\/wp\/v2\/pages\/1217\/revisions"}],"predecessor-version":[{"id":1589,"href":"https:\/\/acfodp.ca\/fr\/wp-json\/wp\/v2\/pages\/1217\/revisions\/1589"}],"up":[{"embeddable":true,"href":"https:\/\/acfodp.ca\/fr\/wp-json\/wp\/v2\/pages\/1198"}],"wp:attachment":[{"href":"https:\/\/acfodp.ca\/fr\/wp-json\/wp\/v2\/media?parent=1217"}],"curies":[{"name":"wp","href":"https:\/\/api.w.org\/{rel}","templated":true}]}}