{"id":1213,"date":"2021-11-10T15:43:47","date_gmt":"2021-11-10T20:43:47","guid":{"rendered":"http:\/\/5xk.ad3.mywebsitetransfer.com\/?page_id=1213"},"modified":"2021-11-15T04:47:22","modified_gmt":"2021-11-15T09:47:22","slug":"bonjour-welcome","status":"publish","type":"page","link":"https:\/\/acfodp.ca\/fr\/activities-and-projects\/bonjour-welcome\/","title":{"rendered":"Bonjour \/ Bienvenue"},"content":{"rendered":"<div data-elementor-type=\"wp-page\" data-elementor-id=\"1213\" class=\"elementor elementor-1213\" data-elementor-post-type=\"page\">\n\t\t\t\t\t\t<section class=\"elementor-section elementor-top-section elementor-element elementor-element-0ae6526 elementor-section-boxed elementor-section-height-default elementor-section-height-default\" data-id=\"0ae6526\" data-element_type=\"section\" data-e-type=\"section\">\n\t\t\t\t\t\t<div class=\"elementor-container elementor-column-gap-default\">\n\t\t\t\t\t<div class=\"elementor-column elementor-col-50 elementor-top-column elementor-element elementor-element-f552337\" data-id=\"f552337\" data-element_type=\"column\" data-e-type=\"column\">\n\t\t\t<div class=\"elementor-widget-wrap elementor-element-populated\">\n\t\t\t\t\t\t<div class=\"elementor-element elementor-element-5db2386 elementor-widget elementor-widget-image\" data-id=\"5db2386\" data-element_type=\"widget\" data-e-type=\"widget\" data-widget_type=\"image.default\">\n\t\t\t\t<div class=\"elementor-widget-container\">\n\t\t\t\t\t\t\t\t\t\t\t\t\t\t\t<img fetchpriority=\"high\" decoding=\"async\" width=\"327\" height=\"425\" src=\"https:\/\/acfodp.ca\/wp-content\/uploads\/2021\/11\/5459d9_e2563640d8cb4a12b08bf3c16aa0ca17_mv2.webp\" class=\"attachment-large size-large wp-image-1357\" alt=\"\" srcset=\"https:\/\/acfodp.ca\/wp-content\/uploads\/2021\/11\/5459d9_e2563640d8cb4a12b08bf3c16aa0ca17_mv2.webp 327w, https:\/\/acfodp.ca\/wp-content\/uploads\/2021\/11\/5459d9_e2563640d8cb4a12b08bf3c16aa0ca17_mv2-231x300.webp 231w\" sizes=\"(max-width: 327px) 100vw, 327px\" \/>\t\t\t\t\t\t\t\t\t\t\t\t\t\t\t<\/div>\n\t\t\t\t<\/div>\n\t\t\t\t\t<\/div>\n\t\t<\/div>\n\t\t\t\t<div class=\"elementor-column elementor-col-50 elementor-top-column elementor-element elementor-element-91bdbea\" data-id=\"91bdbea\" data-element_type=\"column\" data-e-type=\"column\">\n\t\t\t<div class=\"elementor-widget-wrap elementor-element-populated\">\n\t\t\t\t\t\t<div class=\"elementor-element elementor-element-ff22de1 elementor-widget elementor-widget-crowdpress-title\" data-id=\"ff22de1\" data-element_type=\"widget\" data-e-type=\"widget\" data-widget_type=\"crowdpress-title.default\">\n\t\t\t\t<div class=\"elementor-widget-container\">\n\t\t\t\t\t        \r\n\t\t<div class=\"heading-content left border-showyes\">\r\n\t\t\t                                <span class=\"sub-title\">Le bonjour<\/span>\r\n                                                                <h2>BONJOUR \/ BIENVENUE<\/h2>\r\n                                   \r\n\t\t<\/div>\r\n    \t\t\t\t\t<\/div>\n\t\t\t\t<\/div>\n\t\t\t\t<div class=\"elementor-element elementor-element-faa1df9 elementor-widget elementor-widget-text-editor\" data-id=\"faa1df9\" data-element_type=\"widget\" data-e-type=\"widget\" data-widget_type=\"text-editor.default\">\n\t\t\t\t<div class=\"elementor-widget-container\">\n\t\t\t\t\t\t\t\t\t<p>La campagne Bonjour \/ Welcome est une initiative de l&#039;Assembl\u00e9e de la francophonie de l&#039;Ontario (AFO), financ\u00e9e par le gouvernement du Canada et associ\u00e9e \u00e0 l&#039;ACFO DP. Bonjour \/ Welcome vise \u00e0 encourager les Ontariens \u00e0 demander leurs services en fran\u00e7ais dans les organismes et entreprises et \u00e0 outiller les entreprises et organismes \u00e0 bien servir leur client\u00e8le en fran\u00e7ais. \u00c0 l&#039;ACFO DP, nous poursuivons l&#039;effort au niveau local en approchant les entrepreneurs et les r\u00e9seaux gouvernementaux pour nous lancer dans le projet. Pour plus de d\u00e9tails sur la campagne Bonjour Welcome, visitez le site Web du projet.<\/p>\t\t\t\t\t\t\t\t<\/div>\n\t\t\t\t<\/div>\n\t\t\t\t<section class=\"elementor-section elementor-inner-section elementor-element elementor-element-c702f6e elementor-section-boxed elementor-section-height-default elementor-section-height-default\" data-id=\"c702f6e\" data-element_type=\"section\" data-e-type=\"section\">\n\t\t\t\t\t\t<div class=\"elementor-container elementor-column-gap-default\">\n\t\t\t\t\t<div class=\"elementor-column elementor-col-50 elementor-inner-column elementor-element elementor-element-97f934f\" data-id=\"97f934f\" data-element_type=\"column\" data-e-type=\"column\">\n\t\t\t<div class=\"elementor-widget-wrap elementor-element-populated\">\n\t\t\t\t\t\t<div class=\"elementor-element elementor-element-7c2c25a elementor-align-center elementor-widget elementor-widget-button\" data-id=\"7c2c25a\" data-element_type=\"widget\" data-e-type=\"widget\" data-widget_type=\"button.default\">\n\t\t\t\t<div class=\"elementor-widget-container\">\n\t\t\t\t\t\t\t\t\t<div class=\"elementor-button-wrapper\">\n\t\t\t\t\t<a class=\"elementor-button elementor-button-link elementor-size-sm\" href=\"https:\/\/l-express.ca\/la-campagne-bonjour-welcome-gagne-durham-peterborough\/\">\n\t\t\t\t\t\t<span class=\"elementor-button-content-wrapper\">\n\t\t\t\t\t\t\t\t\t<span class=\"elementor-button-text\">Dans les m\u00e9dias<\/span>\n\t\t\t\t\t<\/span>\n\t\t\t\t\t<\/a>\n\t\t\t\t<\/div>\n\t\t\t\t\t\t\t\t<\/div>\n\t\t\t\t<\/div>\n\t\t\t\t\t<\/div>\n\t\t<\/div>\n\t\t\t\t<div class=\"elementor-column elementor-col-50 elementor-inner-column elementor-element elementor-element-3d9bbed\" data-id=\"3d9bbed\" data-element_type=\"column\" data-e-type=\"column\">\n\t\t\t<div class=\"elementor-widget-wrap elementor-element-populated\">\n\t\t\t\t\t\t<div class=\"elementor-element elementor-element-810f3d8 elementor-align-center elementor-widget elementor-widget-button\" data-id=\"810f3d8\" data-element_type=\"widget\" data-e-type=\"widget\" data-widget_type=\"button.default\">\n\t\t\t\t<div class=\"elementor-widget-container\">\n\t\t\t\t\t\t\t\t\t<div class=\"elementor-button-wrapper\">\n\t\t\t\t\t<a class=\"elementor-button elementor-button-link elementor-size-sm\" href=\"https:\/\/bonjourwelcome.ca\/\">\n\t\t\t\t\t\t<span class=\"elementor-button-content-wrapper\">\n\t\t\t\t\t\t\t\t\t<span class=\"elementor-button-text\">Site Internet<\/span>\n\t\t\t\t\t<\/span>\n\t\t\t\t\t<\/a>\n\t\t\t\t<\/div>\n\t\t\t\t\t\t\t\t<\/div>\n\t\t\t\t<\/div>\n\t\t\t\t\t<\/div>\n\t\t<\/div>\n\t\t\t\t\t<\/div>\n\t\t<\/section>\n\t\t\t\t\t<\/div>\n\t\t<\/div>\n\t\t\t\t\t<\/div>\n\t\t<\/section>\n\t\t\t\t<section class=\"elementor-section elementor-top-section elementor-element elementor-element-a825daa elementor-section-boxed elementor-section-height-default elementor-section-height-default\" data-id=\"a825daa\" data-element_type=\"section\" data-e-type=\"section\">\n\t\t\t\t\t\t<div class=\"elementor-container elementor-column-gap-default\">\n\t\t\t\t\t<div class=\"elementor-column elementor-col-100 elementor-top-column elementor-element elementor-element-cae097c\" data-id=\"cae097c\" data-element_type=\"column\" data-e-type=\"column\">\n\t\t\t<div class=\"elementor-widget-wrap elementor-element-populated\">\n\t\t\t\t\t\t<div class=\"elementor-element elementor-element-2bf01c7 elementor-widget elementor-widget-crowdpress-gallery\" data-id=\"2bf01c7\" data-element_type=\"widget\" data-e-type=\"widget\" data-widget_type=\"crowdpress-gallery.default\">\n\t\t\t\t<div class=\"elementor-widget-container\">\n\t\t\t\t\t        <div class=\"gallery-content\">\r\n        \t            <div class=\"row gutter\">\r\n                                <div class=\"col-md-4\">\r\n                        <div class=\"single-img-gal\">\r\n                        <img decoding=\"async\" src=\"http:\/\/acfodp.ca\/wp-content\/uploads\/2021\/11\/BW7-370x260_c.jpg\" alt=\"gallery image\">\r\n                        <a href=\"http:\/\/acfodp.ca\/wp-content\/uploads\/2021\/11\/BW7.jpg\" class=\"image-link\"><i class=\"fal fa-expand\"><\/i><\/a>\r\n                        <\/div>\r\n                    <\/div>\r\n                                        <div class=\"col-md-4\">\r\n                        <div class=\"single-img-gal\">\r\n                        <img decoding=\"async\" src=\"http:\/\/acfodp.ca\/wp-content\/uploads\/2021\/11\/DSCF4190-scaled-370x260_c.jpg\" alt=\"gallery image\">\r\n                        <a href=\"http:\/\/acfodp.ca\/wp-content\/uploads\/2021\/11\/DSCF4190-scaled.jpg\" class=\"image-link\"><i class=\"fal fa-expand\"><\/i><\/a>\r\n                        <\/div>\r\n                    <\/div>\r\n                                        <div class=\"col-md-4\">\r\n                        <div class=\"single-img-gal\">\r\n                        <img decoding=\"async\" src=\"http:\/\/acfodp.ca\/wp-content\/uploads\/2021\/11\/DSCF4236-scaled-370x260_c.jpg\" alt=\"gallery image\">\r\n                        <a href=\"http:\/\/acfodp.ca\/wp-content\/uploads\/2021\/11\/DSCF4236-scaled.jpg\" class=\"image-link\"><i class=\"fal fa-expand\"><\/i><\/a>\r\n                        <\/div>\r\n                    <\/div>\r\n                                        <div class=\"col-md-4\">\r\n                        <div class=\"single-img-gal\">\r\n                        <img decoding=\"async\" src=\"http:\/\/acfodp.ca\/wp-content\/uploads\/2021\/11\/fiesta4-370x260_c.jpg\" alt=\"gallery image\">\r\n                        <a href=\"http:\/\/acfodp.ca\/wp-content\/uploads\/2021\/11\/fiesta4.jpg\" class=\"image-link\"><i class=\"fal fa-expand\"><\/i><\/a>\r\n                        <\/div>\r\n                    <\/div>\r\n                                        <div class=\"col-md-4\">\r\n                        <div class=\"single-img-gal\">\r\n                        <img decoding=\"async\" src=\"http:\/\/acfodp.ca\/wp-content\/uploads\/2021\/11\/Franco-Toronto-scaled-370x260_c.jpg\" alt=\"gallery image\">\r\n                        <a href=\"http:\/\/acfodp.ca\/wp-content\/uploads\/2021\/11\/Franco-Toronto-scaled.jpg\" class=\"image-link\"><i class=\"fal fa-expand\"><\/i><\/a>\r\n                        <\/div>\r\n                    <\/div>\r\n                                        <div class=\"col-md-4\">\r\n                        <div class=\"single-img-gal\">\r\n                        <img decoding=\"async\" src=\"http:\/\/acfodp.ca\/wp-content\/uploads\/2021\/11\/IMG_6719-scaled-370x260_c.jpg\" alt=\"gallery image\">\r\n                        <a href=\"http:\/\/acfodp.ca\/wp-content\/uploads\/2021\/11\/IMG_6719-scaled.jpg\" class=\"image-link\"><i class=\"fal fa-expand\"><\/i><\/a>\r\n                        <\/div>\r\n                    <\/div>\r\n                                <\/div>\r\n                 \r\n        <\/div>\r\n\r\n        \t\t\t\t<\/div>\n\t\t\t\t<\/div>\n\t\t\t\t\t<\/div>\n\t\t<\/div>\n\t\t\t\t\t<\/div>\n\t\t<\/section>\n\t\t\t\t<\/div>","protected":false},"excerpt":{"rendered":"<p>La campagne Bonjour BONJOUR \/ WELCOME La campagne Bonjour \/ Welcome<\/p>\n<div class=\"read-more-wrapper\"><a class=\"more-link read-more-link\" href=\"https:\/\/acfodp.ca\/fr\/activities-and-projects\/bonjour-welcome\/\"><i class=\"fal fa-arrow-right\"><\/i>Lire la suite<\/a><\/div>","protected":false},"author":1,"featured_media":0,"parent":1198,"menu_order":0,"comment_status":"closed","ping_status":"closed","template":"elementor_header_footer","meta":{"give_campaign_id":0,"inline_featured_image":false,"footnotes":""},"class_list":["post-1213","page","type-page","status-publish","hentry"],"campaignId":"","_links":{"self":[{"href":"https:\/\/acfodp.ca\/fr\/wp-json\/wp\/v2\/pages\/1213","targetHints":{"allow":["GET"]}}],"collection":[{"href":"https:\/\/acfodp.ca\/fr\/wp-json\/wp\/v2\/pages"}],"about":[{"href":"https:\/\/acfodp.ca\/fr\/wp-json\/wp\/v2\/types\/page"}],"author":[{"embeddable":true,"href":"https:\/\/acfodp.ca\/fr\/wp-json\/wp\/v2\/users\/1"}],"replies":[{"embeddable":true,"href":"https:\/\/acfodp.ca\/fr\/wp-json\/wp\/v2\/comments?post=1213"}],"version-history":[{"count":5,"href":"https:\/\/acfodp.ca\/fr\/wp-json\/wp\/v2\/pages\/1213\/revisions"}],"predecessor-version":[{"id":1595,"href":"https:\/\/acfodp.ca\/fr\/wp-json\/wp\/v2\/pages\/1213\/revisions\/1595"}],"up":[{"embeddable":true,"href":"https:\/\/acfodp.ca\/fr\/wp-json\/wp\/v2\/pages\/1198"}],"wp:attachment":[{"href":"https:\/\/acfodp.ca\/fr\/wp-json\/wp\/v2\/media?parent=1213"}],"curies":[{"name":"wp","href":"https:\/\/api.w.org\/{rel}","templated":true}]}}