{"id":1209,"date":"2021-11-10T15:42:11","date_gmt":"2021-11-10T20:42:11","guid":{"rendered":"http:\/\/5xk.ad3.mywebsitetransfer.com\/?page_id=1209"},"modified":"2021-11-15T04:45:49","modified_gmt":"2021-11-15T09:45:49","slug":"the-facc-project","status":"publish","type":"page","link":"https:\/\/acfodp.ca\/fr\/activities-and-projects\/the-facc-project\/","title":{"rendered":"Le projet FACC"},"content":{"rendered":"<div data-elementor-type=\"wp-page\" data-elementor-id=\"1209\" class=\"elementor elementor-1209\" data-elementor-post-type=\"page\">\n\t\t\t\t\t\t<section class=\"elementor-section elementor-top-section elementor-element elementor-element-05493cb elementor-section-boxed elementor-section-height-default elementor-section-height-default\" data-id=\"05493cb\" data-element_type=\"section\" data-e-type=\"section\">\n\t\t\t\t\t\t<div class=\"elementor-container elementor-column-gap-default\">\n\t\t\t\t\t<div class=\"elementor-column elementor-col-100 elementor-top-column elementor-element elementor-element-10b0671\" data-id=\"10b0671\" data-element_type=\"column\" data-e-type=\"column\">\n\t\t\t<div class=\"elementor-widget-wrap elementor-element-populated\">\n\t\t\t\t\t\t<div class=\"elementor-element elementor-element-da173d9 elementor-widget elementor-widget-heading\" data-id=\"da173d9\" data-element_type=\"widget\" data-e-type=\"widget\" data-widget_type=\"heading.default\">\n\t\t\t\t<div class=\"elementor-widget-container\">\n\t\t\t\t\t<h2 class=\"elementor-heading-title elementor-size-default\">FACC : EXPLORATION ARTISTIQUES DES A\u00ceN\u00c9S FRANCOPHONES ET FRANCOPHILES DE DURHAM-PETERBOROUGH\n\n<\/h2>\t\t\t\t<\/div>\n\t\t\t\t<\/div>\n\t\t\t\t\t<\/div>\n\t\t<\/div>\n\t\t\t\t\t<\/div>\n\t\t<\/section>\n\t\t\t\t<section class=\"elementor-section elementor-top-section elementor-element elementor-element-0ae6526 elementor-section-boxed elementor-section-height-default elementor-section-height-default\" data-id=\"0ae6526\" data-element_type=\"section\" data-e-type=\"section\">\n\t\t\t\t\t\t<div class=\"elementor-container elementor-column-gap-default\">\n\t\t\t\t\t<div class=\"elementor-column elementor-col-50 elementor-top-column elementor-element elementor-element-f552337\" data-id=\"f552337\" data-element_type=\"column\" data-e-type=\"column\" data-settings=\"{&quot;background_background&quot;:&quot;classic&quot;}\">\n\t\t\t<div class=\"elementor-widget-wrap\">\n\t\t\t\t\t<div class=\"elementor-background-overlay\"><\/div>\n\t\t\t\t\t\t\t<\/div>\n\t\t<\/div>\n\t\t\t\t<div class=\"elementor-column elementor-col-50 elementor-top-column elementor-element elementor-element-91bdbea\" data-id=\"91bdbea\" data-element_type=\"column\" data-e-type=\"column\">\n\t\t\t<div class=\"elementor-widget-wrap elementor-element-populated\">\n\t\t\t\t\t\t<div class=\"elementor-element elementor-element-ff22de1 elementor-widget elementor-widget-crowdpress-title\" data-id=\"ff22de1\" data-element_type=\"widget\" data-e-type=\"widget\" data-widget_type=\"crowdpress-title.default\">\n\t\t\t\t<div class=\"elementor-widget-container\">\n\t\t\t\t\t        \r\n\t\t<div class=\"heading-content left border-showyes\">\r\n\t\t\t                                <span class=\"sub-title\">FACC<\/span>\r\n                                                                <h2>Le projet FACC<\/h2>\r\n                                   \r\n\t\t<\/div>\r\n    \t\t\t\t\t<\/div>\n\t\t\t\t<\/div>\n\t\t\t\t<div class=\"elementor-element elementor-element-faa1df9 elementor-widget elementor-widget-text-editor\" data-id=\"faa1df9\" data-element_type=\"widget\" data-e-type=\"widget\" data-widget_type=\"text-editor.default\">\n\t\t\t\t<div class=\"elementor-widget-container\">\n\t\t\t\t\t\t\t\t\t<p class=\"font_8\">L&#039;ACFO-DP a re\u00e7u sa subvention gouvernementale de Patrimoine Canada pour le projet \u00ab FACC \u00bb qui vise \u00e0 organiser une s\u00e9rie d&#039;activit\u00e9s artistiques pour les a\u00een\u00e9s francophones et francophiles afin d&#039;amorcer leur cr\u00e9ativit\u00e9 et leur bien-\u00eatre tout en envisageant diff\u00e9rentes strat\u00e9gies d&#039;avoir une communaut\u00e9 plus inclusive en utilisant les arts visuels.\u00a0<br \/><br \/>\u200bLes a\u00een\u00e9s francophones et francophiles ont \u00e9t\u00e9 invit\u00e9s \u00e0 d\u00e9couvrir les arts visuels avec cinq artistes qui ont partag\u00e9 leur exp\u00e9rience \u00e0 travers ce projet port\u00e9 par l&#039;ACFO-DP. Cette activit\u00e9 enrichissante consistait en 33 ateliers, donn\u00e9s dans six lieux, auxquels ont particip\u00e9 131 personnes de tous \u00e2ges.<\/p><p class=\"font_8\">Notre \u00e9quipe \u00e9tait fi\u00e8re de voir des a\u00een\u00e9s qui forment une proportion importante de la communaut\u00e9 francophone de la r\u00e9gion de Durham \u2013 Peterborough d\u00e9velopper leurs habilet\u00e9s artistiques et sociales avec enthousiasme.<\/p>\t\t\t\t\t\t\t\t<\/div>\n\t\t\t\t<\/div>\n\t\t\t\t\t<\/div>\n\t\t<\/div>\n\t\t\t\t\t<\/div>\n\t\t<\/section>\n\t\t\t\t<\/div>","protected":false},"excerpt":{"rendered":"<p>FACC : EXPLORATION ARTISTIQUES DES A\u00ceN\u00c9S FRANCOPHONES ET FRANCOPHILES DE<\/p>\n<div class=\"read-more-wrapper\"><a class=\"more-link read-more-link\" href=\"https:\/\/acfodp.ca\/fr\/activities-and-projects\/the-facc-project\/\"><i class=\"fal fa-arrow-right\"><\/i>Lire la suite<\/a><\/div>","protected":false},"author":1,"featured_media":0,"parent":1198,"menu_order":0,"comment_status":"closed","ping_status":"closed","template":"elementor_header_footer","meta":{"give_campaign_id":0,"inline_featured_image":false,"footnotes":""},"class_list":["post-1209","page","type-page","status-publish","hentry"],"campaignId":"","_links":{"self":[{"href":"https:\/\/acfodp.ca\/fr\/wp-json\/wp\/v2\/pages\/1209","targetHints":{"allow":["GET"]}}],"collection":[{"href":"https:\/\/acfodp.ca\/fr\/wp-json\/wp\/v2\/pages"}],"about":[{"href":"https:\/\/acfodp.ca\/fr\/wp-json\/wp\/v2\/types\/page"}],"author":[{"embeddable":true,"href":"https:\/\/acfodp.ca\/fr\/wp-json\/wp\/v2\/users\/1"}],"replies":[{"embeddable":true,"href":"https:\/\/acfodp.ca\/fr\/wp-json\/wp\/v2\/comments?post=1209"}],"version-history":[{"count":5,"href":"https:\/\/acfodp.ca\/fr\/wp-json\/wp\/v2\/pages\/1209\/revisions"}],"predecessor-version":[{"id":1593,"href":"https:\/\/acfodp.ca\/fr\/wp-json\/wp\/v2\/pages\/1209\/revisions\/1593"}],"up":[{"embeddable":true,"href":"https:\/\/acfodp.ca\/fr\/wp-json\/wp\/v2\/pages\/1198"}],"wp:attachment":[{"href":"https:\/\/acfodp.ca\/fr\/wp-json\/wp\/v2\/media?parent=1209"}],"curies":[{"name":"wp","href":"https:\/\/api.w.org\/{rel}","templated":true}]}}