{"id":1207,"date":"2021-11-10T15:41:53","date_gmt":"2021-11-10T20:41:53","guid":{"rendered":"http:\/\/5xk.ad3.mywebsitetransfer.com\/?page_id=1207"},"modified":"2021-11-15T04:43:06","modified_gmt":"2021-11-15T09:43:06","slug":"francophone-vitality","status":"publish","type":"page","link":"https:\/\/acfodp.ca\/fr\/activities-and-projects\/francophone-vitality\/","title":{"rendered":"Vitalit\u00e9 francophone"},"content":{"rendered":"<div data-elementor-type=\"wp-page\" data-elementor-id=\"1207\" class=\"elementor elementor-1207\" data-elementor-post-type=\"page\">\n\t\t\t\t\t\t<section class=\"elementor-section elementor-top-section elementor-element elementor-element-0ae6526 elementor-section-boxed elementor-section-height-default elementor-section-height-default\" data-id=\"0ae6526\" data-element_type=\"section\" data-e-type=\"section\">\n\t\t\t\t\t\t<div class=\"elementor-container elementor-column-gap-default\">\n\t\t\t\t\t<div class=\"elementor-column elementor-col-50 elementor-top-column elementor-element elementor-element-91bdbea\" data-id=\"91bdbea\" data-element_type=\"column\" data-e-type=\"column\">\n\t\t\t<div class=\"elementor-widget-wrap elementor-element-populated\">\n\t\t\t\t\t\t<div class=\"elementor-element elementor-element-ff22de1 elementor-widget elementor-widget-crowdpress-title\" data-id=\"ff22de1\" data-element_type=\"widget\" data-e-type=\"widget\" data-widget_type=\"crowdpress-title.default\">\n\t\t\t\t<div class=\"elementor-widget-container\">\n\t\t\t\t\t        \r\n\t\t<div class=\"heading-content left border-showyes\">\r\n\t\t\t                                <span class=\"sub-title\">ACFO-DP<\/span>\r\n                                                                <h2>Vitalit\u00e9 francophone<\/h2>\r\n                                   \r\n\t\t<\/div>\r\n    \t\t\t\t\t<\/div>\n\t\t\t\t<\/div>\n\t\t\t\t<div class=\"elementor-element elementor-element-faa1df9 elementor-widget elementor-widget-text-editor\" data-id=\"faa1df9\" data-element_type=\"widget\" data-e-type=\"widget\" data-widget_type=\"text-editor.default\">\n\t\t\t\t<div class=\"elementor-widget-container\">\n\t\t\t\t\t\t\t\t\t<p class=\"font_8\">L&#039;ACFO-DP travaille \u00e0 assurer la reconnaissance, le d\u00e9veloppement de la communaut\u00e9 francophone et \u00e0 \u00eatre sa voix politique \u00e0 tous les niveaux aupr\u00e8s du gouvernement.\u200b En plus de son r\u00f4le politique de porte-parole officiel des francophones et francophiles de la r\u00e9gion de Durham-Peterborough, l&#039;ACFO-DP offre \u00e9galement des services d&#039;\u00e9tablissement et de soutien \u00e0 nos partenaires pour aider les nouveaux arrivants de la r\u00e9gion \u00e0 s&#039;int\u00e9grer dans leur nouvelle communaut\u00e9 ou milieu scolaire afin de favoriser l&#039;int\u00e9gration des jeunes personnes qui arrivent dans une nouvelle \u00e9cole et favorise toutes les opportunit\u00e9s de d\u00e9veloppement de ses membres par diverses activit\u00e9s avec une approche qui respecte les principes du d\u00e9veloppement \u00e9conomique communautaire.<\/p>\n\n<p class=\"font_8\">Nous croyons que la communaut\u00e9 francophone joue un r\u00f4le cl\u00e9 dans le d\u00e9veloppement \u00e9conomique, social et culturel de l&#039;Ontario et du Canada.<\/p>\t\t\t\t\t\t\t\t<\/div>\n\t\t\t\t<\/div>\n\t\t\t\t<div class=\"elementor-element elementor-element-e379efc elementor-align-left elementor-widget elementor-widget-button\" data-id=\"e379efc\" data-element_type=\"widget\" data-e-type=\"widget\" data-widget_type=\"button.default\">\n\t\t\t\t<div class=\"elementor-widget-container\">\n\t\t\t\t\t\t\t\t\t<div class=\"elementor-button-wrapper\">\n\t\t\t\t\t<a class=\"elementor-button elementor-button-link elementor-size-sm\" href=\"#\">\n\t\t\t\t\t\t<span class=\"elementor-button-content-wrapper\">\n\t\t\t\t\t\t\t\t\t<span class=\"elementor-button-text\">D\u00e9couvrir plus<\/span>\n\t\t\t\t\t<\/span>\n\t\t\t\t\t<\/a>\n\t\t\t\t<\/div>\n\t\t\t\t\t\t\t\t<\/div>\n\t\t\t\t<\/div>\n\t\t\t\t\t<\/div>\n\t\t<\/div>\n\t\t\t\t<div class=\"elementor-column elementor-col-50 elementor-top-column elementor-element elementor-element-f552337\" data-id=\"f552337\" data-element_type=\"column\" data-e-type=\"column\">\n\t\t\t<div class=\"elementor-widget-wrap elementor-element-populated\">\n\t\t\t\t\t\t<div class=\"elementor-element elementor-element-5db2386 elementor-widget elementor-widget-image\" data-id=\"5db2386\" data-element_type=\"widget\" data-e-type=\"widget\" data-widget_type=\"image.default\">\n\t\t\t\t<div class=\"elementor-widget-container\">\n\t\t\t\t\t\t\t\t\t\t\t\t\t\t\t<img fetchpriority=\"high\" decoding=\"async\" width=\"538\" height=\"715\" src=\"https:\/\/acfodp.ca\/wp-content\/uploads\/2021\/11\/1.png\" class=\"attachment-large size-large wp-image-1343\" alt=\"\" srcset=\"https:\/\/acfodp.ca\/wp-content\/uploads\/2021\/11\/1.png 538w, https:\/\/acfodp.ca\/wp-content\/uploads\/2021\/11\/1-226x300.png 226w\" sizes=\"(max-width: 538px) 100vw, 538px\" \/>\t\t\t\t\t\t\t\t\t\t\t\t\t\t\t<\/div>\n\t\t\t\t<\/div>\n\t\t\t\t\t<\/div>\n\t\t<\/div>\n\t\t\t\t\t<\/div>\n\t\t<\/section>\n\t\t\t\t<\/div>","protected":false},"excerpt":{"rendered":"<p>ACFO-DP Vitalit\u00e9 francophone L&#039;ACFO-DP travaille \u00e0 assurer la reconnaissance, le d\u00e9veloppement<\/p>\n<div class=\"read-more-wrapper\"><a class=\"more-link read-more-link\" href=\"https:\/\/acfodp.ca\/fr\/activities-and-projects\/francophone-vitality\/\"><i class=\"fal fa-arrow-right\"><\/i>Lire la suite<\/a><\/div>","protected":false},"author":1,"featured_media":0,"parent":1198,"menu_order":0,"comment_status":"closed","ping_status":"closed","template":"elementor_header_footer","meta":{"give_campaign_id":0,"inline_featured_image":false,"footnotes":""},"class_list":["post-1207","page","type-page","status-publish","hentry"],"campaignId":"","_links":{"self":[{"href":"https:\/\/acfodp.ca\/fr\/wp-json\/wp\/v2\/pages\/1207","targetHints":{"allow":["GET"]}}],"collection":[{"href":"https:\/\/acfodp.ca\/fr\/wp-json\/wp\/v2\/pages"}],"about":[{"href":"https:\/\/acfodp.ca\/fr\/wp-json\/wp\/v2\/types\/page"}],"author":[{"embeddable":true,"href":"https:\/\/acfodp.ca\/fr\/wp-json\/wp\/v2\/users\/1"}],"replies":[{"embeddable":true,"href":"https:\/\/acfodp.ca\/fr\/wp-json\/wp\/v2\/comments?post=1207"}],"version-history":[{"count":5,"href":"https:\/\/acfodp.ca\/fr\/wp-json\/wp\/v2\/pages\/1207\/revisions"}],"predecessor-version":[{"id":1592,"href":"https:\/\/acfodp.ca\/fr\/wp-json\/wp\/v2\/pages\/1207\/revisions\/1592"}],"up":[{"embeddable":true,"href":"https:\/\/acfodp.ca\/fr\/wp-json\/wp\/v2\/pages\/1198"}],"wp:attachment":[{"href":"https:\/\/acfodp.ca\/fr\/wp-json\/wp\/v2\/media?parent=1207"}],"curies":[{"name":"wp","href":"https:\/\/api.w.org\/{rel}","templated":true}]}}