{"id":1203,"date":"2021-11-10T15:41:12","date_gmt":"2021-11-10T20:41:12","guid":{"rendered":"http:\/\/5xk.ad3.mywebsitetransfer.com\/?page_id=1203"},"modified":"2021-11-15T04:42:46","modified_gmt":"2021-11-15T09:42:46","slug":"35th-anniversary","status":"publish","type":"page","link":"https:\/\/acfodp.ca\/fr\/activities-and-projects\/35th-anniversary\/","title":{"rendered":"35e anniversaire"},"content":{"rendered":"<div data-elementor-type=\"wp-page\" data-elementor-id=\"1203\" class=\"elementor elementor-1203\" data-elementor-post-type=\"page\">\n\t\t\t\t\t\t<section class=\"elementor-section elementor-top-section elementor-element elementor-element-0ae6526 elementor-section-boxed elementor-section-height-default elementor-section-height-default\" data-id=\"0ae6526\" data-element_type=\"section\" data-e-type=\"section\">\n\t\t\t\t\t\t<div class=\"elementor-container elementor-column-gap-default\">\n\t\t\t\t\t<div class=\"elementor-column elementor-col-50 elementor-top-column elementor-element elementor-element-f552337\" data-id=\"f552337\" data-element_type=\"column\" data-e-type=\"column\">\n\t\t\t<div class=\"elementor-widget-wrap elementor-element-populated\">\n\t\t\t\t\t\t<div class=\"elementor-element elementor-element-5db2386 elementor-widget elementor-widget-image\" data-id=\"5db2386\" data-element_type=\"widget\" data-e-type=\"widget\" data-widget_type=\"image.default\">\n\t\t\t\t<div class=\"elementor-widget-container\">\n\t\t\t\t\t\t\t\t\t\t\t\t\t\t\t<img fetchpriority=\"high\" decoding=\"async\" width=\"480\" height=\"640\" src=\"https:\/\/acfodp.ca\/wp-content\/uploads\/2021\/11\/IMG_3060-rotated.jpg\" class=\"attachment-large size-large wp-image-1327\" alt=\"\" srcset=\"https:\/\/acfodp.ca\/wp-content\/uploads\/2021\/11\/IMG_3060-rotated.jpg 480w, https:\/\/acfodp.ca\/wp-content\/uploads\/2021\/11\/IMG_3060-225x300.jpg 225w\" sizes=\"(max-width: 480px) 100vw, 480px\" \/>\t\t\t\t\t\t\t\t\t\t\t\t\t\t\t<\/div>\n\t\t\t\t<\/div>\n\t\t\t\t\t<\/div>\n\t\t<\/div>\n\t\t\t\t<div class=\"elementor-column elementor-col-50 elementor-top-column elementor-element elementor-element-91bdbea\" data-id=\"91bdbea\" data-element_type=\"column\" data-e-type=\"column\">\n\t\t\t<div class=\"elementor-widget-wrap elementor-element-populated\">\n\t\t\t\t\t\t<div class=\"elementor-element elementor-element-ff22de1 elementor-widget elementor-widget-crowdpress-title\" data-id=\"ff22de1\" data-element_type=\"widget\" data-e-type=\"widget\" data-widget_type=\"crowdpress-title.default\">\n\t\t\t\t<div class=\"elementor-widget-container\">\n\t\t\t\t\t        \r\n\t\t<div class=\"heading-content left border-showyes\">\r\n\t\t\t                                <span class=\"sub-title\">Anniversaire<\/span>\r\n                                                                <h2>35e anniversaire<\/h2>\r\n                                   \r\n\t\t<\/div>\r\n    \t\t\t\t\t<\/div>\n\t\t\t\t<\/div>\n\t\t\t\t<div class=\"elementor-element elementor-element-faa1df9 elementor-widget elementor-widget-text-editor\" data-id=\"faa1df9\" data-element_type=\"widget\" data-e-type=\"widget\" data-widget_type=\"text-editor.default\">\n\t\t\t\t<div class=\"elementor-widget-container\">\n\t\t\t\t\t\t\t\t\t<p>Dans sa salle de r\u00e9ception de Whitby, L&#039;Amicale a accueilli, le 4 octobre 2019, la c\u00e9l\u00e9bration du 35e anniversaire de l&#039;Assembl\u00e9e des communaut\u00e9s francophones de l&#039;Ontario Durham-Peterborough. Anim\u00e9e par Elvis Nouemsi, chroniqueur de Radio-Canada, la soir\u00e9e a r\u00e9uni une soixantaine de participants, a permis \u00e0 de nombreuses personnalit\u00e9s de s&#039;exprimer sur ce que repr\u00e9sente pour elles cet organisme et la francophonie de la r\u00e9gion.<\/p>\t\t\t\t\t\t\t\t<\/div>\n\t\t\t\t<\/div>\n\t\t\t\t<div class=\"elementor-element elementor-element-cb7980b elementor-align-center elementor-widget elementor-widget-button\" data-id=\"cb7980b\" data-element_type=\"widget\" data-e-type=\"widget\" data-widget_type=\"button.default\">\n\t\t\t\t<div class=\"elementor-widget-container\">\n\t\t\t\t\t\t\t\t\t<div class=\"elementor-button-wrapper\">\n\t\t\t\t\t<a class=\"elementor-button elementor-button-link elementor-size-sm\" href=\"https:\/\/lemetropolitain.com\/lacfo-durham-peterborough-passe-le-cap-des-35-ans\/?fbclid=IwAR0NnQt_3B0VlJcn8VgnY1UmZIGxrDlP751d2kSA837qoAPyDg-dmqzv14I\">\n\t\t\t\t\t\t<span class=\"elementor-button-content-wrapper\">\n\t\t\t\t\t\t\t\t\t<span class=\"elementor-button-text\">35e anniversaire dans les m\u00e9dias...<\/span>\n\t\t\t\t\t<\/span>\n\t\t\t\t\t<\/a>\n\t\t\t\t<\/div>\n\t\t\t\t\t\t\t\t<\/div>\n\t\t\t\t<\/div>\n\t\t\t\t\t<\/div>\n\t\t<\/div>\n\t\t\t\t\t<\/div>\n\t\t<\/section>\n\t\t\t\t<section class=\"elementor-section elementor-top-section elementor-element elementor-element-77b96ee elementor-section-boxed elementor-section-height-default elementor-section-height-default\" data-id=\"77b96ee\" data-element_type=\"section\" data-e-type=\"section\" data-settings=\"{&quot;background_background&quot;:&quot;classic&quot;}\">\n\t\t\t\t\t\t<div class=\"elementor-container elementor-column-gap-default\">\n\t\t\t\t\t<div class=\"elementor-column elementor-col-100 elementor-top-column elementor-element elementor-element-7d5cb68\" data-id=\"7d5cb68\" data-element_type=\"column\" data-e-type=\"column\">\n\t\t\t<div class=\"elementor-widget-wrap elementor-element-populated\">\n\t\t\t\t\t\t<div class=\"elementor-element elementor-element-47f104c elementor-arrows-position-inside elementor-pagination-position-outside elementor-widget elementor-widget-image-carousel\" data-id=\"47f104c\" data-element_type=\"widget\" data-e-type=\"widget\" data-settings=\"{&quot;image_spacing_custom&quot;:{&quot;unit&quot;:&quot;px&quot;,&quot;size&quot;:29,&quot;sizes&quot;:[]},&quot;navigation&quot;:&quot;both&quot;,&quot;autoplay&quot;:&quot;yes&quot;,&quot;pause_on_hover&quot;:&quot;yes&quot;,&quot;pause_on_interaction&quot;:&quot;yes&quot;,&quot;autoplay_speed&quot;:5000,&quot;infinite&quot;:&quot;yes&quot;,&quot;speed&quot;:500,&quot;image_spacing_custom_tablet&quot;:{&quot;unit&quot;:&quot;px&quot;,&quot;size&quot;:&quot;&quot;,&quot;sizes&quot;:[]},&quot;image_spacing_custom_mobile&quot;:{&quot;unit&quot;:&quot;px&quot;,&quot;size&quot;:&quot;&quot;,&quot;sizes&quot;:[]}}\" data-widget_type=\"image-carousel.default\">\n\t\t\t\t<div class=\"elementor-widget-container\">\n\t\t\t\t\t\t\t<div class=\"elementor-image-carousel-wrapper swiper\" role=\"region\" aria-roledescription=\"carousel\" aria-label=\"Image Carousel\" dir=\"ltr\">\n\t\t\t<div class=\"elementor-image-carousel swiper-wrapper swiper-image-stretch\" aria-live=\"off\">\n\t\t\t\t\t\t\t\t<div class=\"swiper-slide\" role=\"group\" aria-roledescription=\"slide\" aria-label=\"1 of 3\"><figure class=\"swiper-slide-inner\"><img decoding=\"async\" class=\"swiper-slide-image\" src=\"https:\/\/acfodp.ca\/wp-content\/uploads\/2021\/11\/1.webp\" alt=\"1\" \/><\/figure><\/div><div class=\"swiper-slide\" role=\"group\" aria-roledescription=\"slide\" aria-label=\"2 of 3\"><figure class=\"swiper-slide-inner\"><img decoding=\"async\" class=\"swiper-slide-image\" src=\"https:\/\/acfodp.ca\/wp-content\/uploads\/2021\/11\/2.webp\" alt=\"2\" \/><\/figure><\/div><div class=\"swiper-slide\" role=\"group\" aria-roledescription=\"slide\" aria-label=\"3 of 3\"><figure class=\"swiper-slide-inner\"><img decoding=\"async\" class=\"swiper-slide-image\" src=\"https:\/\/acfodp.ca\/wp-content\/uploads\/2021\/11\/3.webp\" alt=\"3\" \/><\/figure><\/div>\t\t\t<\/div>\n\t\t\t\t\t\t\t\t\t\t\t\t<div class=\"elementor-swiper-button elementor-swiper-button-prev\" role=\"button\" tabindex=\"0\">\n\t\t\t\t\t\t<i aria-hidden=\"true\" class=\"eicon-chevron-left\"><\/i>\t\t\t\t\t<\/div>\n\t\t\t\t\t<div class=\"elementor-swiper-button elementor-swiper-button-next\" role=\"button\" tabindex=\"0\">\n\t\t\t\t\t\t<i aria-hidden=\"true\" class=\"eicon-chevron-right\"><\/i>\t\t\t\t\t<\/div>\n\t\t\t\t\n\t\t\t\t\t\t\t\t\t<div class=\"swiper-pagination\"><\/div>\n\t\t\t\t\t\t\t\t\t<\/div>\n\t\t\t\t\t\t<\/div>\n\t\t\t\t<\/div>\n\t\t\t\t\t<\/div>\n\t\t<\/div>\n\t\t\t\t\t<\/div>\n\t\t<\/section>\n\t\t\t\t<\/div>","protected":false},"excerpt":{"rendered":"<p>Anniversaire 35e anniversaire Dans sa salle de r\u00e9ception \u00e0 Whitby, L&#039;Amicale<\/p>\n<div class=\"read-more-wrapper\"><a class=\"more-link read-more-link\" href=\"https:\/\/acfodp.ca\/fr\/activities-and-projects\/35th-anniversary\/\"><i class=\"fal fa-arrow-right\"><\/i>Lire la suite<\/a><\/div>","protected":false},"author":1,"featured_media":0,"parent":1198,"menu_order":0,"comment_status":"closed","ping_status":"closed","template":"elementor_header_footer","meta":{"give_campaign_id":0,"inline_featured_image":false,"footnotes":""},"class_list":["post-1203","page","type-page","status-publish","hentry"],"campaignId":"","_links":{"self":[{"href":"https:\/\/acfodp.ca\/fr\/wp-json\/wp\/v2\/pages\/1203","targetHints":{"allow":["GET"]}}],"collection":[{"href":"https:\/\/acfodp.ca\/fr\/wp-json\/wp\/v2\/pages"}],"about":[{"href":"https:\/\/acfodp.ca\/fr\/wp-json\/wp\/v2\/types\/page"}],"author":[{"embeddable":true,"href":"https:\/\/acfodp.ca\/fr\/wp-json\/wp\/v2\/users\/1"}],"replies":[{"embeddable":true,"href":"https:\/\/acfodp.ca\/fr\/wp-json\/wp\/v2\/comments?post=1203"}],"version-history":[{"count":14,"href":"https:\/\/acfodp.ca\/fr\/wp-json\/wp\/v2\/pages\/1203\/revisions"}],"predecessor-version":[{"id":1590,"href":"https:\/\/acfodp.ca\/fr\/wp-json\/wp\/v2\/pages\/1203\/revisions\/1590"}],"up":[{"embeddable":true,"href":"https:\/\/acfodp.ca\/fr\/wp-json\/wp\/v2\/pages\/1198"}],"wp:attachment":[{"href":"https:\/\/acfodp.ca\/fr\/wp-json\/wp\/v2\/media?parent=1203"}],"curies":[{"name":"wp","href":"https:\/\/api.w.org\/{rel}","templated":true}]}}