{"id":1201,"date":"2021-11-10T15:40:54","date_gmt":"2021-11-10T20:40:54","guid":{"rendered":"http:\/\/5xk.ad3.mywebsitetransfer.com\/?page_id=1201"},"modified":"2023-09-21T09:14:09","modified_gmt":"2023-09-21T13:14:09","slug":"celebrations","status":"publish","type":"page","link":"https:\/\/acfodp.ca\/fr\/activities-and-projects\/celebrations\/","title":{"rendered":"C\u00e9l\u00e9brations"},"content":{"rendered":"<div data-elementor-type=\"wp-page\" data-elementor-id=\"1201\" class=\"elementor elementor-1201\" data-elementor-post-type=\"page\">\n\t\t\t\t\t\t<section class=\"elementor-section elementor-top-section elementor-element elementor-element-370bf011 elementor-section-boxed elementor-section-height-default elementor-section-height-default\" data-id=\"370bf011\" data-element_type=\"section\" data-e-type=\"section\">\n\t\t\t\t\t\t<div class=\"elementor-container elementor-column-gap-default\">\n\t\t\t\t\t<div class=\"elementor-column elementor-col-50 elementor-top-column elementor-element elementor-element-3ae3aa08\" data-id=\"3ae3aa08\" data-element_type=\"column\" data-e-type=\"column\">\n\t\t\t<div class=\"elementor-widget-wrap elementor-element-populated\">\n\t\t\t\t\t\t<div class=\"elementor-element elementor-element-b1a06aa elementor-widget elementor-widget-heading\" data-id=\"b1a06aa\" data-element_type=\"widget\" data-e-type=\"widget\" data-widget_type=\"heading.default\">\n\t\t\t\t<div class=\"elementor-widget-container\">\n\t\t\t\t\t<h2 class=\"elementor-heading-title elementor-size-default\">C\u00c9L\u00c9BRATIONS<\/h2>\t\t\t\t<\/div>\n\t\t\t\t<\/div>\n\t\t\t\t<div class=\"elementor-element elementor-element-3c397a3 elementor-widget elementor-widget-text-editor\" data-id=\"3c397a3\" data-element_type=\"widget\" data-e-type=\"widget\" data-widget_type=\"text-editor.default\">\n\t\t\t\t<div class=\"elementor-widget-container\">\n\t\t\t\t\t\t\t\t\tLe comit\u00e9 responsable de la c\u00e9l\u00e9bration est responsable de l&#039;organisation et de la planification de la journ\u00e9e franco-ontarienne. Le comit\u00e9 travaille \u00e9galement en collaboration avec d&#039;autres organismes francophones de la r\u00e9gion pour organiser et r\u00e9aliser des activit\u00e9s li\u00e9es \u00e0 la Fiesta.\t\t\t\t\t\t\t\t<\/div>\n\t\t\t\t<\/div>\n\t\t\t\t<div class=\"elementor-element elementor-element-30e218ac elementor-align-left elementor-widget elementor-widget-button\" data-id=\"30e218ac\" data-element_type=\"widget\" data-e-type=\"widget\" data-widget_type=\"button.default\">\n\t\t\t\t<div class=\"elementor-widget-container\">\n\t\t\t\t\t\t\t\t\t<div class=\"elementor-button-wrapper\">\n\t\t\t\t\t<a class=\"elementor-button elementor-button-link elementor-size-md\" href=\"http:\/\/acfodp.ca\/abou-us\/\">\n\t\t\t\t\t\t<span class=\"elementor-button-content-wrapper\">\n\t\t\t\t\t\t<span class=\"elementor-button-icon\">\n\t\t\t\t<i aria-hidden=\"true\" class=\"fas fa-arrow-right\"><\/i>\t\t\t<\/span>\n\t\t\t\t\t\t\t\t\t<span class=\"elementor-button-text\">Lire la suite<\/span>\n\t\t\t\t\t<\/span>\n\t\t\t\t\t<\/a>\n\t\t\t\t<\/div>\n\t\t\t\t\t\t\t\t<\/div>\n\t\t\t\t<\/div>\n\t\t\t\t\t<\/div>\n\t\t<\/div>\n\t\t\t\t<div class=\"elementor-column elementor-col-50 elementor-top-column elementor-element elementor-element-2f570cc6\" data-id=\"2f570cc6\" data-element_type=\"column\" data-e-type=\"column\" data-settings=\"{&quot;background_background&quot;:&quot;classic&quot;}\">\n\t\t\t<div class=\"elementor-widget-wrap\">\n\t\t\t\t\t\t\t<\/div>\n\t\t<\/div>\n\t\t\t\t\t<\/div>\n\t\t<\/section>\n\t\t\t\t<section class=\"elementor-section elementor-top-section elementor-element elementor-element-2075e47 elementor-section-boxed elementor-section-height-default elementor-section-height-default\" data-id=\"2075e47\" data-element_type=\"section\" data-e-type=\"section\" data-settings=\"{&quot;background_background&quot;:&quot;classic&quot;}\">\n\t\t\t\t\t\t<div class=\"elementor-container elementor-column-gap-default\">\n\t\t\t\t\t<div class=\"elementor-column elementor-col-100 elementor-top-column elementor-element elementor-element-fb4610d\" data-id=\"fb4610d\" data-element_type=\"column\" data-e-type=\"column\">\n\t\t\t<div class=\"elementor-widget-wrap elementor-element-populated\">\n\t\t\t\t\t\t<div class=\"elementor-element elementor-element-403b1a0 elementor-widget elementor-widget-heading\" data-id=\"403b1a0\" data-element_type=\"widget\" data-e-type=\"widget\" data-widget_type=\"heading.default\">\n\t\t\t\t<div class=\"elementor-widget-container\">\n\t\t\t\t\t<h2 class=\"elementor-heading-title elementor-size-default\">C\u00c9L\u00c9BRATIONS\n<\/h2>\t\t\t\t<\/div>\n\t\t\t\t<\/div>\n\t\t\t\t<div class=\"elementor-element elementor-element-00ddc0d elementor-widget elementor-widget-text-editor\" data-id=\"00ddc0d\" data-element_type=\"widget\" data-e-type=\"widget\" data-widget_type=\"text-editor.default\">\n\t\t\t\t<div class=\"elementor-widget-container\">\n\t\t\t\t\t\t\t\t\tLe comit\u00e9 responsable de la c\u00e9l\u00e9bration est responsable de l&#039;organisation et de la planification de la journ\u00e9e franco-ontarienne. Le comit\u00e9 travaille \u00e9galement en collaboration avec d&#039;autres organismes francophones de la r\u00e9gion pour organiser et r\u00e9aliser des activit\u00e9s li\u00e9es \u00e0 la Fiesta.\t\t\t\t\t\t\t\t<\/div>\n\t\t\t\t<\/div>\n\t\t\t\t<div class=\"elementor-element elementor-element-0c1071a elementor-widget elementor-widget-crowdpress-gallery\" data-id=\"0c1071a\" data-element_type=\"widget\" data-e-type=\"widget\" data-widget_type=\"crowdpress-gallery.default\">\n\t\t\t\t<div class=\"elementor-widget-container\">\n\t\t\t\t\t        <div class=\"gallery-content\">\r\n        \t            <div class=\"row gutter\">\r\n                                <div class=\"col-md-4\">\r\n                        <div class=\"single-img-gal\">\r\n                        <img decoding=\"async\" src=\"http:\/\/acfodp.ca\/wp-content\/uploads\/2021\/11\/IMG_3052-370x260_c.webp\" alt=\"gallery image\">\r\n                        <a href=\"http:\/\/acfodp.ca\/wp-content\/uploads\/2021\/11\/IMG_3052.webp\" class=\"image-link\"><i class=\"fal fa-expand\"><\/i><\/a>\r\n                        <\/div>\r\n                    <\/div>\r\n                                        <div class=\"col-md-4\">\r\n                        <div class=\"single-img-gal\">\r\n                        <img decoding=\"async\" src=\"http:\/\/acfodp.ca\/wp-content\/uploads\/2021\/11\/IMG_3022-370x260_c.webp\" alt=\"gallery image\">\r\n                        <a href=\"http:\/\/acfodp.ca\/wp-content\/uploads\/2021\/11\/IMG_3022.webp\" class=\"image-link\"><i class=\"fal fa-expand\"><\/i><\/a>\r\n                        <\/div>\r\n                    <\/div>\r\n                                        <div class=\"col-md-4\">\r\n                        <div class=\"single-img-gal\">\r\n                        <img decoding=\"async\" src=\"http:\/\/acfodp.ca\/wp-content\/uploads\/2021\/11\/achilles-1-370x260_c.webp\" alt=\"gallery image\">\r\n                        <a href=\"http:\/\/acfodp.ca\/wp-content\/uploads\/2021\/11\/achilles-1.webp\" class=\"image-link\"><i class=\"fal fa-expand\"><\/i><\/a>\r\n                        <\/div>\r\n                    <\/div>\r\n                                <\/div>\r\n                 \r\n        <\/div>\r\n\r\n        \t\t\t\t<\/div>\n\t\t\t\t<\/div>\n\t\t\t\t\t<\/div>\n\t\t<\/div>\n\t\t\t\t\t<\/div>\n\t\t<\/section>\n\t\t\t\t<section class=\"elementor-section elementor-top-section elementor-element elementor-element-5efa00f elementor-section-boxed elementor-section-height-default elementor-section-height-default\" data-id=\"5efa00f\" data-element_type=\"section\" data-e-type=\"section\">\n\t\t\t\t\t\t<div class=\"elementor-container elementor-column-gap-default\">\n\t\t\t\t\t<div class=\"elementor-column elementor-col-50 elementor-top-column elementor-element elementor-element-c59ffb8\" data-id=\"c59ffb8\" data-element_type=\"column\" data-e-type=\"column\">\n\t\t\t<div class=\"elementor-widget-wrap elementor-element-populated\">\n\t\t\t\t\t\t<div class=\"elementor-element elementor-element-036dab1 elementor-widget elementor-widget-crowdpress-title\" data-id=\"036dab1\" data-element_type=\"widget\" data-e-type=\"widget\" data-widget_type=\"crowdpress-title.default\">\n\t\t\t\t<div class=\"elementor-widget-container\">\n\t\t\t\t\t        \r\n\t\t<div class=\"heading-content left border-showyes\">\r\n\t\t\t                                <span class=\"sub-title\"> Drapeau franco-ontarien<\/span>\r\n                                                                <h2>LA LEV\u00c9E DU DRAPEAU<\/h2>\r\n                                   \r\n\t\t<\/div>\r\n    \t\t\t\t\t<\/div>\n\t\t\t\t<\/div>\n\t\t\t\t<div class=\"elementor-element elementor-element-027fc4a elementor-widget elementor-widget-text-editor\" data-id=\"027fc4a\" data-element_type=\"widget\" data-e-type=\"widget\" data-widget_type=\"text-editor.default\">\n\t\t\t\t<div class=\"elementor-widget-container\">\n\t\t\t\t\t\t\t\t\tLa lev\u00e9e du drapeau franco-ontarien rassemble des \u00e9tudiants, des organisations et des individus locaux pour hisser fi\u00e8rement leur drapeau lors de la Journ\u00e9e franco-ontarienne. Cet \u00e9v\u00e9nement se d\u00e9roule \u00e0 3 endroits diff\u00e9rents dans notre r\u00e9gion : A Bowmanville, Whitby et Peterborough. C&#039;est une belle fa\u00e7on de montrer la coh\u00e9sion et la solidarit\u00e9 de notre communaut\u00e9 francophone et d&#039;assurer l&#039;avenir de notre r\u00e9gion.\t\t\t\t\t\t\t\t<\/div>\n\t\t\t\t<\/div>\n\t\t\t\t<div class=\"elementor-element elementor-element-66e513e elementor-align-left elementor-widget elementor-widget-button\" data-id=\"66e513e\" data-element_type=\"widget\" data-e-type=\"widget\" data-widget_type=\"button.default\">\n\t\t\t\t<div class=\"elementor-widget-container\">\n\t\t\t\t\t\t\t\t\t<div class=\"elementor-button-wrapper\">\n\t\t\t\t\t<a class=\"elementor-button elementor-button-link elementor-size-md\" href=\"https:\/\/acfodp.ca\/fr\/message-de-lacfo-durham-peterborough-pour-le-jour-des-franco-ontarien-ne-s-2023\/\">\n\t\t\t\t\t\t<span class=\"elementor-button-content-wrapper\">\n\t\t\t\t\t\t<span class=\"elementor-button-icon\">\n\t\t\t\t<i aria-hidden=\"true\" class=\"fas fa-arrow-right\"><\/i>\t\t\t<\/span>\n\t\t\t\t\t\t\t\t\t<span class=\"elementor-button-text\">Message du pr\u00e9sident<\/span>\n\t\t\t\t\t<\/span>\n\t\t\t\t\t<\/a>\n\t\t\t\t<\/div>\n\t\t\t\t\t\t\t\t<\/div>\n\t\t\t\t<\/div>\n\t\t\t\t\t<\/div>\n\t\t<\/div>\n\t\t\t\t<div class=\"elementor-column elementor-col-50 elementor-top-column elementor-element elementor-element-4f8e085\" data-id=\"4f8e085\" data-element_type=\"column\" data-e-type=\"column\" data-settings=\"{&quot;background_background&quot;:&quot;classic&quot;}\">\n\t\t\t<div class=\"elementor-widget-wrap\">\n\t\t\t\t\t\t\t<\/div>\n\t\t<\/div>\n\t\t\t\t\t<\/div>\n\t\t<\/section>\n\t\t\t\t<\/div>","protected":false},"excerpt":{"rendered":"<p>C\u00c9L\u00c9BRATIONS Le comit\u00e9 responsable de la c\u00e9l\u00e9bration est responsable de<\/p>\n<div class=\"read-more-wrapper\"><a class=\"more-link read-more-link\" href=\"https:\/\/acfodp.ca\/fr\/activities-and-projects\/celebrations\/\"><i class=\"fal fa-arrow-right\"><\/i>Lire la suite<\/a><\/div>","protected":false},"author":1,"featured_media":0,"parent":1198,"menu_order":0,"comment_status":"closed","ping_status":"closed","template":"","meta":{"give_campaign_id":0,"inline_featured_image":false,"footnotes":""},"class_list":["post-1201","page","type-page","status-publish","hentry"],"campaignId":"","_links":{"self":[{"href":"https:\/\/acfodp.ca\/fr\/wp-json\/wp\/v2\/pages\/1201","targetHints":{"allow":["GET"]}}],"collection":[{"href":"https:\/\/acfodp.ca\/fr\/wp-json\/wp\/v2\/pages"}],"about":[{"href":"https:\/\/acfodp.ca\/fr\/wp-json\/wp\/v2\/types\/page"}],"author":[{"embeddable":true,"href":"https:\/\/acfodp.ca\/fr\/wp-json\/wp\/v2\/users\/1"}],"replies":[{"embeddable":true,"href":"https:\/\/acfodp.ca\/fr\/wp-json\/wp\/v2\/comments?post=1201"}],"version-history":[{"count":59,"href":"https:\/\/acfodp.ca\/fr\/wp-json\/wp\/v2\/pages\/1201\/revisions"}],"predecessor-version":[{"id":2236,"href":"https:\/\/acfodp.ca\/fr\/wp-json\/wp\/v2\/pages\/1201\/revisions\/2236"}],"up":[{"embeddable":true,"href":"https:\/\/acfodp.ca\/fr\/wp-json\/wp\/v2\/pages\/1198"}],"wp:attachment":[{"href":"https:\/\/acfodp.ca\/fr\/wp-json\/wp\/v2\/media?parent=1201"}],"curies":[{"name":"wp","href":"https:\/\/api.w.org\/{rel}","templated":true}]}}