{"id":1537,"date":"2021-11-14T11:14:12","date_gmt":"2021-11-14T16:14:12","guid":{"rendered":"http:\/\/5xk.ad3.mywebsitetransfer.com\/?page_id=1537"},"modified":"2021-11-27T11:39:14","modified_gmt":"2021-11-27T16:39:14","slug":"francophone-vitality-2","status":"publish","type":"page","link":"https:\/\/acfodp.ca\/en\/activities-and-projects\/francophone-vitality-2\/","title":{"rendered":"Health"},"content":{"rendered":"\t\t<div data-elementor-type=\"wp-page\" data-elementor-id=\"1537\" class=\"elementor elementor-1537\" data-elementor-post-type=\"page\">\n\t\t\t\t\t\t<section class=\"elementor-section elementor-top-section elementor-element elementor-element-7512e3b9 elementor-section-full_width elementor-section-stretched elementor-section-height-default elementor-section-height-default\" data-id=\"7512e3b9\" data-element_type=\"section\" data-e-type=\"section\" data-settings=\"{&quot;stretch_section&quot;:&quot;section-stretched&quot;}\">\n\t\t\t\t\t\t<div class=\"elementor-container elementor-column-gap-default\">\n\t\t\t\t\t<div class=\"elementor-column elementor-col-50 elementor-top-column elementor-element elementor-element-66b260\" data-id=\"66b260\" data-element_type=\"column\" data-e-type=\"column\">\n\t\t\t<div class=\"elementor-widget-wrap elementor-element-populated\">\n\t\t\t\t\t\t<div class=\"elementor-element elementor-element-cd6f368 elementor-widget elementor-widget-image\" data-id=\"cd6f368\" data-element_type=\"widget\" data-e-type=\"widget\" data-widget_type=\"image.default\">\n\t\t\t\t<div class=\"elementor-widget-container\">\n\t\t\t\t\t\t\t\t\t\t\t\t\t\t\t<img fetchpriority=\"high\" decoding=\"async\" width=\"900\" height=\"536\" src=\"https:\/\/acfodp.ca\/wp-content\/uploads\/2021\/11\/5459d9_9f55b1a555ac451bb0429744af0280f1_mv2-1024x610.png\" class=\"attachment-large size-large wp-image-1793\" alt=\"\" srcset=\"https:\/\/acfodp.ca\/wp-content\/uploads\/2021\/11\/5459d9_9f55b1a555ac451bb0429744af0280f1_mv2-1024x610.png 1024w, https:\/\/acfodp.ca\/wp-content\/uploads\/2021\/11\/5459d9_9f55b1a555ac451bb0429744af0280f1_mv2-300x179.png 300w, https:\/\/acfodp.ca\/wp-content\/uploads\/2021\/11\/5459d9_9f55b1a555ac451bb0429744af0280f1_mv2-768x458.png 768w, https:\/\/acfodp.ca\/wp-content\/uploads\/2021\/11\/5459d9_9f55b1a555ac451bb0429744af0280f1_mv2-1536x916.png 1536w, https:\/\/acfodp.ca\/wp-content\/uploads\/2021\/11\/5459d9_9f55b1a555ac451bb0429744af0280f1_mv2-600x358.png 600w, https:\/\/acfodp.ca\/wp-content\/uploads\/2021\/11\/5459d9_9f55b1a555ac451bb0429744af0280f1_mv2.png 1728w\" sizes=\"(max-width: 900px) 100vw, 900px\" \/>\t\t\t\t\t\t\t\t\t\t\t\t\t\t\t<\/div>\n\t\t\t\t<\/div>\n\t\t\t\t\t<\/div>\n\t\t<\/div>\n\t\t\t\t<div class=\"elementor-column elementor-col-50 elementor-top-column elementor-element elementor-element-647b5165\" data-id=\"647b5165\" data-element_type=\"column\" data-e-type=\"column\">\n\t\t\t<div class=\"elementor-widget-wrap elementor-element-populated\">\n\t\t\t\t\t\t<div class=\"elementor-element elementor-element-2446d321 elementor-widget elementor-widget-crowdpress-title\" data-id=\"2446d321\" data-element_type=\"widget\" data-e-type=\"widget\" data-widget_type=\"crowdpress-title.default\">\n\t\t\t\t<div class=\"elementor-widget-container\">\n\t\t\t\t\t        \r\n\t\t<div class=\"heading-content left border-showyes\">\r\n\t\t\t                                <span class=\"sub-title\"> The Francophone vitality<\/span>\r\n                                                                <h2>Health<\/h2>\r\n                                   \r\n\t\t<\/div>\r\n    \t\t\t\t\t<\/div>\n\t\t\t\t<\/div>\n\t\t\t\t<div class=\"elementor-element elementor-element-5796adb6 elementor-widget elementor-widget-text-editor\" data-id=\"5796adb6\" data-element_type=\"widget\" data-e-type=\"widget\" data-widget_type=\"text-editor.default\">\n\t\t\t\t<div class=\"elementor-widget-container\">\n\t\t\t\t\t\t\t\t\t<p>The purpose of the ACFO-DP health committee is to provide a long-term vision for the health file in order to meet the expectations and needs of the francophone and francophile community in the Durham-Peterborough region.<br \/>Access to quality health services in French has a direct impact on the health of Francophones. Therefore,\u00a0ACFO-DP, consider the\u00a0health file as the\u00a0vertical axis that crosses our other strategic axes: youth and education, seniors and francophone vitality.<\/p>\t\t\t\t\t\t\t\t<\/div>\n\t\t\t\t<\/div>\n\t\t\t\t\t<\/div>\n\t\t<\/div>\n\t\t\t\t\t<\/div>\n\t\t<\/section>\n\t\t\t\t<section class=\"elementor-section elementor-top-section elementor-element elementor-element-56950459 elementor-section-boxed elementor-section-height-default elementor-section-height-default\" data-id=\"56950459\" data-element_type=\"section\" data-e-type=\"section\" data-settings=\"{&quot;background_background&quot;:&quot;classic&quot;}\">\n\t\t\t\t\t\t<div class=\"elementor-container elementor-column-gap-default\">\n\t\t\t\t\t<div class=\"elementor-column elementor-col-50 elementor-top-column elementor-element elementor-element-456b0fee\" data-id=\"456b0fee\" data-element_type=\"column\" data-e-type=\"column\" data-settings=\"{&quot;background_background&quot;:&quot;classic&quot;}\">\n\t\t\t<div class=\"elementor-widget-wrap\">\n\t\t\t\t\t\t\t<\/div>\n\t\t<\/div>\n\t\t\t\t<div class=\"elementor-column elementor-col-50 elementor-top-column elementor-element elementor-element-1233cd0c\" data-id=\"1233cd0c\" data-element_type=\"column\" data-e-type=\"column\">\n\t\t\t<div class=\"elementor-widget-wrap elementor-element-populated\">\n\t\t\t\t\t\t<div class=\"elementor-element elementor-element-15edc87d elementor-widget elementor-widget-crowdpress-title\" data-id=\"15edc87d\" data-element_type=\"widget\" data-e-type=\"widget\" data-widget_type=\"crowdpress-title.default\">\n\t\t\t\t<div class=\"elementor-widget-container\">\n\t\t\t\t\t        \r\n\t\t<div class=\"heading-content left border-showyes\">\r\n\t\t\t                                                                <h2>Responsibilities<\/h2>\r\n                                   \r\n\t\t<\/div>\r\n    \t\t\t\t\t<\/div>\n\t\t\t\t<\/div>\n\t\t\t\t<div class=\"elementor-element elementor-element-b4121b7 elementor-icon-list--layout-traditional elementor-list-item-link-full_width elementor-widget elementor-widget-icon-list\" data-id=\"b4121b7\" data-element_type=\"widget\" data-e-type=\"widget\" data-widget_type=\"icon-list.default\">\n\t\t\t\t<div class=\"elementor-widget-container\">\n\t\t\t\t\t\t\t<ul class=\"elementor-icon-list-items\">\n\t\t\t\t\t\t\t<li class=\"elementor-icon-list-item\">\n\t\t\t\t\t\t\t\t\t\t\t<span class=\"elementor-icon-list-icon\">\n\t\t\t\t\t\t\t<i aria-hidden=\"true\" class=\"fas fa-check\"><\/i>\t\t\t\t\t\t<\/span>\n\t\t\t\t\t\t\t\t\t\t<span class=\"elementor-icon-list-text\">Mobilize Francophones in Durham to identify health needs, priorities and solutions that are in line with the major current and future areas of intervention.<\/span>\n\t\t\t\t\t\t\t\t\t<\/li>\n\t\t\t\t\t\t\t\t<li class=\"elementor-icon-list-item\">\n\t\t\t\t\t\t\t\t\t\t\t<span class=\"elementor-icon-list-icon\">\n\t\t\t\t\t\t\t<i aria-hidden=\"true\" class=\"fas fa-check\"><\/i>\t\t\t\t\t\t<\/span>\n\t\t\t\t\t\t\t\t\t\t<span class=\"elementor-icon-list-text\">Provide Entity 4 with community data for prioritizing health services in French.<\/span>\n\t\t\t\t\t\t\t\t\t<\/li>\n\t\t\t\t\t\t\t\t<li class=\"elementor-icon-list-item\">\n\t\t\t\t\t\t\t\t\t\t\t<span class=\"elementor-icon-list-icon\">\n\t\t\t\t\t\t\t<i aria-hidden=\"true\" class=\"fas fa-check\"><\/i>\t\t\t\t\t\t<\/span>\n\t\t\t\t\t\t\t\t\t\t<span class=\"elementor-icon-list-text\">Support ACFO-DP in partnership with Entit\u00e9 4 and the Center-East LHIN in the engagement of Francophone communities for the improvement of French-language services in Durham and assess all strategies related to health and well-being of Francophones in Durham<\/span>\n\t\t\t\t\t\t\t\t\t<\/li>\n\t\t\t\t\t\t<\/ul>\n\t\t\t\t\t\t<\/div>\n\t\t\t\t<\/div>\n\t\t\t\t<div class=\"elementor-element elementor-element-8e1648d elementor-widget elementor-widget-text-editor\" data-id=\"8e1648d\" data-element_type=\"widget\" data-e-type=\"widget\" data-widget_type=\"text-editor.default\">\n\t\t\t\t<div class=\"elementor-widget-container\">\n\t\t\t\t\t\t\t\t\t<p>The Table francophone de concertation en sant\u00e9 de Durham is therefore the result of collaboration between ACFO-DP, the Central East LHIN, Entit\u00e9 4, several health service providers and community organizations. The Table francophone de concertation en sant\u00e9 de Durham is therefore an important initiative for the Francophone community in this region. It will be thanks to the contribution of each of the members of the Table that Entit\u00e9 4 will be able to collect data, information and suggestions on the best means of improving access to health services in French. for Francophones in Durham Region. In addition, the committee defines the priorities of ACFO-DP&#8217;s health file and establishes an action plan to achieve its objectives, after the approval of the Board of Directors.<\/p>\t\t\t\t\t\t\t\t<\/div>\n\t\t\t\t<\/div>\n\t\t\t\t\t<\/div>\n\t\t<\/div>\n\t\t\t\t\t<\/div>\n\t\t<\/section>\n\t\t\t\t<\/div>\n\t\t","protected":false},"excerpt":{"rendered":"<p>The Francophone vitality Health The purpose of the ACFO-DP health<\/p>\n<div class=\"read-more-wrapper\"><a class=\"more-link read-more-link\" href=\"https:\/\/acfodp.ca\/en\/activities-and-projects\/francophone-vitality-2\/\"><i class=\"fal fa-arrow-right\"><\/i>Read More<\/a><\/div>\n","protected":false},"author":1,"featured_media":0,"parent":1198,"menu_order":0,"comment_status":"closed","ping_status":"closed","template":"elementor_header_footer","meta":{"give_campaign_id":0,"inline_featured_image":false,"footnotes":""},"class_list":["post-1537","page","type-page","status-publish","hentry"],"campaignId":"","_links":{"self":[{"href":"https:\/\/acfodp.ca\/en\/wp-json\/wp\/v2\/pages\/1537","targetHints":{"allow":["GET"]}}],"collection":[{"href":"https:\/\/acfodp.ca\/en\/wp-json\/wp\/v2\/pages"}],"about":[{"href":"https:\/\/acfodp.ca\/en\/wp-json\/wp\/v2\/types\/page"}],"author":[{"embeddable":true,"href":"https:\/\/acfodp.ca\/en\/wp-json\/wp\/v2\/users\/1"}],"replies":[{"embeddable":true,"href":"https:\/\/acfodp.ca\/en\/wp-json\/wp\/v2\/comments?post=1537"}],"version-history":[{"count":29,"href":"https:\/\/acfodp.ca\/en\/wp-json\/wp\/v2\/pages\/1537\/revisions"}],"predecessor-version":[{"id":1811,"href":"https:\/\/acfodp.ca\/en\/wp-json\/wp\/v2\/pages\/1537\/revisions\/1811"}],"up":[{"embeddable":true,"href":"https:\/\/acfodp.ca\/en\/wp-json\/wp\/v2\/pages\/1198"}],"wp:attachment":[{"href":"https:\/\/acfodp.ca\/en\/wp-json\/wp\/v2\/media?parent=1537"}],"curies":[{"name":"wp","href":"https:\/\/api.w.org\/{rel}","templated":true}]}}