{"id":2118,"date":"2022-09-15T14:33:53","date_gmt":"2022-09-15T18:33:53","guid":{"rendered":"https:\/\/acfodp.ca\/?page_id=2118"},"modified":"2022-09-15T14:44:37","modified_gmt":"2022-09-15T18:44:37","slug":"facc-2022-2023","status":"publish","type":"page","link":"http:\/\/acfodp.ca\/fr\/activities-and-projects\/facc-2022-2023\/","title":{"rendered":"FACC 2022-2023"},"content":{"rendered":"<div data-elementor-type=\"wp-page\" data-elementor-id=\"2118\" class=\"elementor elementor-2118\" data-elementor-post-type=\"page\">\n\t\t\t\t\t\t<section class=\"elementor-section elementor-top-section elementor-element elementor-element-0ae6526 elementor-section-boxed elementor-section-height-default elementor-section-height-default\" data-id=\"0ae6526\" data-element_type=\"section\" data-e-type=\"section\">\n\t\t\t\t\t\t<div class=\"elementor-container elementor-column-gap-default\">\n\t\t\t\t\t<div class=\"elementor-column elementor-col-100 elementor-top-column elementor-element elementor-element-91bdbea\" data-id=\"91bdbea\" data-element_type=\"column\" data-e-type=\"column\">\n\t\t\t<div class=\"elementor-widget-wrap elementor-element-populated\">\n\t\t\t\t\t\t<div class=\"elementor-element elementor-element-ff22de1 elementor-widget elementor-widget-crowdpress-title\" data-id=\"ff22de1\" data-element_type=\"widget\" data-e-type=\"widget\" data-widget_type=\"crowdpress-title.default\">\n\t\t\t\t<div class=\"elementor-widget-container\">\n\t\t\t\t\t        \r\n\t\t<div class=\"heading-content left border-showyes\">\r\n\t\t\t                                <span class=\"sub-title\"> FACC<\/span>\r\n                                                                <h2>FACC 2022-2023<\/h2>\r\n                                   \r\n\t\t<\/div>\r\n    \t\t\t\t\t<\/div>\n\t\t\t\t<\/div>\n\t\t\t\t<div class=\"elementor-element elementor-element-faa1df9 elementor-widget elementor-widget-text-editor\" data-id=\"faa1df9\" data-element_type=\"widget\" data-e-type=\"widget\" data-widget_type=\"text-editor.default\">\n\t\t\t\t<div class=\"elementor-widget-container\">\n\t\t\t\t\t\t\t\t\t<p class=\"font_8\">Dans quelques semaines, l'Assembl\u00e9e des communaut\u00e9s francophones de l\u2019Ontario Durham-Peterborough (ACFO-DP) lancera une nouvelle initiative interg\u00e9n\u00e9rationnelle qui promet d\u2019att\u00e9nuer la solitude des jeunes franco-ontarien(ne)s et celle des a\u00een\u00e9(e)s.<\/p><p class=\"font_8 translation-block\">Dans le cadre de sa mission de d\u00e9veloppement communautaire, et avec le Fond d'action pr\u00e9c\u00e9dent, l'ACFO-DP a su viser plus directement les a\u00een\u00e9-e-s et les jeunes francophones en temps de pand\u00e9mie. En faisant appel \u00e0 des intervenants francophones de la r\u00e9gion et en s'outillant sur les plateformes num\u00e9riques, l'ACFO-DP a pu rassembler les jeunes et les a\u00een\u00e9-e-s dans ces divers univers, contribuant \u00e0 l'am\u00e9lioration de leur sant\u00e9 mentale.<\/p><p class=\"font_8 translation-block\">Avec le pr\u00e9sent projet, les jeunes comme les a\u00een\u00e9-e-s auront l'occasion de retourner sur une p\u00e9riode difficile, d'en discuter de leurs points de vue respectifs, de partager les le\u00e7ons de vie qu'ils en ont tir\u00e9, et de c\u00e9l\u00e9brer l'avenir de la francophonie, sa contribution aux arts et \u00e0 la culture, son importance socio\u00e9conomique et son r\u00f4le dans une soci\u00e9t\u00e9 plus responsable, plus ouverte, plus prosp\u00e8re, plus inclusive. La pr\u00e9sentation qui cl\u00f4turera le forum sera le produit de la compilation des ces \u00e9changes et de son expression \u00e0 travers les arts de la sc\u00e8ne.<\/p><p class=\"font_8 translation-block\">L\u2019ACFO-DP est fi\u00e8re d\u2019avoir le support de Patrimoine Canada pour d\u00e9velopper un programme qui va, sans aucun doute, briser les deux solitudes.<\/p>\t\t\t\t\t\t\t\t<\/div>\n\t\t\t\t<\/div>\n\t\t\t\t\t<\/div>\n\t\t<\/div>\n\t\t\t\t\t<\/div>\n\t\t<\/section>\n\t\t\t\t<section class=\"elementor-section elementor-top-section elementor-element elementor-element-a7de48a elementor-section-boxed elementor-section-height-default elementor-section-height-default\" data-id=\"a7de48a\" data-element_type=\"section\" data-e-type=\"section\">\n\t\t\t\t\t\t<div class=\"elementor-container elementor-column-gap-default\">\n\t\t\t\t\t<div class=\"elementor-column elementor-col-100 elementor-top-column elementor-element elementor-element-6ed51fc\" data-id=\"6ed51fc\" data-element_type=\"column\" data-e-type=\"column\">\n\t\t\t<div class=\"elementor-widget-wrap elementor-element-populated\">\n\t\t\t\t\t\t<div class=\"elementor-element elementor-element-717cf5b elementor-button-success elementor-align-center elementor-widget elementor-widget-button\" data-id=\"717cf5b\" data-element_type=\"widget\" data-e-type=\"widget\" data-widget_type=\"button.default\">\n\t\t\t\t<div class=\"elementor-widget-container\">\n\t\t\t\t\t\t\t\t\t<div class=\"elementor-button-wrapper\">\n\t\t\t\t\t<a class=\"elementor-button elementor-button-link elementor-size-lg\" href=\"https:\/\/acfodp.ca\/wp-content\/uploads\/2022\/09\/COMMUNIQUE-PRESSE-FACC-2022-2023.pdf\">\n\t\t\t\t\t\t<span class=\"elementor-button-content-wrapper\">\n\t\t\t\t\t\t<span class=\"elementor-button-icon\">\n\t\t\t\t<i aria-hidden=\"true\" class=\"fas fa-download\"><\/i>\t\t\t<\/span>\n\t\t\t\t\t\t\t\t\t<span class=\"elementor-button-text\">T\u00e9l\u00e9charger le communiqu\u00e9 de presse<\/span>\n\t\t\t\t\t<\/span>\n\t\t\t\t\t<\/a>\n\t\t\t\t<\/div>\n\t\t\t\t\t\t\t\t<\/div>\n\t\t\t\t<\/div>\n\t\t\t\t\t<\/div>\n\t\t<\/div>\n\t\t\t\t\t<\/div>\n\t\t<\/section>\n\t\t\t\t<section class=\"elementor-section elementor-top-section elementor-element elementor-element-7bae049 elementor-section-boxed elementor-section-height-default elementor-section-height-default\" data-id=\"7bae049\" data-element_type=\"section\" data-e-type=\"section\">\n\t\t\t\t\t\t<div class=\"elementor-container elementor-column-gap-default\">\n\t\t\t\t\t<div class=\"elementor-column elementor-col-20 elementor-top-column elementor-element elementor-element-af0ed8a\" data-id=\"af0ed8a\" data-element_type=\"column\" data-e-type=\"column\">\n\t\t\t<div class=\"elementor-widget-wrap\">\n\t\t\t\t\t\t\t<\/div>\n\t\t<\/div>\n\t\t\t\t<div class=\"elementor-column elementor-col-20 elementor-top-column elementor-element elementor-element-174ccdd\" data-id=\"174ccdd\" data-element_type=\"column\" data-e-type=\"column\">\n\t\t\t<div class=\"elementor-widget-wrap elementor-element-populated\">\n\t\t\t\t\t\t<div class=\"elementor-element elementor-element-691eba0 elementor-widget elementor-widget-image\" data-id=\"691eba0\" data-element_type=\"widget\" data-e-type=\"widget\" data-widget_type=\"image.default\">\n\t\t\t\t<div class=\"elementor-widget-container\">\n\t\t\t\t\t\t\t\t\t\t\t\t\t\t\t<img fetchpriority=\"high\" decoding=\"async\" width=\"900\" height=\"115\" src=\"https:\/\/acfodp.ca\/wp-content\/uploads\/2021\/11\/1200px-Patrimoine_Canada.svg-1024x131.png\" class=\"attachment-large size-large wp-image-1432\" alt=\"\" srcset=\"https:\/\/acfodp.ca\/wp-content\/uploads\/2021\/11\/1200px-Patrimoine_Canada.svg-1024x131.png 1024w, https:\/\/acfodp.ca\/wp-content\/uploads\/2021\/11\/1200px-Patrimoine_Canada.svg-300x38.png 300w, https:\/\/acfodp.ca\/wp-content\/uploads\/2021\/11\/1200px-Patrimoine_Canada.svg-768x98.png 768w, https:\/\/acfodp.ca\/wp-content\/uploads\/2021\/11\/1200px-Patrimoine_Canada.svg-600x77.png 600w, https:\/\/acfodp.ca\/wp-content\/uploads\/2021\/11\/1200px-Patrimoine_Canada.svg.png 1200w\" sizes=\"(max-width: 900px) 100vw, 900px\" \/>\t\t\t\t\t\t\t\t\t\t\t\t\t\t\t<\/div>\n\t\t\t\t<\/div>\n\t\t\t\t\t<\/div>\n\t\t<\/div>\n\t\t\t\t<div class=\"elementor-column elementor-col-20 elementor-top-column elementor-element elementor-element-7796794\" data-id=\"7796794\" data-element_type=\"column\" data-e-type=\"column\">\n\t\t\t<div class=\"elementor-widget-wrap\">\n\t\t\t\t\t\t\t<\/div>\n\t\t<\/div>\n\t\t\t\t<div class=\"elementor-column elementor-col-20 elementor-top-column elementor-element elementor-element-6a37045\" data-id=\"6a37045\" data-element_type=\"column\" data-e-type=\"column\">\n\t\t\t<div class=\"elementor-widget-wrap elementor-element-populated\">\n\t\t\t\t\t\t<div class=\"elementor-element elementor-element-5caa28d elementor-widget elementor-widget-image\" data-id=\"5caa28d\" data-element_type=\"widget\" data-e-type=\"widget\" data-widget_type=\"image.default\">\n\t\t\t\t<div class=\"elementor-widget-container\">\n\t\t\t\t\t\t\t\t\t\t\t\t\t\t\t<img decoding=\"async\" width=\"900\" height=\"450\" src=\"https:\/\/acfodp.ca\/wp-content\/uploads\/2022\/09\/ACFO-LOGO.png\" class=\"attachment-large size-large wp-image-2111\" alt=\"\" srcset=\"https:\/\/acfodp.ca\/wp-content\/uploads\/2022\/09\/ACFO-LOGO.png 980w, https:\/\/acfodp.ca\/wp-content\/uploads\/2022\/09\/ACFO-LOGO-300x150.png 300w, https:\/\/acfodp.ca\/wp-content\/uploads\/2022\/09\/ACFO-LOGO-768x384.png 768w, https:\/\/acfodp.ca\/wp-content\/uploads\/2022\/09\/ACFO-LOGO-18x9.png 18w, https:\/\/acfodp.ca\/wp-content\/uploads\/2022\/09\/ACFO-LOGO-600x300.png 600w\" sizes=\"(max-width: 900px) 100vw, 900px\" \/>\t\t\t\t\t\t\t\t\t\t\t\t\t\t\t<\/div>\n\t\t\t\t<\/div>\n\t\t\t\t\t<\/div>\n\t\t<\/div>\n\t\t\t\t<div class=\"elementor-column elementor-col-20 elementor-top-column elementor-element elementor-element-17c8896\" data-id=\"17c8896\" data-element_type=\"column\" data-e-type=\"column\">\n\t\t\t<div class=\"elementor-widget-wrap\">\n\t\t\t\t\t\t\t<\/div>\n\t\t<\/div>\n\t\t\t\t\t<\/div>\n\t\t<\/section>\n\t\t\t\t<\/div>","protected":false},"excerpt":{"rendered":"<p>FACC FACC 2022-2023 Dans quelques semaines, l&#039;Assembl\u00e9e des<\/p>\n<div class=\"read-more-wrapper\"><a class=\"more-link read-more-link\" href=\"http:\/\/acfodp.ca\/fr\/activities-and-projects\/facc-2022-2023\/\"><i class=\"fal fa-arrow-right\"><\/i>Lire la suite<\/a><\/div>","protected":false},"author":1,"featured_media":0,"parent":1198,"menu_order":0,"comment_status":"closed","ping_status":"closed","template":"elementor_header_footer","meta":{"give_campaign_id":0,"inline_featured_image":false,"footnotes":""},"class_list":["post-2118","page","type-page","status-publish","hentry"],"campaignId":"","_links":{"self":[{"href":"http:\/\/acfodp.ca\/fr\/wp-json\/wp\/v2\/pages\/2118","targetHints":{"allow":["GET"]}}],"collection":[{"href":"http:\/\/acfodp.ca\/fr\/wp-json\/wp\/v2\/pages"}],"about":[{"href":"http:\/\/acfodp.ca\/fr\/wp-json\/wp\/v2\/types\/page"}],"author":[{"embeddable":true,"href":"http:\/\/acfodp.ca\/fr\/wp-json\/wp\/v2\/users\/1"}],"replies":[{"embeddable":true,"href":"http:\/\/acfodp.ca\/fr\/wp-json\/wp\/v2\/comments?post=2118"}],"version-history":[{"count":4,"href":"http:\/\/acfodp.ca\/fr\/wp-json\/wp\/v2\/pages\/2118\/revisions"}],"predecessor-version":[{"id":2123,"href":"http:\/\/acfodp.ca\/fr\/wp-json\/wp\/v2\/pages\/2118\/revisions\/2123"}],"up":[{"embeddable":true,"href":"http:\/\/acfodp.ca\/fr\/wp-json\/wp\/v2\/pages\/1198"}],"wp:attachment":[{"href":"http:\/\/acfodp.ca\/fr\/wp-json\/wp\/v2\/media?parent=2118"}],"curies":[{"name":"wp","href":"https:\/\/api.w.org\/{rel}","templated":true}]}}